{"id":212,"date":"2024-10-15T18:26:00","date_gmt":"2024-10-15T18:26:00","guid":{"rendered":"https:\/\/fraeuleinm.de\/?page_id=212"},"modified":"2025-02-03T21:20:38","modified_gmt":"2025-02-03T19:20:38","slug":"impressum","status":"publish","type":"page","link":"https:\/\/fraeuleinm.de\/?page_id=212","title":{"rendered":"Impressum"},"content":{"rendered":"\n<p>Melanie Hiller<br>Fr\u00e4ulein M &#8211; mit Liebe handgemacht<br>Auf der Windschnur 32<br>94469 Deggendorf<\/p>\n\n\n\n<p><br><strong>Kontakt<\/strong><br>Telefon: +49 160 99149465<br>E-Mail: hallo@fraeuleinm.de<\/p>\n\n\n\n<p><br><strong>EU-Streitschlichtung<\/strong><br>Die Europ\u00e4ische Kommission stellt eine Plattform zur Online-Streitbeilegung (OS) bereit:<br>https:\/\/ec.europa.eu\/consumers\/odr\/. Unsere E-Mail-Adresse finden Sie oben im Impressum.<br>Verbraucherstreitbeilegung\/Universalschlichtungsstelle Wir sind nicht bereit oder verpflichtet,<br>an Streitbeilegungsverfahren vor einer Verbraucherschlichtungsstelle teilzunehmen. Quelle:<br>https:\/\/www.e-recht24.de\/impressum-generator.html<\/p>\n\n\n\n<p><br><strong>Urheberrecht<\/strong><br>Die durch die Seitenbetreiber erstellten Inhalte und Werke auf diesen Seiten unterliegen dem<br>deutschen Urheberrecht. Die Vervielf\u00e4ltigung, Bearbeitung, Verbreitung und jede Art der<br>Verwertung au\u00dferhalb der Grenzen des Urheberrechtes bed\u00fcrfen der schriftlichen<br>Zustimmung des jeweiligen Autors bzw. Erstellers. Downloads und Kopien dieser Seite sind<br>nur f\u00fcr den privaten, nicht kommerziellen Gebrauch gestattet.<br>Soweit die Inhalte auf dieser Seite nicht vom Betreiber erstellt wurden, werden die<br>Urheberrechte Dritter beachtet. Insbesondere werden Inhalte Dritter als solche<br>gekennzeichnet. Sollten Sie trotzdem auf eine Urheberrechtsverletzung aufmerksam werden,<br>bitten wir um einen entsprechenden Hinweis. Bei Bekanntwerden von Rechtsverletzungen<br>werden wir derartige Inhalte umgehend entfernen.<br>Bildquellen \/ Urheberrechtskennzeichnung:<\/p>\n\n\n\n<ul class=\"wp-block-list\">\n<li>Eigene Bilder<\/li>\n\n\n\n<li>Bilder bereitgestellt von Canva<\/li>\n<\/ul>\n\n\n\n<p>Dieses Impressum gilt auch f\u00fcr unsere Social-Media-Konten:<br>Instagram: https:\/\/www.instagram.com\/das.fraeulein.m\/<br>Facebook: https:\/\/www.facebook.com\/profile.php?id=10006517533146<\/p>\n","protected":false},"excerpt":{"rendered":"<p>Melanie HillerFr\u00e4ulein M &#8211; mit Liebe handgemachtAuf der Windschnur 3294469 Deggendorf KontaktTelefon: +49 160 99149465E-Mail: hallo@fraeuleinm.de EU-StreitschlichtungDie Europ\u00e4ische Kommission stellt eine Plattform zur Online-Streitbeilegung (OS) bereit:https:\/\/ec.europa.eu\/consumers\/odr\/. Unsere E-Mail-Adresse finden Sie &hellip; <\/p>\n","protected":false},"author":1,"featured_media":0,"parent":0,"menu_order":10,"comment_status":"closed","ping_status":"closed","template":"","meta":{"footnotes":""},"class_list":["post-212","page","type-page","status-publish","hentry"],"_links":{"self":[{"href":"https:\/\/fraeuleinm.de\/index.php?rest_route=\/wp\/v2\/pages\/212","targetHints":{"allow":["GET"]}}],"collection":[{"href":"https:\/\/fraeuleinm.de\/index.php?rest_route=\/wp\/v2\/pages"}],"about":[{"href":"https:\/\/fraeuleinm.de\/index.php?rest_route=\/wp\/v2\/types\/page"}],"author":[{"embeddable":true,"href":"https:\/\/fraeuleinm.de\/index.php?rest_route=\/wp\/v2\/users\/1"}],"replies":[{"embeddable":true,"href":"https:\/\/fraeuleinm.de\/index.php?rest_route=%2Fwp%2Fv2%2Fcomments&post=212"}],"version-history":[{"count":2,"href":"https:\/\/fraeuleinm.de\/index.php?rest_route=\/wp\/v2\/pages\/212\/revisions"}],"predecessor-version":[{"id":245,"href":"https:\/\/fraeuleinm.de\/index.php?rest_route=\/wp\/v2\/pages\/212\/revisions\/245"}],"wp:attachment":[{"href":"https:\/\/fraeuleinm.de\/index.php?rest_route=%2Fwp%2Fv2%2Fmedia&parent=212"}],"curies":[{"name":"wp","href":"https:\/\/api.w.org\/{rel}","templated":true}]}}