{"id":214,"date":"2024-10-15T20:08:37","date_gmt":"2024-10-15T20:08:37","guid":{"rendered":"https:\/\/fraeuleinm.de\/?page_id=214"},"modified":"2025-02-03T21:20:48","modified_gmt":"2025-02-03T19:20:48","slug":"allgemeine-geschaeftsbedingungen","status":"publish","type":"page","link":"https:\/\/fraeuleinm.de\/?page_id=214","title":{"rendered":"Allgemeine Gesch\u00e4ftsbedingungen"},"content":{"rendered":"\n<ol style=\"text-align: justify\" class=\"wp-block-list\">\n<li style=\"font-weight:bold\">Geltungsbereich<span style=\"font-weight:normal\">\n<p>Unsere Allgemeinen Gesch\u00e4ftsdingungen gelten f\u00fcr alle Vertr\u00e4ge zur Lieferung von Waren, die ein Verbraucher (nachfolgend \u201eK\u00e4ufer\u201c) mit dem Verk\u00e4ufer hinsichtlich der vom Verk\u00e4ufer in seinem Online-Shop dargestellten Waren abschlie\u00dft. Hiermit wird der Einbeziehung von eigenen Bedingungen des K\u00e4ufers widersprochen, es sei denn, es ist etwas anderes vereinbart.<\/p><p>Unser Online-Shop richtet sich ausschlie\u00dflich an Verbraucher. Verbraucher ist jede nat\u00fcrliche Person, die ein Rechtsgesch\u00e4ft zu Zwecken abschlie\u00dft, die \u00fcberwiegend weder ihrer gewerblichen noch ihrer selbst\u00e4ndigen beruflichen T\u00e4tigkeit zugerechnet werden k\u00f6nnen.<\/p><p>Unternehmer ist eine nat\u00fcrliche oder juristische Person oder eine rechtsf\u00e4hige Personengesellschaft, die bei Abschluss eines Rechtsgesch\u00e4fts in Aus\u00fcbung ihrer gewerblichen oder selbst\u00e4ndigen beruflichen T\u00e4tigkeit handelt.<\/p><br><\/span>\n<\/li>\n\n\n<li style=\"font-weight:bold\">Vertragsschluss<span style=\"font-weight:normal\">\n<p>Der Kaufvertrag kommt zustande mit Melanie Hiller &#8211; Fr\u00e4ulein M &#8211; (nachfolgend &#8222;Verk\u00e4ufer&#8220; genannt).<\/p><p>Die Darstellung der Produkte im Online-Shop oder auch im WhatsApp-Produktkatalog stellt kein rechtlich bindendes Angebot, sondern einen unverbindlichen Online-Katalog dar und dient zur Abgabe eines verbindlichen Angebots durch den K\u00e4ufer.<\/p><p>Der K\u00e4ufer kann das Angebot \u00fcber das im Online-Shop integrierte Online-Anfrageformular, per E-Mail oder Kontaktaufnahme \u00fcber WhatsApp gegen\u00fcber dem Verk\u00e4ufer abgeben.<\/p><p>Der Verk\u00e4ufer kann das Angebot des Kunden innerhalb von zwei Tagen annehmen,<\/p><ul><li>indem dieser dem K\u00e4ufer eine schriftliche Auftragsbest\u00e4tigung oder eine Auftragsbest\u00e4tigung in Textform \u00fcbermittelt, wobei insoweit der Zugang der Auftragsbest\u00e4tigung beim K\u00e4ufer ma\u00dfgeblich ist, oder<\/li><li>indem er den K\u00e4ufer nach Abgabe von dessen Bestellung zur Zahlung mittels Rechnung auffordert.<\/li><\/ul><p>Liegen mehrere der vorgenannten Alternativen vor, kommt der Vertrag in dem Zeitpunkt zustande, in dem eine der vorgenannten Alternativen zuerst eintritt. Die Frist zur Annahme des Angebots beginnt am Tag nach der Absendung des Angebots durch den K\u00e4ufer zu laufen und endet mit dem Ablauf des zweiten Tages, welcher auf die Absendung des Angebots folgt. Nimmt der Verk\u00e4ufer das Angebot des K\u00e4ufers innerhalb vorgenannter Frist nicht an, so gilt dies als Ablehnung des Angebots mit der Folge, dass der K\u00e4ufer nicht mehr an seine Willenserkl\u00e4rung gebunden ist.<\/p><p>Bei der Abgabe eines Angebots \u00fcber das Online-Anfrageformulars des Verk\u00e4ufers wird der Vertragstext nach dem Vertragsschluss vom Verk\u00e4ufer gespeichert und dem Kunden nach Absendung von dessen Bestellung in Textform \u00fcbermittelt. Eine dar\u00fcber hinaus gehende Zug\u00e4nglichmachung des Vertragstextes durch den Verk\u00e4ufer erfolgt nicht.<\/p><p>Die Bestellabwicklung und Kontaktaufnahme finden in der Regel per E-Mail oder auch per WhatsApp statt, sofern hier\u00fcber das Angebot abgegeben wurde bzw. der Vertrag zustande gekommen ist. Der K\u00e4ufer hat sicherzustellen, dass die von ihm zur Bestellabwicklung angegebene E-Mail-Adresse zutreffend ist, so dass unter dieser Adresse die vom Verk\u00e4ufer versandten E-Mails empfangen werden k\u00f6nnen. Insbesondere hat der Kunde bei dem Einsatz von SPAM-Filtern sicherzustellen, dass alle vom Verk\u00e4ufer versandten E-Mails zugestellt werden k\u00f6nnen.<\/p><p>F\u00fcr den Vertragsschluss steht die deutsche Sprache zur Verf\u00fcgung.<\/p><br><\/span>\n<\/li>\n\n\n<li style=\"font-weight:bold\">Widerrufsrecht<span style=\"font-weight:normal\">\n<p>Dem K\u00e4ufer steht grunds\u00e4tzlich ein Widerrufsrecht zu.<\/p><p>N\u00e4here Informationen zum Widerrufsrecht ergeben sich aus der Widerrufsbelehrung des Verk\u00e4ufers.<\/p><p>Das Widerrufsrecht des K\u00e4ufers ist bei eigens f\u00fcr ihn individualisierten Waren ausgeschlossen.<\/p><br><\/span>\n<\/li>\n\n\n<li style=\"font-weight:bold\">Lieferbedingungen<span style=\"font-weight:normal\">\n<p><strong>Versandkosten<\/strong><\/p><p>Zuz\u00fcglich zu den angegebenen Produktpreisen kommen bei dem Standardversand noch Versandkosten hinzu. Diese richten sich nach dem Verpackungsma\u00dfe des jeweiligen Produkts.<\/p><p>Bietet der Verk\u00e4ufer den Versand der Ware an, so erfolgt die Lieferung innerhalb des vom<\/p><p>Verk\u00e4ufer angegebenen Liefergebietes an die vom K\u00e4ufer angegebene Lieferanschrift, sofern nichts anderes vereinbart ist. Bei der Abwicklung der Transaktion ist die in der Bestellabwicklung des Verk\u00e4ufers angegebene Lieferanschrift ma\u00dfgeblich.<\/p><p>Scheitert die Zustellung der Ware aus Gr\u00fcnden, die der K\u00e4ufer zu vertreten hat, tr\u00e4gt dieser die dem Verk\u00e4ufer hierdurch entstehenden angemessenen Kosten. Dies gilt im Hinblick auf die Kosten f\u00fcr die Hinsendung nicht, wenn der Kunde sein Widerrufsrecht wirksam aus\u00fcbt. F\u00fcr die R\u00fccksendekosten gilt bei wirksamer Aus\u00fcbung des Widerrufsrechts durch den Kunden die in der Widerrufsbelehrung des Verk\u00e4ufers hierzu getroffene Regelung.<\/p><p>Bietet der Verk\u00e4ufer die Ware zur Abholung an, so kann der K\u00e4ufer die bestellte Ware nach Vereinbarung mit dem Verk\u00e4ufer unter der vom Verk\u00e4ufer angegebenen Adresse abholen. In diesem Fall werden keine Versandkosten berechnet.<\/p><p>In der Regel wird die Ware vom Verk\u00e4ufer innerhalb 5 Werktagen versendet.<\/p><p>Personalisierte Produkte werden in der Regel innerhalb von l\u00e4ngstens 10 Werktagen versendet. Der Verk\u00e4ufer informiert den K\u00e4ufer hier\u00fcber.<\/p><br><\/span>\n<\/li>\n\n\n<li style=\"font-weight:bold\">Preise und Zahlungsbedingungen<span style=\"font-weight:normal\">\n<p><strong>Preise<\/strong><\/p><p>Es gelten die zum Zeitpunkt der Bestellung angegebenen Preise. Alle angegebenen Preise sind Endpreise, ggf. zzgl. Liefer-\/Versandkosten. Aufgrund des Kleinunternehmerstatus gem. \u00a7 19 UstG wird keine Umsatzsteuer erhoben und wird daher auch nicht ausgewiesen.<\/p><p><strong>Zahlungsarten<\/strong><\/p><p>Der K\u00e4ufer kann grunds\u00e4tzlich zwischen den nachfolgenden Zahlungsarten w\u00e4hlen:<\/p><ul><li>Vorkasse\u00fcberweisung<br>Bei Auswahl der Zahlungsart \u201eVorkasse\u00fcberweisung\u201c wird dem K\u00e4ufer die Bankverbindung des Verk\u00e4ufers in separater E-Mail bzw. in der Rechnung mitgeteilt.<\/li><li>Paypal<br>Bei Auswahl der Zahlungsart \u201ePaypal\u201c tr\u00e4gt der K\u00e4ufer die Kosten f\u00fcr die K\u00e4uferschutzgeb\u00fchr in H\u00f6he von 2,49% des Gesamtpreises + 0,35\u20ac. Diese Kosten werden separat in der Rechnung an den K\u00e4ufer aufgef\u00fchrt.<\/li><\/ul><p>Bei Auswahl einer von PayPal angebotenen Zahlungsart erfolgt die Zahlungsabwicklung \u00fcber den Zahlungsdienstleister PayPal (Europe) S.\u00e0 r.l. et Cie, S.C.A., 22-24 Boulevard Royal, L-2449 Luxemburg (im Folgenden: \u201ePayPal\u201c), unter Geltung der PayPal-Nutzungsbedingungen, einsehbar unter https:\/\/www.paypal.com\/de\/webapps\/mpp\/ua\/useragreement-full oder &#8211; falls der K\u00e4ufer nicht \u00fcber ein PayPal-Konto verf\u00fcgt \u2013 unter Geltung der Bedingungen f\u00fcr Zahlungen ohne PayPal-Konto, einsehbar unter https:\/\/www.paypal.com\/de\/webapps\/mpp\/ua\/privacywax-full.<\/p><p>Die Lieferung bzw. Herstellung individueller und personalisierter Ware erfolgt nach Zahlungseingang.<\/p><br><\/span>\n<\/li>\n\n\n<li style=\"font-weight:bold\">Eigentumsvorbehalt<span style=\"font-weight:normal\">\n<p>Tritt der Verk\u00e4ufer in Vorleistung, beh\u00e4lt er sich bis zur vollst\u00e4ndigen Bezahlung des geschuldeten Kaufpreises das Eigentum an der gelieferten Ware vor.<\/p><br><\/span>\n<\/li>\n\n\n<li style=\"font-weight:bold\">M\u00e4ngelhaftung<span style=\"font-weight:normal\">\n<p>Es gilt das gesetzliche M\u00e4ngelhaftungsrecht.<\/p><br><\/span>\n<\/li>\n\n\n<li style=\"font-weight:bold\">Transportsch\u00e4den<span style=\"font-weight:normal\">\n<p>Werden dem K\u00e4ufer Waren mit offensichtlichen Transportsch\u00e4den angeliefert, so hat der K\u00e4ufer solche Fehler bitte m\u00f6glichst sofort beim Zusteller zu reklamieren. Der K\u00e4ufer wird au\u00dferdem gebeten, unverz\u00fcglich Kontakt mit dem Verk\u00e4ufer aufzunehmen und Bilder des Schadens einzusenden. Die Vers\u00e4umung einer Reklamation oder Kontaktaufnahme hat f\u00fcr die gesetzlichen Anspr\u00fcche des K\u00e4ufers und deren Durchsetzung, insbesondere Ihre Gew\u00e4hrleistungsrechte, keinerlei Konsequenzen. Der K\u00e4ufer hilft dem Verk\u00e4ufer aber eigenen Anspr\u00fcche gegen\u00fcber dem Frachtf\u00fchrer bzw. der Transportversicherung geltend machen zu k\u00f6nnen.<\/p><br><\/span>\n<\/li>\n\n\n<li style=\"font-weight:bold\">Bedingungen f\u00fcr die Anfertigung von Waren nach bestimmten Vorgaben des K\u00e4ufers<span style=\"font-weight:normal\">\n<p>Schuldet der Verk\u00e4ufer nach dem Inhalt des Vertrages neben der Lieferung auch die Verarbeitung der Ware nach bestimmten Vorgaben des K\u00e4ufers, hat der K\u00e4ufer dem Verk\u00e4ufer alle f\u00fcr die Anfertigung erforderlichen Inhalte wie Texte, Bilder etc. zur Verf\u00fcgung zu stellen und ihm die hierf\u00fcr erforderlichen Nutzungsrechte einzur\u00e4umen. F\u00fcr die Beschaffung und den Rechteerwerb an diesen Inhalten ist allein der K\u00e4ufer verantwortlich. Der K\u00e4ufer erkl\u00e4rt und \u00fcbernimmt die Verantwortung daf\u00fcr, dass er das Recht besitzt, die dem Verk\u00e4ufer \u00fcberlassenen Inhalte zu nutzen. Er tr\u00e4gt insbesondere daf\u00fcr Sorge, dass hierdurch keine Rechte Dritter, insbesondere Urheber-, Marken- und Pers\u00f6nlichkeitsrechte, verletzt werden.<\/p><p>Der K\u00e4ufer stellt den Verk\u00e4ufer von Anspr\u00fcchen Dritter frei, die diese im Zusammenhang mit einer Verletzung ihrer Rechte durch die vertragsgem\u00e4\u00dfe Nutzung der Inhalte des K\u00e4ufers durch den Verk\u00e4ufer diesem gegen\u00fcber geltend machen k\u00f6nnen. Der K\u00e4ufer \u00fcbernimmt hierbei auch die notwendigen Kosten der Rechtsverteidigung einschlie\u00dflich aller Gerichts- und Anwaltskosten in gesetzlicher H\u00f6he. Dies gilt nicht, wenn die Rechtsverletzung vom K\u00e4ufer nicht zu vertreten ist. Der K\u00e4ufer ist verpflichtet, dem Verk\u00e4ufer im Falle einer Inanspruchnahme durch Dritte unverz\u00fcglich, wahrheitsgem\u00e4\u00df und vollst\u00e4ndig alle Informationen zur Verf\u00fcgung zu stellen, die f\u00fcr die Pr\u00fcfung der Anspr\u00fcche und eine Verteidigung erforderlich sind.<\/p><p>Der Verk\u00e4ufer beh\u00e4lt sich vor, Verarbeitungsauftr\u00e4ge abzulehnen.<\/p><br><\/span>\n<\/li>\n\n\n<li style=\"font-weight:bold\">Anwendbares Recht<span style=\"font-weight:normal\">\n<p>F\u00fcr s\u00e4mtliche Rechtsbeziehungen der Vertragsparteien gilt das Recht der Bundesrepublik Deutschland.<\/p><br><\/span>\n<\/li>\n\n\n<li style=\"font-weight:bold\">Streitbeilegung<span style=\"font-weight:normal\">\n<p>Die EU-Kommission stellt unter folgendem Link eine Plattform zur Online-Streitbeilegung bereit: https:\/\/ec.europa.eu\/consumers\/odr<\/p><p>Diese Plattform dient als Anlaufstelle zur au\u00dfergerichtlichen Beilegung von Streitigkeiten aus Online-Kauf- oder Dienstleistungsvertr\u00e4gen, an denen ein Verbraucher beteiligt ist.<\/p><p>Der Verk\u00e4ufer ist zur Teilnahme an einem Streitbeilegungsverfahren vor einer Verbraucherschlichtungsstelle weder verpflichtet noch bereit.<\/p><br><\/span>\n<\/li>\n<\/ol>\n","protected":false},"excerpt":{"rendered":"","protected":false},"author":1,"featured_media":0,"parent":0,"menu_order":11,"comment_status":"closed","ping_status":"closed","template":"","meta":{"footnotes":""},"class_list":["post-214","page","type-page","status-publish","hentry"],"_links":{"self":[{"href":"https:\/\/fraeuleinm.de\/index.php?rest_route=\/wp\/v2\/pages\/214","targetHints":{"allow":["GET"]}}],"collection":[{"href":"https:\/\/fraeuleinm.de\/index.php?rest_route=\/wp\/v2\/pages"}],"about":[{"href":"https:\/\/fraeuleinm.de\/index.php?rest_route=\/wp\/v2\/types\/page"}],"author":[{"embeddable":true,"href":"https:\/\/fraeuleinm.de\/index.php?rest_route=\/wp\/v2\/users\/1"}],"replies":[{"embeddable":true,"href":"https:\/\/fraeuleinm.de\/index.php?rest_route=%2Fwp%2Fv2%2Fcomments&post=214"}],"version-history":[{"count":4,"href":"https:\/\/fraeuleinm.de\/index.php?rest_route=\/wp\/v2\/pages\/214\/revisions"}],"predecessor-version":[{"id":244,"href":"https:\/\/fraeuleinm.de\/index.php?rest_route=\/wp\/v2\/pages\/214\/revisions\/244"}],"wp:attachment":[{"href":"https:\/\/fraeuleinm.de\/index.php?rest_route=%2Fwp%2Fv2%2Fmedia&parent=214"}],"curies":[{"name":"wp","href":"https:\/\/api.w.org\/{rel}","templated":true}]}}