{"id":286,"date":"2024-10-16T09:13:19","date_gmt":"2024-10-16T09:13:19","guid":{"rendered":"https:\/\/fraeuleinm.de\/?page_id=286"},"modified":"2025-02-03T21:24:03","modified_gmt":"2025-02-03T19:24:03","slug":"versand","status":"publish","type":"page","link":"https:\/\/fraeuleinm.de\/?page_id=286","title":{"rendered":"Versand"},"content":{"rendered":"\n<p style=\"text-align: justify\">Wir versenden derzeit ausschlie\u00dflich innerhalb Deutschlands und immer so g\u00fcnstig wie m\u00f6glich f\u00fcr Dich. Deine Sendung wird demnach entweder mit der Deutschen Post bzw. DHL oder mit Hermes verschickt. Ein Versand innerhalb EU-L\u00e4nder kann auf Anfrage erfolgen.<\/p>\n\n\n<p style=\"text-align: justify\"><strong>Versandkosten:<\/strong><br>Gro\u00df-Brief: 3,95 \u20ac<br>Paket-Sendungen mit DHL ab 5,49 \u20ac<br>Paket-Sendungen mit Hermes ab 4,95 \u20ac<\/p>\n\n\n\n<p style=\"text-align: justify\"><strong>Lieferung<\/strong><br>Unsere Versandzeit betr\u00e4gt je nach Artikel in der Regel 1-5 Werktage. Jede Bestellung wird schnellstm\u00f6glich bearbeitet und an Dich versendet. F\u00fcr individuelle und personalisierte Produkte brauchen wir jedoch etwas l\u00e4nger. Die Versandzeit betr\u00e4gt hier in der Regel l\u00e4ngsten 10 Werktage. Mit der Sendungsnummer, die Du von uns erh\u00e4ltst, kannst Du Dein Paket und dessen Status jederzeit auf der Website des jeweiligen Versanddienstleisters einsehen. Sollte es bedauerlicherweise zu Lieferverz\u00f6gerungen durch den Versanddienstleister kommen, danken wir Dir bereits jetzt f\u00fcr Dein Verst\u00e4ndnis. Denn hierauf haben wir leider keinen Einfluss. Bei einer Lieferverz\u00f6gerung und Nichteinhaltung der Versandzeit k\u00f6nnen wir die erhobenen Lieferkosten leider nicht erstatten.<\/p>\n\n\n\n<p style=\"text-align: justify\"><strong>Abholung vor Ort<\/strong><br>Auch eine Abholung der Ware ist m\u00f6glich, solltest Du in der N\u00e4he wohnen. Sobald Deine Bestellung abholbereit ist, vereinbaren wir ganz unkompliziert Deine Abholung.<\/p>\n\n\n\n<p style=\"text-align: justify\"><strong>R\u00fccksendungen<\/strong><br>Generell bieten wir keine R\u00fccksendungen an, es sei denn, die gelieferte Ware ist defekt. Falls Du wider Erwarten feststellst, dass Dein Produkt M\u00e4ngel aufweist, setze Dich bitte umgehend mit uns in Verbindung. Bei Problemen stehen wir Dir jederzeit gerne zur Seite. Es ist wichtig zu beachten, dass diese Regelung unabh\u00e4ngig von deinem gesetzlichen Widerrufsrecht ist. Dein Widerrufsrecht bleibt von dieser Regelung unber\u00fchrt und Du kannst es wie gewohnt aus\u00fcben.<\/p>\n","protected":false},"excerpt":{"rendered":"<p>Wir versenden derzeit ausschlie\u00dflich innerhalb Deutschlands und immer so g\u00fcnstig wie m\u00f6glich f\u00fcr Dich. Deine Sendung wird demnach entweder mit der Deutschen Post bzw. DHL oder mit Hermes verschickt. Ein &hellip; <\/p>\n","protected":false},"author":1,"featured_media":0,"parent":0,"menu_order":15,"comment_status":"closed","ping_status":"closed","template":"","meta":{"footnotes":""},"class_list":["post-286","page","type-page","status-publish","hentry"],"_links":{"self":[{"href":"https:\/\/fraeuleinm.de\/index.php?rest_route=\/wp\/v2\/pages\/286","targetHints":{"allow":["GET"]}}],"collection":[{"href":"https:\/\/fraeuleinm.de\/index.php?rest_route=\/wp\/v2\/pages"}],"about":[{"href":"https:\/\/fraeuleinm.de\/index.php?rest_route=\/wp\/v2\/types\/page"}],"author":[{"embeddable":true,"href":"https:\/\/fraeuleinm.de\/index.php?rest_route=\/wp\/v2\/users\/1"}],"replies":[{"embeddable":true,"href":"https:\/\/fraeuleinm.de\/index.php?rest_route=%2Fwp%2Fv2%2Fcomments&post=286"}],"version-history":[{"count":1,"href":"https:\/\/fraeuleinm.de\/index.php?rest_route=\/wp\/v2\/pages\/286\/revisions"}],"predecessor-version":[{"id":287,"href":"https:\/\/fraeuleinm.de\/index.php?rest_route=\/wp\/v2\/pages\/286\/revisions\/287"}],"wp:attachment":[{"href":"https:\/\/fraeuleinm.de\/index.php?rest_route=%2Fwp%2Fv2%2Fmedia&parent=286"}],"curies":[{"name":"wp","href":"https:\/\/api.w.org\/{rel}","templated":true}]}}