{"id":369,"date":"2024-10-18T16:55:31","date_gmt":"2024-10-18T14:55:31","guid":{"rendered":"https:\/\/fraeuleinm.de\/?page_id=369"},"modified":"2025-02-03T21:19:54","modified_gmt":"2025-02-03T19:19:54","slug":"pflegehinweise","status":"publish","type":"page","link":"https:\/\/fraeuleinm.de\/?page_id=369","title":{"rendered":"Pflegehinweise"},"content":{"rendered":"\n<details class=\"wp-block-details is-layout-flow wp-block-details-is-layout-flow\"><summary><strong>Trockenblumendeko | Trockenblumenkr\u00e4nze<\/strong><\/summary>\n<p>Wir verwenden ausschlie\u00dflich stabilisierte und hochwertige Trockenblumen. Durch die Konservierung behalten sie ihr frisches Aussehen und ihre Farbe. Sie sind daher besonders nachhaltig und eine ganz besondere Deko- und Geschenkidee. Dennoch gibt es einige Punkte zu beachten, damit Du dich auch lange an ihnen erfreuen kannst.<\/p>\n\n\n\n<ul class=\"wp-block-list\">\n<li>Fusseliges Pampasgras kannst Du durch leichtes Einspr\u00fchen mit Haarspray b\u00e4ndigen.<\/li>\n<\/ul>\n\n\n\n<ul class=\"wp-block-list\">\n<li>Keine direkte UV-Einstrahlung, sonst verblassen Deine Blumen<\/li>\n<\/ul>\n\n\n\n<ul class=\"wp-block-list\">\n<li>Keine Feuchtigkeit, sonst verlieren sie ihre Standfestigkeit.<\/li>\n<\/ul>\n\n\n\n<ul class=\"wp-block-list\">\n<li>Ich empfehle sie im Innenbereich zu dekorieren. Dennoch k\u00f6nnen Kr\u00e4nze auch im \u00fcberdachten Au\u00dfenbereich angebracht werde. Bedenke aber, dass Feuchtigkeit die Lebensdauer verk\u00fcrzt.<\/li>\n<\/ul>\n<\/details>\n\n\n\n<details class=\"wp-block-details is-layout-flow wp-block-details-is-layout-flow\"><summary><strong>Emaillebecher | gravierte Gl\u00e4ser | beplottete Gl\u00e4ser<\/strong><\/summary>\n<p>Grunds\u00e4tzlich sind unsere bedruckten Emaillebecher und gravierten Gl\u00e4ser sp\u00fclmaschinengeeignet. Allerdings empfehlen wir trotzdem Handw\u00e4sche, um lange Freunde daran zu haben.<\/p>\n\n\n\n<p>Mit Vinylfolie beplottete Gl\u00e4ser sind hingehend <strong>nicht<\/strong> sp\u00fclmaschinenfest. Diese m\u00fcssen sanft per Handw\u00e4sche gereinigt werden.<\/p>\n<\/details>\n\n\n\n<details class=\"wp-block-details is-layout-flow wp-block-details-is-layout-flow\"><summary><strong>Fr\u00fchst\u00fccks- | Brotzeit- | Servierbretter<\/strong><\/summary>\n<p>Unge\u00f6lte Brettchen empfehlen wir vor dem ersten Gebrauch und dann regelm\u00e4\u00dfig mit lebensmittelechtem Holz- oder Speise\u00f6l, wie z. B. Lein-, Kokos- , -Walnuss\u00f6l oder Traubenkern\u00f6l, einzu\u00f6len.<\/p>\n\n\n\n<p>Die Brettchen sind <strong>nicht sp\u00fclmaschinengeeignet<\/strong>. Reinigen kannst Du sie problemlos mit Schwamm und Sp\u00fclmittel. Eine&nbsp;Tiefenreinigung f\u00fchrst Du am besten alle 2-4 Monate mit verschiedenen Hausmitteln, wie Zitrone, Essig oder Natron durch. Trocken sollten sie immer senkrecht.<\/p>\n<\/details>\n\n\n\n<p><\/p>\n\n\n\n<p><\/p>\n\n\n\n<p><\/p>\n","protected":false},"excerpt":{"rendered":"","protected":false},"author":1,"featured_media":0,"parent":0,"menu_order":5,"comment_status":"closed","ping_status":"closed","template":"","meta":{"footnotes":""},"class_list":["post-369","page","type-page","status-publish","hentry"],"_links":{"self":[{"href":"https:\/\/fraeuleinm.de\/index.php?rest_route=\/wp\/v2\/pages\/369","targetHints":{"allow":["GET"]}}],"collection":[{"href":"https:\/\/fraeuleinm.de\/index.php?rest_route=\/wp\/v2\/pages"}],"about":[{"href":"https:\/\/fraeuleinm.de\/index.php?rest_route=\/wp\/v2\/types\/page"}],"author":[{"embeddable":true,"href":"https:\/\/fraeuleinm.de\/index.php?rest_route=\/wp\/v2\/users\/1"}],"replies":[{"embeddable":true,"href":"https:\/\/fraeuleinm.de\/index.php?rest_route=%2Fwp%2Fv2%2Fcomments&post=369"}],"version-history":[{"count":8,"href":"https:\/\/fraeuleinm.de\/index.php?rest_route=\/wp\/v2\/pages\/369\/revisions"}],"predecessor-version":[{"id":383,"href":"https:\/\/fraeuleinm.de\/index.php?rest_route=\/wp\/v2\/pages\/369\/revisions\/383"}],"wp:attachment":[{"href":"https:\/\/fraeuleinm.de\/index.php?rest_route=%2Fwp%2Fv2%2Fmedia&parent=369"}],"curies":[{"name":"wp","href":"https:\/\/api.w.org\/{rel}","templated":true}]}}