{"id":52,"date":"2024-04-12T12:22:11","date_gmt":"2024-04-12T12:22:11","guid":{"rendered":"https:\/\/fraeuleinm.de\/?page_id=52"},"modified":"2025-02-03T21:28:02","modified_gmt":"2025-02-03T19:28:02","slug":"ueber-uns","status":"publish","type":"page","link":"https:\/\/fraeuleinm.de\/?page_id=52","title":{"rendered":"\u00dcber uns"},"content":{"rendered":"\n<div class=\"wp-block-media-text has-media-on-the-right is-stacked-on-mobile\"><div class=\"wp-block-media-text__content\">\n<p>Gria\u00df Di! Ich bin Melanie und der kreative Kopf hinter Fr\u00e4ulein M. Ich freue mich, Dir einen Einblick in meine kleine Welt der Kreativit\u00e4t und Handwerkskunst zu geben. Zuhause sind wir in Deggendorf, dem Tor zum Bayerischen Wald. Hier entstehen auch all unsere Produkte &#8211; mit gro\u00dfer Liebe zum Detail und in liebevoller Handarbeit.<\/p>\n<\/div><figure class=\"wp-block-media-text__media\"><img loading=\"lazy\" decoding=\"async\" width=\"1024\" height=\"1024\" src=\"https:\/\/fraeuleinm.de\/wp-content\/uploads\/2024\/10\/Design-ohne-Titel-7-1024x1024.png\" alt=\"\" class=\"wp-image-293 size-full\" srcset=\"https:\/\/fraeuleinm.de\/wp-content\/uploads\/2024\/10\/Design-ohne-Titel-7-1024x1024.png 1024w, https:\/\/fraeuleinm.de\/wp-content\/uploads\/2024\/10\/Design-ohne-Titel-7-300x300.png 300w, https:\/\/fraeuleinm.de\/wp-content\/uploads\/2024\/10\/Design-ohne-Titel-7-150x150.png 150w, https:\/\/fraeuleinm.de\/wp-content\/uploads\/2024\/10\/Design-ohne-Titel-7-768x768.png 768w, https:\/\/fraeuleinm.de\/wp-content\/uploads\/2024\/10\/Design-ohne-Titel-7-1536x1536.png 1536w, https:\/\/fraeuleinm.de\/wp-content\/uploads\/2024\/10\/Design-ohne-Titel-7-2048x2048.png 2048w, https:\/\/fraeuleinm.de\/wp-content\/uploads\/2024\/10\/Design-ohne-Titel-7-600x600.png 600w\" sizes=\"auto, (max-width: 1024px) 100vw, 1024px\" \/><\/figure><\/div>\n\n\n\n<p>Meine Reise begann im Jahr 2020, als wir alle mehr Zeit Zuhause verbrachten. Diese besondere Zeit hat mir die M\u00f6glichkeit gegeben, eine neue Leidenschaft zu entdecken: das kreative Gestalten mit Trockenblumen und anderen Materialien. Was zun\u00e4chst recht klein begann, hat sich schnell zu einer aufregenden Reise entwickelt. Mit viel Experimentierfreude habe ich unsere Produktpalette stetig erweitert und dabei immer wieder neue Ideen verwirklicht. Seither sind wir auch regelm\u00e4\u00dfig \u201eauf der Roa\u00df\u201c und pr\u00e4sentieren ein kleines Sortiment unserer Produkte auf verschiedenen M\u00e4rkten in unserer Region.<\/p>\n\n\n\n<div class=\"wp-block-media-text is-stacked-on-mobile\"><figure class=\"wp-block-media-text__media\"><img loading=\"lazy\" decoding=\"async\" width=\"1024\" height=\"1024\" src=\"https:\/\/fraeuleinm.de\/wp-content\/uploads\/2024\/10\/Design-ohne-Titel-8-1024x1024.png\" alt=\"\" class=\"wp-image-294 size-full\" srcset=\"https:\/\/fraeuleinm.de\/wp-content\/uploads\/2024\/10\/Design-ohne-Titel-8-1024x1024.png 1024w, https:\/\/fraeuleinm.de\/wp-content\/uploads\/2024\/10\/Design-ohne-Titel-8-300x300.png 300w, https:\/\/fraeuleinm.de\/wp-content\/uploads\/2024\/10\/Design-ohne-Titel-8-150x150.png 150w, https:\/\/fraeuleinm.de\/wp-content\/uploads\/2024\/10\/Design-ohne-Titel-8-768x768.png 768w, https:\/\/fraeuleinm.de\/wp-content\/uploads\/2024\/10\/Design-ohne-Titel-8-1536x1536.png 1536w, https:\/\/fraeuleinm.de\/wp-content\/uploads\/2024\/10\/Design-ohne-Titel-8-2048x2048.png 2048w, https:\/\/fraeuleinm.de\/wp-content\/uploads\/2024\/10\/Design-ohne-Titel-8-600x600.png 600w\" sizes=\"auto, (max-width: 1024px) 100vw, 1024px\" \/><\/figure><div class=\"wp-block-media-text__content\">\n<p>Dabei werde ich tatkr\u00e4ftig von meinem Herzensmann unterst\u00fctzt, der mir stets zur Seite steht und immer einen k\u00fchlen Kopf bewahrt, wenn das kreative Chaos ausbricht. Und nicht zu vergessen: unser Dackelbub, der immer f\u00fcr ein L\u00e4cheln sorgt &#8211; besonders wenn es mal &#8222;fuxt&#8220; oder nicht alles nach Plan l\u00e4uft.<\/p>\n<\/div><\/div>\n\n\n\n<p>Es freut mich sehr, dass Du den Weg zu uns gefunden hast und freue mich, wenn Du noch etwas durch unsere Produkte st\u00f6berst. <\/p>\n\n\n\n<p>Ich freu mich von Dir zu h\u00f6ren!<\/p>\n","protected":false},"excerpt":{"rendered":"<p>Gria\u00df Di! Ich bin Melanie und der kreative Kopf hinter Fr\u00e4ulein M. Ich freue mich, Dir einen Einblick in meine kleine Welt der Kreativit\u00e4t und Handwerkskunst zu geben. Zuhause sind &hellip; <\/p>\n","protected":false},"author":1,"featured_media":0,"parent":0,"menu_order":5,"comment_status":"closed","ping_status":"closed","template":"","meta":{"footnotes":""},"class_list":["post-52","page","type-page","status-publish","hentry"],"_links":{"self":[{"href":"https:\/\/fraeuleinm.de\/index.php?rest_route=\/wp\/v2\/pages\/52","targetHints":{"allow":["GET"]}}],"collection":[{"href":"https:\/\/fraeuleinm.de\/index.php?rest_route=\/wp\/v2\/pages"}],"about":[{"href":"https:\/\/fraeuleinm.de\/index.php?rest_route=\/wp\/v2\/types\/page"}],"author":[{"embeddable":true,"href":"https:\/\/fraeuleinm.de\/index.php?rest_route=\/wp\/v2\/users\/1"}],"replies":[{"embeddable":true,"href":"https:\/\/fraeuleinm.de\/index.php?rest_route=%2Fwp%2Fv2%2Fcomments&post=52"}],"version-history":[{"count":7,"href":"https:\/\/fraeuleinm.de\/index.php?rest_route=\/wp\/v2\/pages\/52\/revisions"}],"predecessor-version":[{"id":301,"href":"https:\/\/fraeuleinm.de\/index.php?rest_route=\/wp\/v2\/pages\/52\/revisions\/301"}],"wp:attachment":[{"href":"https:\/\/fraeuleinm.de\/index.php?rest_route=%2Fwp%2Fv2%2Fmedia&parent=52"}],"curies":[{"name":"wp","href":"https:\/\/api.w.org\/{rel}","templated":true}]}}