{"id":54,"date":"2024-04-12T12:22:39","date_gmt":"2024-04-12T12:22:39","guid":{"rendered":"https:\/\/fraeuleinm.de\/?page_id=54"},"modified":"2026-02-12T15:18:51","modified_gmt":"2026-02-12T13:18:51","slug":"workshops","status":"publish","type":"page","link":"https:\/\/fraeuleinm.de\/?page_id=54","title":{"rendered":"Workshops | Aktuelle Termine s. u."},"content":{"rendered":"\n<div class=\"wp-block-media-text has-media-on-the-right is-stacked-on-mobile\" style=\"grid-template-columns:auto 32%\"><div class=\"wp-block-media-text__content\">\n<p class=\"has-small-font-size\">Feiere&nbsp;den&nbsp;Junggesellinnenabschied, die Babyparty oder Deinen Geburtstag&nbsp;auf&nbsp; eine&nbsp;kreative&nbsp;und&nbsp;unvergessliche&nbsp;Weise!&nbsp; In&nbsp;unserem&nbsp;privaten&nbsp;Workshop&nbsp;lernst&nbsp;Du&nbsp; und&nbsp;Deine&nbsp;Freundinnen,&nbsp;wie&nbsp;man&nbsp;wunder-sch\u00f6ne&nbsp;Trockenblumenkr\u00e4nze&nbsp;bindet.&nbsp; Ob&nbsp;bei&nbsp;Dir&nbsp;Zuhause&nbsp;oder&nbsp;in&nbsp;einer&nbsp;Location&nbsp; deiner&nbsp;Wahl&nbsp;-wir&nbsp;bringen&nbsp;die&nbsp;Materialien&nbsp;und&nbsp;die&nbsp; Inspiration&nbsp;direkt&nbsp;zu&nbsp;Euch!<\/p>\n<\/div><figure class=\"wp-block-media-text__media\"><img loading=\"lazy\" decoding=\"async\" width=\"1024\" height=\"1024\" src=\"https:\/\/fraeuleinm.de\/wp-content\/uploads\/2024\/10\/Design-ohne-Titel-10-1024x1024.png\" alt=\"\" class=\"wp-image-341 size-full\" srcset=\"https:\/\/fraeuleinm.de\/wp-content\/uploads\/2024\/10\/Design-ohne-Titel-10-1024x1024.png 1024w, https:\/\/fraeuleinm.de\/wp-content\/uploads\/2024\/10\/Design-ohne-Titel-10-300x300.png 300w, https:\/\/fraeuleinm.de\/wp-content\/uploads\/2024\/10\/Design-ohne-Titel-10-150x150.png 150w, https:\/\/fraeuleinm.de\/wp-content\/uploads\/2024\/10\/Design-ohne-Titel-10-768x768.png 768w, https:\/\/fraeuleinm.de\/wp-content\/uploads\/2024\/10\/Design-ohne-Titel-10-600x600.png 600w, https:\/\/fraeuleinm.de\/wp-content\/uploads\/2024\/10\/Design-ohne-Titel-10.png 1476w\" sizes=\"auto, (max-width: 1024px) 100vw, 1024px\" \/><\/figure><\/div>\n\n\n\n<div class=\"wp-block-media-text is-stacked-on-mobile\" style=\"grid-template-columns:32% auto\"><figure class=\"wp-block-media-text__media\"><img loading=\"lazy\" decoding=\"async\" width=\"1024\" height=\"1024\" src=\"https:\/\/fraeuleinm.de\/wp-content\/uploads\/2024\/10\/Design-ohne-Titel-9-1024x1024.png\" alt=\"\" class=\"wp-image-339 size-full\" srcset=\"https:\/\/fraeuleinm.de\/wp-content\/uploads\/2024\/10\/Design-ohne-Titel-9-1024x1024.png 1024w, https:\/\/fraeuleinm.de\/wp-content\/uploads\/2024\/10\/Design-ohne-Titel-9-300x300.png 300w, https:\/\/fraeuleinm.de\/wp-content\/uploads\/2024\/10\/Design-ohne-Titel-9-150x150.png 150w, https:\/\/fraeuleinm.de\/wp-content\/uploads\/2024\/10\/Design-ohne-Titel-9-768x768.png 768w, https:\/\/fraeuleinm.de\/wp-content\/uploads\/2024\/10\/Design-ohne-Titel-9-600x600.png 600w, https:\/\/fraeuleinm.de\/wp-content\/uploads\/2024\/10\/Design-ohne-Titel-9.png 1476w\" sizes=\"auto, (max-width: 1024px) 100vw, 1024px\" \/><\/figure><div class=\"wp-block-media-text__content\">\n<p class=\"has-small-font-size\">In&nbsp;entspannter&nbsp;Atmosph\u00e4re&nbsp;zeigen&nbsp;wir&nbsp;Euch&nbsp; Schritt&nbsp;f\u00fcr&nbsp;Schritt,&nbsp;wie&nbsp;ihr&nbsp;aus&nbsp;einer&nbsp;Vielzahl&nbsp; von&nbsp;Trockenblumen,&nbsp;Gr\u00e4sern&nbsp;und&nbsp;anderen&nbsp; nat\u00fcrlichen&nbsp;Materialien&nbsp;euren&nbsp;ganz&nbsp; pers\u00f6nlichen&nbsp;Kranz&nbsp;gestalten&nbsp;k\u00f6nnt.&nbsp;Dieser&nbsp;Workshop&nbsp;     ist&nbsp;nicht&nbsp;nur&nbsp;eine&nbsp;tolle&nbsp; M\u00f6glichkeit,&nbsp;gemeinsam&nbsp;kreativ&nbsp;zu&nbsp;sein,&nbsp; sondern&nbsp;auch&nbsp;eine&nbsp;wunderbare&nbsp;Gelegenheit, Erinnerungen&nbsp;zu&nbsp;schaffen,&nbsp;die&nbsp;f\u00fcr&nbsp;immer&nbsp; bleiben.<\/p>\n<\/div><\/div>\n\n\n\n<p class=\"has-small-font-size\">Egal,&nbsp;ob&nbsp;ihr&nbsp;bereits&nbsp;Erfahrung&nbsp;im&nbsp;Basteln&nbsp; habt&nbsp;oder&nbsp;Neulinge&nbsp;seid&nbsp;&#8211; jeder&nbsp;ist&nbsp;herzlich&nbsp;willkommen!&nbsp; Am&nbsp;Ende&nbsp;des&nbsp;Workshops&nbsp;geht&nbsp;ihr&nbsp;mit&nbsp;einem&nbsp;einzigartigen&nbsp;Kunstwerk&nbsp;nach&nbsp;Hause,&nbsp; das&nbsp;nicht&nbsp;nur&nbsp;als&nbsp;Dekoration&nbsp;dient,&nbsp;sondern&nbsp;auch&nbsp;eine&nbsp;sch\u00f6ne&nbsp;Erinnerung&nbsp;an&nbsp;diesen&nbsp;besonderen&nbsp;Tag&nbsp; darstellt.<\/p>\n\n\n\n<p class=\"has-small-font-size\">Kontaktiere uns und wir planen gemeinsam Dein Event!               Wir&nbsp;freuen&nbsp;uns&nbsp;darauf,&nbsp;mit&nbsp;euch&nbsp;kreativ&nbsp;zu&nbsp; werden!<\/p>\n\n\n\n<p><\/p>\n\n\n\n<p><\/p>\n\n\n\n<div class=\"wp-block-media-text is-stacked-on-mobile\"><figure class=\"wp-block-media-text__media\"><img loading=\"lazy\" decoding=\"async\" width=\"819\" height=\"1024\" src=\"https:\/\/fraeuleinm.de\/wp-content\/uploads\/2026\/02\/1-819x1024.png\" alt=\"\" class=\"wp-image-995 size-full\" srcset=\"https:\/\/fraeuleinm.de\/wp-content\/uploads\/2026\/02\/1-819x1024.png 819w, https:\/\/fraeuleinm.de\/wp-content\/uploads\/2026\/02\/1-240x300.png 240w, https:\/\/fraeuleinm.de\/wp-content\/uploads\/2026\/02\/1-768x960.png 768w, https:\/\/fraeuleinm.de\/wp-content\/uploads\/2026\/02\/1-600x750.png 600w, https:\/\/fraeuleinm.de\/wp-content\/uploads\/2026\/02\/1.png 1080w\" sizes=\"auto, (max-width: 819px) 100vw, 819px\" \/><\/figure><div class=\"wp-block-media-text__content\">\n<p class=\"has-small-font-size\"><strong>Anmeldung \u00fcber:<\/strong> <\/p>\n\n\n\n<p class=\"has-small-font-size\">Whatsapp\/SMS: 0160\/99149465 oder per Email an hallo@fraeuleinm.de<\/p>\n\n\n\n<p class=\"has-small-font-size\">Die Geb\u00fchr beinhaltet einen Aperitif. Speisen und weitere Getr\u00e4nke sind exklusive.<\/p>\n\n\n\n<p class=\"has-small-font-size\">Aus organisatorischen Gr\u00fcnden ist die Kursgeb\u00fchr vorab zu bezahlen. Du erh\u00e4ltst nach Deiner Anmeldung eine Rechnung von mir. Lasse mir deshalb bitte bei der Anmeldung Deine Rechnungsdaten zukommen. <\/p>\n\n\n\n<p class=\"has-small-font-size\">Solltest du kurzfristig nicht am Workshop teilnehmen k\u00f6nnen, erh\u00e4ltst Du eine DIY-Box und einen 10 \u20ac Wertgutschein vom H\u00f6llensteinhaus. <\/p>\n\n\n\n<p class=\"has-small-font-size\"><strong>Ich freu mich auf Dich!<\/strong><\/p>\n<\/div><\/div>\n\n\n\n<p class=\"has-small-font-size\"><\/p>\n","protected":false},"excerpt":{"rendered":"<p>Feiere&nbsp;den&nbsp;Junggesellinnenabschied, die Babyparty oder Deinen Geburtstag&nbsp;auf&nbsp; eine&nbsp;kreative&nbsp;und&nbsp;unvergessliche&nbsp;Weise!&nbsp; In&nbsp;unserem&nbsp;privaten&nbsp;Workshop&nbsp;lernst&nbsp;Du&nbsp; und&nbsp;Deine&nbsp;Freundinnen,&nbsp;wie&nbsp;man&nbsp;wunder-sch\u00f6ne&nbsp;Trockenblumenkr\u00e4nze&nbsp;bindet.&nbsp; Ob&nbsp;bei&nbsp;Dir&nbsp;Zuhause&nbsp;oder&nbsp;in&nbsp;einer&nbsp;Location&nbsp; deiner&nbsp;Wahl&nbsp;-wir&nbsp;bringen&nbsp;die&nbsp;Materialien&nbsp;und&nbsp;die&nbsp; Inspiration&nbsp;direkt&nbsp;zu&nbsp;Euch! In&nbsp;entspannter&nbsp;Atmosph\u00e4re&nbsp;zeigen&nbsp;wir&nbsp;Euch&nbsp; Schritt&nbsp;f\u00fcr&nbsp;Schritt,&nbsp;wie&nbsp;ihr&nbsp;aus&nbsp;einer&nbsp;Vielzahl&nbsp; von&nbsp;Trockenblumen,&nbsp;Gr\u00e4sern&nbsp;und&nbsp;anderen&nbsp; nat\u00fcrlichen&nbsp;Materialien&nbsp;euren&nbsp;ganz&nbsp; pers\u00f6nlichen&nbsp;Kranz&nbsp;gestalten&nbsp;k\u00f6nnt.&nbsp;Dieser&nbsp;Workshop&nbsp; ist&nbsp;nicht&nbsp;nur&nbsp;eine&nbsp;tolle&nbsp; M\u00f6glichkeit,&nbsp;gemeinsam&nbsp;kreativ&nbsp;zu&nbsp;sein,&nbsp; sondern&nbsp;auch&nbsp;eine&nbsp;wunderbare&nbsp;Gelegenheit, Erinnerungen&nbsp;zu&nbsp;schaffen,&nbsp;die&nbsp;f\u00fcr&nbsp;immer&nbsp; bleiben. Egal,&nbsp;ob&nbsp;ihr&nbsp;bereits&nbsp;Erfahrung&nbsp;im&nbsp;Basteln&nbsp; habt&nbsp;oder&nbsp;Neulinge&nbsp;seid&nbsp;&#8211; jeder&nbsp;ist&nbsp;herzlich&nbsp;willkommen!&nbsp; Am&nbsp;Ende&nbsp;des&nbsp;Workshops&nbsp;geht&nbsp;ihr&nbsp;mit&nbsp;einem&nbsp;einzigartigen&nbsp;Kunstwerk&nbsp;nach&nbsp;Hause,&nbsp; das&nbsp;nicht&nbsp;nur&nbsp;als&nbsp;Dekoration&nbsp;dient,&nbsp;sondern&nbsp;auch&nbsp;eine&nbsp;sch\u00f6ne&nbsp;Erinnerung&nbsp;an&nbsp;diesen&nbsp;besonderen&nbsp;Tag&nbsp; darstellt. Kontaktiere uns &hellip; <\/p>\n","protected":false},"author":1,"featured_media":0,"parent":0,"menu_order":4,"comment_status":"closed","ping_status":"closed","template":"","meta":{"footnotes":""},"class_list":["post-54","page","type-page","status-publish","hentry"],"_links":{"self":[{"href":"https:\/\/fraeuleinm.de\/index.php?rest_route=\/wp\/v2\/pages\/54","targetHints":{"allow":["GET"]}}],"collection":[{"href":"https:\/\/fraeuleinm.de\/index.php?rest_route=\/wp\/v2\/pages"}],"about":[{"href":"https:\/\/fraeuleinm.de\/index.php?rest_route=\/wp\/v2\/types\/page"}],"author":[{"embeddable":true,"href":"https:\/\/fraeuleinm.de\/index.php?rest_route=\/wp\/v2\/users\/1"}],"replies":[{"embeddable":true,"href":"https:\/\/fraeuleinm.de\/index.php?rest_route=%2Fwp%2Fv2%2Fcomments&post=54"}],"version-history":[{"count":9,"href":"https:\/\/fraeuleinm.de\/index.php?rest_route=\/wp\/v2\/pages\/54\/revisions"}],"predecessor-version":[{"id":998,"href":"https:\/\/fraeuleinm.de\/index.php?rest_route=\/wp\/v2\/pages\/54\/revisions\/998"}],"wp:attachment":[{"href":"https:\/\/fraeuleinm.de\/index.php?rest_route=%2Fwp%2Fv2%2Fmedia&parent=54"}],"curies":[{"name":"wp","href":"https:\/\/api.w.org\/{rel}","templated":true}]}}