{"id":60,"date":"2024-04-12T12:27:27","date_gmt":"2024-04-12T12:27:27","guid":{"rendered":"https:\/\/fraeuleinm.de\/?page_id=60"},"modified":"2025-02-03T21:25:08","modified_gmt":"2025-02-03T19:25:08","slug":"wenns-was-besonderes-sein-soll","status":"publish","type":"page","link":"https:\/\/fraeuleinm.de\/?page_id=60","title":{"rendered":"Wenn&#8217;s was Besonderes sein soll&#8230;"},"content":{"rendered":"\n<p>Willkommen&nbsp;in&nbsp;der&nbsp;Welt&nbsp;der&nbsp;Sonderanfertigungen!&nbsp;Wenn&nbsp;es&nbsp;mal&nbsp;etwas&nbsp;Besonderes&nbsp;sein&nbsp;darf,&nbsp;bist Du&nbsp;bei&nbsp;uns&nbsp;genau&nbsp;richtig.&nbsp;Ob&nbsp;f\u00fcr&nbsp;einen&nbsp;besonderen&nbsp;Anlass,&nbsp;als&nbsp;einzigartiges&nbsp;Geschenk&nbsp;oder&nbsp;einfach&nbsp;nur,&nbsp; um&nbsp;sich&nbsp;selbst&nbsp;eine&nbsp;Freude&nbsp;zu&nbsp;machen&nbsp;-wir&nbsp;bieten Dir&nbsp;die&nbsp;M\u00f6glichkeit,&nbsp;individuelle&nbsp;Produkte&nbsp;zu&nbsp;gestalten,&nbsp;die&nbsp;ganz&nbsp;nach&nbsp;Deinen Vorstellungen&nbsp;entstehen.<\/p>\n\n\n\n<p>Egal,&nbsp;ob&nbsp;Du&nbsp;spezielle&nbsp;Farbw\u00fcnsche&nbsp;hast&nbsp;oder&nbsp;eine&nbsp;pers\u00f6nliche&nbsp;Note&nbsp;hinzuf\u00fcgen&nbsp;m\u00f6chten,&nbsp; wir&nbsp;stehen&nbsp;Dir&nbsp;zur&nbsp;Seite,&nbsp;um&nbsp;Deine&nbsp;Ideen&nbsp;zum&nbsp;Leben&nbsp;zu&nbsp;erwecken.&nbsp;Gemeinsam&nbsp;schaffen&nbsp;wir&nbsp;ein&nbsp;Unikat,&nbsp;  das&nbsp;nicht&nbsp;nur&nbsp;\u00e4sthetisch&nbsp;ansprechend&nbsp;ist,&nbsp;sondern&nbsp;auch&nbsp;eine ganz&nbsp;pers\u00f6nliche&nbsp;Bedeutung&nbsp;tr\u00e4gt.<\/p>\n\n\n\n<p>Lass&nbsp;uns&nbsp;gemeinsam Dein&nbsp;Lieblingsst\u00fcck&nbsp;kreieren&nbsp;&#8211; ein&nbsp;Produkt,&nbsp;das&nbsp;so&nbsp;einzigartig&nbsp;ist&nbsp;wie&nbsp;Sie&nbsp;selbst!&nbsp;Kontaktiere&nbsp;uns&nbsp;gerne. Wir&nbsp;freuen&nbsp;uns&nbsp;darauf,&nbsp;gemeinsam mit Dir dein Lieblingsst\u00fcck zu schaffen.<\/p>\n\n\n\n<style id=\"wpforms-css-vars-667\">\n\t\t\t\t#wpforms-667 {\n\t\t\t\t\n\t\t\t}\n\t\t\t<\/style><div class=\"wpforms-container wpforms-container-full wpforms-render-modern\" id=\"wpforms-667\"><form id=\"wpforms-form-667\" class=\"wpforms-validate wpforms-form wpforms-ajax-form\" data-formid=\"667\" method=\"post\" enctype=\"multipart\/form-data\" action=\"\/index.php?rest_route=%2Fwp%2Fv2%2Fpages%2F60\" data-token=\"a97ba205207f852c3f703f7e8c9a57ca\" data-token-time=\"1775772931\"><noscript class=\"wpforms-error-noscript\">Bitte aktiviere JavaScript in deinem Browser, um dieses Formular fertigzustellen.<\/noscript><div id=\"wpforms-error-noscript\" style=\"display: none;\">Bitte aktiviere JavaScript in deinem Browser, um dieses Formular fertigzustellen.<\/div><div class=\"wpforms-field-container\"><div id=\"wpforms-667-field_1-container\" class=\"wpforms-field wpforms-field-textarea\" data-field-id=\"1\"><label class=\"wpforms-field-label\" for=\"wpforms-667-field_1\">Mein Wunsch: <span class=\"wpforms-required-label\" aria-hidden=\"true\">*<\/span><\/label><textarea id=\"wpforms-667-field_1\" class=\"wpforms-field-medium wpforms-field-required\" name=\"wpforms[fields][1]\" aria-errormessage=\"wpforms-667-field_1-error\" required><\/textarea><\/div>\t\t<div id=\"wpforms-667-field_5-container\"\n\t\t\tclass=\"wpforms-field wpforms-field-text\"\n\t\t\tdata-field-type=\"text\"\n\t\t\tdata-field-id=\"5\"\n\t\t\t>\n\t\t\t<label class=\"wpforms-field-label\" for=\"wpforms-667-field_5\" >Anzahl Name E-Mail-Adresse<\/label>\n\t\t\t<input type=\"text\" id=\"wpforms-667-field_5\" class=\"wpforms-field-medium\" name=\"wpforms[fields][5]\" >\n\t\t<\/div>\n\t\t<div id=\"wpforms-667-field_4-container\" class=\"wpforms-field wpforms-field-number-slider\" data-field-id=\"4\"><label class=\"wpforms-field-label\" for=\"wpforms-667-field_4\">Anzahl<\/label>\n<input\n\ttype=\"range\"\n\tid=\"wpforms-667-field_4\" class=\"wpforms-field-medium\" name=\"wpforms[fields][4]\" value=\"1\" aria-errormessage=\"wpforms-667-field_4-error\"\t\tmin=\"1\"\n\tmax=\"10\"\n\tstep=\"1\">\n\n<div class=\"wpforms-field-number-slider-hint\"\n\tdata-hint=\"Gew\u00e4hlter Wert: {value}\">\n\tGew\u00e4hlter Wert: <b>1<\/b><\/div>\n<\/div><div id=\"wpforms-667-field_2-container\" class=\"wpforms-field wpforms-field-name\" data-field-id=\"2\"><fieldset><legend class=\"wpforms-field-label\">Name <span class=\"wpforms-required-label\" aria-hidden=\"true\">*<\/span><\/legend><div class=\"wpforms-field-row wpforms-field-medium\"><div class=\"wpforms-field-row-block wpforms-first wpforms-one-half\"><input type=\"text\" id=\"wpforms-667-field_2\" class=\"wpforms-field-name-first wpforms-field-required\" name=\"wpforms[fields][2][first]\" aria-errormessage=\"wpforms-667-field_2-error\" required><label for=\"wpforms-667-field_2\" class=\"wpforms-field-sublabel after\">Vorname<\/label><\/div><div class=\"wpforms-field-row-block wpforms-one-half\"><input type=\"text\" id=\"wpforms-667-field_2-last\" class=\"wpforms-field-name-last wpforms-field-required\" name=\"wpforms[fields][2][last]\" aria-errormessage=\"wpforms-667-field_2-last-error\" required><label for=\"wpforms-667-field_2-last\" class=\"wpforms-field-sublabel after\">Nachname<\/label><\/div><\/div><\/fieldset><\/div><div id=\"wpforms-667-field_3-container\" class=\"wpforms-field wpforms-field-email\" data-field-id=\"3\"><label class=\"wpforms-field-label\" for=\"wpforms-667-field_3\">E-Mail-Adresse <span class=\"wpforms-required-label\" aria-hidden=\"true\">*<\/span><\/label><input type=\"email\" id=\"wpforms-667-field_3\" class=\"wpforms-field-medium wpforms-field-required\" name=\"wpforms[fields][3]\" spellcheck=\"false\" aria-errormessage=\"wpforms-667-field_3-error\" aria-describedby=\"wpforms-667-field_3-description\" required><div id=\"wpforms-667-field_3-description\" class=\"wpforms-field-description\">Bitte \u00fcberpr\u00fcfen Sie Ihre E-Mail, da ich sonst Ihre Anfrage nicht beantworten kann.<\/div><\/div><script>\n\t\t\t\t( function() {\n\t\t\t\t\tconst style = document.createElement( 'style' );\n\t\t\t\t\tstyle.appendChild( document.createTextNode( '#wpforms-667-field_5-container { position: absolute !important; overflow: hidden !important; display: inline !important; height: 1px !important; width: 1px !important; z-index: -1000 !important; padding: 0 !important; } #wpforms-667-field_5-container input { visibility: hidden; } #wpforms-conversational-form-page #wpforms-667-field_5-container label { counter-increment: none; }' ) );\n\t\t\t\t\tdocument.head.appendChild( style );\n\t\t\t\t\tdocument.currentScript?.remove();\n\t\t\t\t} )();\n\t\t\t<\/script><\/div><!-- .wpforms-field-container --><div class=\"wpforms-submit-container\" ><input type=\"hidden\" name=\"wpforms[id]\" value=\"667\"><input type=\"hidden\" name=\"page_title\" value=\"\"><input type=\"hidden\" name=\"page_url\" value=\"https:\/\/fraeuleinm.de\/index.php?rest_route=\/wp\/v2\/pages\/60\"><input type=\"hidden\" name=\"url_referer\" value=\"\"><button type=\"submit\" name=\"wpforms[submit]\" id=\"wpforms-submit-667\" class=\"wpforms-submit\" data-alt-text=\"Wird gesendet\u00a0\u2026\" data-submit-text=\"Absenden\" aria-live=\"assertive\" value=\"wpforms-submit\">Absenden<\/button><img loading=\"lazy\" decoding=\"async\" src=\"https:\/\/fraeuleinm.de\/wp-content\/plugins\/wpforms-lite\/assets\/images\/submit-spin.svg\" class=\"wpforms-submit-spinner\" style=\"display: none;\" width=\"26\" height=\"26\" alt=\"Wird geladen\"><\/div><\/form><\/div>  <!-- .wpforms-container -->\n\n\n\n<p><\/p>\n","protected":false},"excerpt":{"rendered":"<p>Willkommen&nbsp;in&nbsp;der&nbsp;Welt&nbsp;der&nbsp;Sonderanfertigungen!&nbsp;Wenn&nbsp;es&nbsp;mal&nbsp;etwas&nbsp;Besonderes&nbsp;sein&nbsp;darf,&nbsp;bist Du&nbsp;bei&nbsp;uns&nbsp;genau&nbsp;richtig.&nbsp;Ob&nbsp;f\u00fcr&nbsp;einen&nbsp;besonderen&nbsp;Anlass,&nbsp;als&nbsp;einzigartiges&nbsp;Geschenk&nbsp;oder&nbsp;einfach&nbsp;nur,&nbsp; um&nbsp;sich&nbsp;selbst&nbsp;eine&nbsp;Freude&nbsp;zu&nbsp;machen&nbsp;-wir&nbsp;bieten Dir&nbsp;die&nbsp;M\u00f6glichkeit,&nbsp;individuelle&nbsp;Produkte&nbsp;zu&nbsp;gestalten,&nbsp;die&nbsp;ganz&nbsp;nach&nbsp;Deinen Vorstellungen&nbsp;entstehen. Egal,&nbsp;ob&nbsp;Du&nbsp;spezielle&nbsp;Farbw\u00fcnsche&nbsp;hast&nbsp;oder&nbsp;eine&nbsp;pers\u00f6nliche&nbsp;Note&nbsp;hinzuf\u00fcgen&nbsp;m\u00f6chten,&nbsp; wir&nbsp;stehen&nbsp;Dir&nbsp;zur&nbsp;Seite,&nbsp;um&nbsp;Deine&nbsp;Ideen&nbsp;zum&nbsp;Leben&nbsp;zu&nbsp;erwecken.&nbsp;Gemeinsam&nbsp;schaffen&nbsp;wir&nbsp;ein&nbsp;Unikat,&nbsp; das&nbsp;nicht&nbsp;nur&nbsp;\u00e4sthetisch&nbsp;ansprechend&nbsp;ist,&nbsp;sondern&nbsp;auch&nbsp;eine ganz&nbsp;pers\u00f6nliche&nbsp;Bedeutung&nbsp;tr\u00e4gt. Lass&nbsp;uns&nbsp;gemeinsam Dein&nbsp;Lieblingsst\u00fcck&nbsp;kreieren&nbsp;&#8211; ein&nbsp;Produkt,&nbsp;das&nbsp;so&nbsp;einzigartig&nbsp;ist&nbsp;wie&nbsp;Sie&nbsp;selbst!&nbsp;Kontaktiere&nbsp;uns&nbsp;gerne. Wir&nbsp;freuen&nbsp;uns&nbsp;darauf,&nbsp;gemeinsam mit Dir dein Lieblingsst\u00fcck zu schaffen.<\/p>\n","protected":false},"author":1,"featured_media":0,"parent":7,"menu_order":0,"comment_status":"closed","ping_status":"closed","template":"","meta":{"footnotes":""},"class_list":["post-60","page","type-page","status-publish","hentry"],"_links":{"self":[{"href":"https:\/\/fraeuleinm.de\/index.php?rest_route=\/wp\/v2\/pages\/60","targetHints":{"allow":["GET"]}}],"collection":[{"href":"https:\/\/fraeuleinm.de\/index.php?rest_route=\/wp\/v2\/pages"}],"about":[{"href":"https:\/\/fraeuleinm.de\/index.php?rest_route=\/wp\/v2\/types\/page"}],"author":[{"embeddable":true,"href":"https:\/\/fraeuleinm.de\/index.php?rest_route=\/wp\/v2\/users\/1"}],"replies":[{"embeddable":true,"href":"https:\/\/fraeuleinm.de\/index.php?rest_route=%2Fwp%2Fv2%2Fcomments&post=60"}],"version-history":[{"count":6,"href":"https:\/\/fraeuleinm.de\/index.php?rest_route=\/wp\/v2\/pages\/60\/revisions"}],"predecessor-version":[{"id":674,"href":"https:\/\/fraeuleinm.de\/index.php?rest_route=\/wp\/v2\/pages\/60\/revisions\/674"}],"up":[{"embeddable":true,"href":"https:\/\/fraeuleinm.de\/index.php?rest_route=\/wp\/v2\/pages\/7"}],"wp:attachment":[{"href":"https:\/\/fraeuleinm.de\/index.php?rest_route=%2Fwp%2Fv2%2Fmedia&parent=60"}],"curies":[{"name":"wp","href":"https:\/\/api.w.org\/{rel}","templated":true}]}}