{"id":1071,"date":"2026-02-19T21:51:52","date_gmt":"2026-02-19T19:51:52","guid":{"rendered":"https:\/\/fraeuleinm.de\/?post_type=product&#038;p=1071"},"modified":"2026-02-19T22:04:03","modified_gmt":"2026-02-19T20:04:03","slug":"babyteller-schofal-mit-personalisierung-27-90-e","status":"publish","type":"product","link":"https:\/\/fraeuleinm.de\/?product=babyteller-schofal-mit-personalisierung-27-90-e","title":{"rendered":"Babyteller &#8218;Schofal&#8216; mit Personalisierung | 23.90 \u20ac"},"content":{"rendered":"<p>Babyteller mit Personalisierung \u2013 Ein Unikat f\u00fcr kleine Genie\u00dfer.<\/p>\n<p>Mache jede Mahlzeit zu einem besonderen Moment mit unserem personalisierten Babyteller aus Bambus! Jeder Teller ist ein einzigartiges Unikat, das mit viel Liebe gefertigt wird.<\/p>\n<p>Der Teller ist nicht nur ein toller Hingucker f\u00fcr Gro\u00df und Klein, sondern sorgt auch f\u00fcr stressfreie Mahlzeiten. Mit dem praktischen Saugnapf auf der R\u00fcckseite bleibt er sicher an seinem Platz und verhindert Umkippen oder Herunterfallen. So kann Dein kleiner Schatz in Ruhe essen und entdecken, ohne dass Mama oder Papa st\u00e4ndig eingreifen m\u00fcssen.<\/p>\n<p>Unser Babyteller ist nicht nur f\u00fcr den t\u00e4glichen Gebrauch perfekt, sondern auch als besonderes Geschenk zur Geburt, zur Taufe oder als Geburtstagsgeschenk.<\/p>\n<p>Sicher und praktisch: Der Saugnapf garantiert eine stabile Position auf dem Tisch, ideal f\u00fcr kleine Esser, die noch in der Entdeckungsphase sind.<\/p>\n<p>Stressfreie Mahlzeiten: Kein Umkippen, kein Fallenlassen \u2013 nur pure Freude beim Essen.<\/p>\n<p>Perfekt f\u00fcr besondere Anl\u00e4sse: Ob zur Geburt, zum ersten Geburtstag oder einfach als liebevolles Geschenk \u2013 dieser Teller wird garantiert Herzen ber\u00fchren.<\/p>\n<p>Erh\u00e4ltlich sind unsere Babyteller in den Ausf\u00fchrungen Eule, Hase, Schaf und Fuchs. Du erwirbst hier nur den Babyteller ohne Deko.<\/p>\n<p><strong>Details:<\/strong><br \/>\nSchaf: 20x18x3cm<br \/>\nMaterial: Bambus<\/p>\n<p><strong><br \/>\nUmtausch\/R\u00fcckgabe:<\/strong><br \/>\nDein personalisierter Bambus Teller ist ein Unikat, das mit viel Liebe und Sorgfalt gestaltet wird. Wir sind davon \u00fcberzeugt, dass du dieses einzigartige Geschenk lieben wirst. Da jeder Teller individuell angefertigt wird, ist ein Umtausch leider nicht m\u00f6glich. Aber keine Sorge, wir sind stets bem\u00fcht, h\u00f6chste Qualit\u00e4t zu liefern, und sollten dennoch einmal Unstimmigkeiten auftreten, z\u00f6gere nicht, uns zu kontaktieren. Deine Zufriedenheit hat f\u00fcr uns oberste Priorit\u00e4t, und wir werden unser Bestes tun, um sicherzustellen, dass du mit deinem einzigartigen Kunstwerk rundum gl\u00fccklich bist.<\/p>\n<p><strong>Warn-und Sicherheitshinweise:<\/strong><br \/>\nBambus kann splittern. \u00dcberpr\u00fcfe den Teller daher bitte vor jedem Gebrauch auf Besch\u00e4digungen um Verletzungen zu vermeiden.<br \/>\nNicht sp\u00fclmaschinen- und mikrowellengeeignet. Den Teller mit warmen Wasser und Sp\u00fclmittel reinigen. <\/p>\n<p><strong>Herstellerinformation:<\/strong><br \/>\nMelanie Hiller, Fr\u00e4ulein M &#8211; Mit Liebe handgemacht, Auf der Windschnur 32, 94469 Deggendorf<br \/>\nEmail: hallo@fraeuleinm.de<\/p>\n","protected":false},"excerpt":{"rendered":"<p><button class=\"wpforms-submit\" onclick=\"window.location.href='#div_anfrage';\">Produkt anfragen<\/button><\/p>\n<div id=\"div_anfrage\">\n<button id=\"div_anfrage_close\" class=\"wpforms-submit\" onclick=\"window.location.href='#';\">Schlie\u00dfen<\/button><\/p>\n<div>\n[wpforms id=\"390\" title=\"true\"]\n<\/div>\n<\/div>\n","protected":false},"featured_media":1072,"template":"","meta":[],"product_brand":[],"product_cat":[43,51],"product_tag":[],"class_list":{"0":"post-1071","1":"product","2":"type-product","3":"status-publish","4":"has-post-thumbnail","6":"product_cat-baby-kinderecke","7":"product_cat-geburt-taufe-kommunion","9":"first","10":"instock","11":"shipping-taxable","12":"product-type-grouped"},"_links":{"self":[{"href":"https:\/\/fraeuleinm.de\/index.php?rest_route=\/wp\/v2\/product\/1071","targetHints":{"allow":["GET"]}}],"collection":[{"href":"https:\/\/fraeuleinm.de\/index.php?rest_route=\/wp\/v2\/product"}],"about":[{"href":"https:\/\/fraeuleinm.de\/index.php?rest_route=\/wp\/v2\/types\/product"}],"wp:featuredmedia":[{"embeddable":true,"href":"https:\/\/fraeuleinm.de\/index.php?rest_route=\/wp\/v2\/media\/1072"}],"wp:attachment":[{"href":"https:\/\/fraeuleinm.de\/index.php?rest_route=%2Fwp%2Fv2%2Fmedia&parent=1071"}],"wp:term":[{"taxonomy":"product_brand","embeddable":true,"href":"https:\/\/fraeuleinm.de\/index.php?rest_route=%2Fwp%2Fv2%2Fproduct_brand&post=1071"},{"taxonomy":"product_cat","embeddable":true,"href":"https:\/\/fraeuleinm.de\/index.php?rest_route=%2Fwp%2Fv2%2Fproduct_cat&post=1071"},{"taxonomy":"product_tag","embeddable":true,"href":"https:\/\/fraeuleinm.de\/index.php?rest_route=%2Fwp%2Fv2%2Fproduct_tag&post=1071"}],"curies":[{"name":"wp","href":"https:\/\/api.w.org\/{rel}","templated":true}]}}