{"id":1111,"date":"2026-02-22T21:14:07","date_gmt":"2026-02-22T19:14:07","guid":{"rendered":"https:\/\/fraeuleinm.de\/?post_type=product&#038;p=1111"},"modified":"2026-02-22T21:36:03","modified_gmt":"2026-02-22T19:36:03","slug":"taufkerze-antonia-mit-blumenkranz-3490-e","status":"publish","type":"product","link":"https:\/\/fraeuleinm.de\/?product=taufkerze-antonia-mit-blumenkranz-3490-e","title":{"rendered":"Taufkerze &#8218;Antonia&#8216; mit Blumenkranz | 34,90 \u20ac"},"content":{"rendered":"<p>Personalisierte Taufkerze \u2013 Symbol des Lichts Christi<\/p>\n<p>Feiere die Taufe mit einer einzigartigen, personalisierten Taufkerze \u2013 einem besonderen Symbol, das das Licht Christi in die Welt des Taufkindes tr\u00e4gt.<br \/>\nUnsere handgefertigten Kerzen vereinen Tradition und modernes Design: zarte Aquarellmotive in sanften Pastellfarben, hochwertige Materialien und liebevolle Handarbeit, machen jede Kerze zu einem echten Unikat.<br \/>\nGestalte Deine Kerze ganz individuell \u2013 mit Name, Taufdatum und einem pers\u00f6nlichen Spruch auf der R\u00fcckseite.<\/p>\n<p><strong>Details:<\/strong><br \/>\n&#8211; die Blockkerze ist duftneutral und naturfarben<br \/>\n&#8211; H\u00f6he 19 cm<br \/>\n&#8211; Brenndauer ca. 70 Std.<br \/>\n&#8211; Material: Fu\u00df: Wachs auf Pflanzenbasis, Paraffinwachs; versiegelt mit Kerzenlack.<br \/>\n&#8211; Docht: Baumwolle und andere Materialien auf Zellulosebasis<br \/>\n&#8211; Weitere Materialien: Stabilisierte Trockenblumen, Chiffonband, ggf. nach Modell mit Anh\u00e4nger aus Pappel- oder Birkensperrholz<\/p>\n<p><strong>F\u00fcr die Fertigstellung der Kerze brauche ich ca. 5-10 Werktage. Bitte bestelle Deine Wunschkerze daher rechtzeitig. Solltest du sie kurzfristig ben\u00f6tigen, setze dich bitte vorab mit mir in Verbindung. <\/strong><\/p>\n<p><strong><br \/>\nWarn- und Sicherheitshinweise:<\/strong><br \/>\nDie Kerze ist kein Spielzeug, sondern Dekoration.<br \/>\n&#8211; Kerze senkrecht aufstellen.<br \/>\n&#8211; Brennende Kerzen nicht unbeaufsichtigt lassen und nicht in die N\u00e4he von leicht entz\u00fcndlichen Dingen oder in die N\u00e4he einer Hitzequelle stellen.<br \/>\n&#8211; Au\u00dfer Reichweite von Kindern und Haustieren halten. Es besteht Brandgefahr!<br \/>\n&#8211; Immer einen hitzebest\u00e4ndigen Kerzenhalter verwenden.<br \/>\n&#8211; Nicht in Zugluft brennen lassen.<br \/>\n&#8211; Docht auf ca. 1 cm k\u00fcrzen und die Kanten k\u00fcrzen, wenn sie h\u00f6her als 1 cm ist.<br \/>\n-Flamme ersticken und nicht ausblasen. Es besteht Verbrennungsgefahr durch hei\u00dfes Wachs!<br \/>\n&#8211; ca. 10 cm Abstand zwischen brennenden Kerzen<br \/>\n&#8211; Nicht bis zur H\u00f6he der Trockenblumen\/Dekoband abbrennen lassen. Brandgefahr!<br \/>\n-Einzelteile wie Trockenblumen und B\u00e4nder k\u00f6nnen sich l\u00f6sen<br \/>\n-Au\u00dfer Reichweite von Kindern und Haustieren aufbewahren<\/p>\n<p><strong>Weitere Hinweise:<\/strong><br \/>\nDie Kerzen werden als Rohlinge vom H\u00e4ndler bezogen und von mir in liebevoller Handarbeit veredelt. Durch den Transport k\u00f6nnen hin und wieder kleinere Unebenheiten entstehen. Diese sind so gut wie unvermeidbar und fallen i. d. R. beim fertiggestellten Produkt nicht auf. Aus Nachhaltigkeitsgr\u00fcnden reklamiere ich diese daher nicht, sondern verarbeiten auch diese Kerzen zu wundervollen Unikaten. Diese Unebenheiten stellen daher keinen Reklamationsgrund dar, sondern verleihen unseren Unikaten einen unverwechselbaren Charme.<br \/>\nEbenso kann es zu Farbunterschieden aufgrund Bildschirmwiedergabe etc. kommen, die ebenfalls keinen Reklamationsgrund darstellen.<br \/>\nDie angebrachten Trockenblumen sind ein Naturprodukt. Auch hier kann es zu Farbabweichungen kommen und stellen keinen Reklamationsgrund dar.<\/p>\n<p><strong>Herstellerangaben: <\/strong><br \/>\nFr\u00e4ulein M, Melanie Hiller, Auf der Windschnur 32, 94469 Deggendorf<br \/>\nEmail: hallo@fraeuleinm.de<\/p>\n","protected":false},"excerpt":{"rendered":"<p><button class=\"wpforms-submit\" onclick=\"window.location.href='#div_anfrage';\">Produkt anfragen<\/button><\/p>\n<div id=\"div_anfrage\">\n<button id=\"div_anfrage_close\" class=\"wpforms-submit\" onclick=\"window.location.href='#';\">Schlie\u00dfen<\/button><\/p>\n<div>\n[wpforms id=\"390\" title=\"true\"]\n<\/div>\n<\/div>\n","protected":false},"featured_media":1112,"template":"","meta":[],"product_brand":[],"product_cat":[51,48],"product_tag":[],"class_list":{"0":"post-1111","1":"product","2":"type-product","3":"status-publish","4":"has-post-thumbnail","6":"product_cat-geburt-taufe-kommunion","7":"product_cat-kerzen-kerzenboxen","9":"first","10":"instock","11":"shipping-taxable","12":"product-type-grouped"},"_links":{"self":[{"href":"https:\/\/fraeuleinm.de\/index.php?rest_route=\/wp\/v2\/product\/1111","targetHints":{"allow":["GET"]}}],"collection":[{"href":"https:\/\/fraeuleinm.de\/index.php?rest_route=\/wp\/v2\/product"}],"about":[{"href":"https:\/\/fraeuleinm.de\/index.php?rest_route=\/wp\/v2\/types\/product"}],"wp:featuredmedia":[{"embeddable":true,"href":"https:\/\/fraeuleinm.de\/index.php?rest_route=\/wp\/v2\/media\/1112"}],"wp:attachment":[{"href":"https:\/\/fraeuleinm.de\/index.php?rest_route=%2Fwp%2Fv2%2Fmedia&parent=1111"}],"wp:term":[{"taxonomy":"product_brand","embeddable":true,"href":"https:\/\/fraeuleinm.de\/index.php?rest_route=%2Fwp%2Fv2%2Fproduct_brand&post=1111"},{"taxonomy":"product_cat","embeddable":true,"href":"https:\/\/fraeuleinm.de\/index.php?rest_route=%2Fwp%2Fv2%2Fproduct_cat&post=1111"},{"taxonomy":"product_tag","embeddable":true,"href":"https:\/\/fraeuleinm.de\/index.php?rest_route=%2Fwp%2Fv2%2Fproduct_tag&post=1111"}],"curies":[{"name":"wp","href":"https:\/\/api.w.org\/{rel}","templated":true}]}}