{"id":1116,"date":"2026-02-22T21:39:18","date_gmt":"2026-02-22T19:39:18","guid":{"rendered":"https:\/\/fraeuleinm.de\/?post_type=product&#038;p=1116"},"modified":"2026-02-26T21:55:43","modified_gmt":"2026-02-26T19:55:43","slug":"personalisierte-kerzenbox-aus-holz-2890-e","status":"publish","type":"product","link":"https:\/\/fraeuleinm.de\/?product=personalisierte-kerzenbox-aus-holz-2890-e","title":{"rendered":"Personalisierte Kerzenbox aus Holz | 28,90 \u20ac"},"content":{"rendered":"<p>Aufbewahrungsbox f\u00fcr die Taufkerze.<\/p>\n<p>Bewahre das Licht der Taufe sicher und stilvoll auf \u2013 mit unserer liebevoll gefertigten Aufbewahrungsbox aus Birkenholz. Jede Box wird individuell mit dem Namen des Taufkindes veredelt und ist damit ein ganz pers\u00f6nliches Erinnerungsst\u00fcck. Das nat\u00fcrliche, helle Holz verleiht der Box eine warme, schlichte Eleganz \u2013 perfekt f\u00fcr klassische und moderne Tauffeste. Innen bietet sie ausreichend Platz f\u00fcr die Taufkerze und kleine Andenken an diesen besonderen Tag.<br \/>\nOb als Erg\u00e4nzung zur Taufkerze oder als besonderes Geschenk von Paten oder Gro\u00dfeltern \u2013 diese Box sch\u00fctzt nicht nur die Kerze, sondern bewahrt die Bedeutung und Erinnerung der Taufe f\u00fcr viele Jahre.<\/p>\n<p>Die Holzbox wird mit deinem Wunschnamen personalisiert. Die angebrachten Trockenblumen werden farblich passend zu Deiner ausgew\u00e4hlten Kerze abgestimmt.<\/p>\n<p><strong>Details: <\/strong><br \/>\nAbmessungen au\u00dfen:<br \/>\n37,6&#215;10,6&#215;10,2cm<\/p>\n<p>Abmessungen innen:<br \/>\nMa\u00dfe 36x9x9cm<br \/>\nMaterial: Birkensperrholz, Holzperlen, Jutegarn, Trockenblumen, Acryllack, Anh\u00e4nger aus Pappel- oder Birkensperrholz.<\/p>\n<p><strong>Warn- und Sicherheitshinweise:<\/strong><br \/>\n&#8211; Dieses Produkt ist kein Spielzeug, sondern eine Aufbewahrungsm\u00f6glichkeit. Verwendung nur von Erwachsenen oder unter Aufsicht von Erwachsenen.<br \/>\n&#8211; Material- oder nutzungsbedingt abgebrochene oder abgel\u00f6ste Holzteile oder ggf. dekoratives Zubeh\u00f6r, wie z. B. Trockenblumen oder Holzperlen k\u00f6nnen verschluckt werden.<br \/>\n&#8211; Strangulationsgefahr durch mitgelieferte bzw. angebrachte B\u00e4nder\/Schn\u00fcre.<br \/>\n&#8211; Aufbewahrungsbox vor jedem Gebrauch oder \u201ain die Hand nehmen\u2018 auf Besch\u00e4digungen \u00fcberpr\u00fcfen.<br \/>\n&#8211; Das Holz kann brechen bzw. splittern. Die Box regelm\u00e4\u00dfig auf Besch\u00e4digungen \u00fcberpr\u00fcfen um Verletzungen zu vermeiden.<br \/>\n&#8211; Holz ist leicht entflammbar. Von Hitzequellen und offenen Feuer fernhalten. <\/p>\n<p><strong>Hinweis: <\/strong> Du erwirbst die Kerzenbox ohne Inhalt bzw. ohne F\u00fcllmaterial. <\/p>\n<p><strong>Herstellerangaben: <\/strong><br \/>\nFr\u00e4ulein M, Melanie Hiller, Auf der Windschnur 32, 94469 Deggendorf<br \/>\nEmail: hallo@fraeuleinm.de<\/p>\n","protected":false},"excerpt":{"rendered":"<p><button class=\"wpforms-submit\" onclick=\"window.location.href='#div_anfrage';\">Produkt anfragen<\/button><\/p>\n<div id=\"div_anfrage\">\n<button id=\"div_anfrage_close\" class=\"wpforms-submit\" onclick=\"window.location.href='#';\">Schlie\u00dfen<\/button><\/p>\n<div>\n[wpforms id=\"390\" title=\"true\"]\n<\/div>\n<\/div>\n","protected":false},"featured_media":1117,"template":"","meta":[],"product_brand":[],"product_cat":[51,48],"product_tag":[],"class_list":{"0":"post-1116","1":"product","2":"type-product","3":"status-publish","4":"has-post-thumbnail","6":"product_cat-geburt-taufe-kommunion","7":"product_cat-kerzen-kerzenboxen","9":"first","10":"instock","11":"shipping-taxable","12":"product-type-grouped"},"_links":{"self":[{"href":"https:\/\/fraeuleinm.de\/index.php?rest_route=\/wp\/v2\/product\/1116","targetHints":{"allow":["GET"]}}],"collection":[{"href":"https:\/\/fraeuleinm.de\/index.php?rest_route=\/wp\/v2\/product"}],"about":[{"href":"https:\/\/fraeuleinm.de\/index.php?rest_route=\/wp\/v2\/types\/product"}],"wp:featuredmedia":[{"embeddable":true,"href":"https:\/\/fraeuleinm.de\/index.php?rest_route=\/wp\/v2\/media\/1117"}],"wp:attachment":[{"href":"https:\/\/fraeuleinm.de\/index.php?rest_route=%2Fwp%2Fv2%2Fmedia&parent=1116"}],"wp:term":[{"taxonomy":"product_brand","embeddable":true,"href":"https:\/\/fraeuleinm.de\/index.php?rest_route=%2Fwp%2Fv2%2Fproduct_brand&post=1116"},{"taxonomy":"product_cat","embeddable":true,"href":"https:\/\/fraeuleinm.de\/index.php?rest_route=%2Fwp%2Fv2%2Fproduct_cat&post=1116"},{"taxonomy":"product_tag","embeddable":true,"href":"https:\/\/fraeuleinm.de\/index.php?rest_route=%2Fwp%2Fv2%2Fproduct_tag&post=1116"}],"curies":[{"name":"wp","href":"https:\/\/api.w.org\/{rel}","templated":true}]}}