{"id":530,"date":"2024-11-07T17:41:47","date_gmt":"2024-11-07T15:41:47","guid":{"rendered":"https:\/\/fraeuleinm.de\/?post_type=product&#038;p=530"},"modified":"2026-02-19T21:39:44","modified_gmt":"2026-02-19T19:39:44","slug":"besteckhalter-tanne-frohe-weihnachten-ab-450-e","status":"publish","type":"product","link":"https:\/\/fraeuleinm.de\/?product=besteckhalter-tanne-frohe-weihnachten-ab-450-e","title":{"rendered":"Besteckhalter Tanne &#8222;Frohe Weihnachten&#8220; | ab 4,50 \u20ac"},"content":{"rendered":"<p>Du m\u00f6chtest einen ganz besonderen Tisch zum Weihnachtsfest?<\/p>\n<p>Dann zaubere mit diesen liebevoll gestalteten Besteck-, Servietten- oder Men\u00fchalter tolle Hingucker auf deinem gedeckten Tisch. Ein toller Allrounder, egal, ob f\u00fcr einen Fr\u00fchst\u00fccksbrunch oder ein schickes Abendessen mit deinen Liebsten.<br \/>\nDas Tolle, die Tannenb\u00e4umchen sind nicht nur Besteckhalter sondern k\u00f6nnen auch als Gutschein- oder Geldgeschenkhalter genutzt werden. \u2661<\/p>\n<p>Ein Set eignet sich auch super als kleines Mitbringsel bei einer Einladung oder als kleines Wichtelgeschenk.<\/p>\n<p><strong>Material\/Pflege:<\/strong><br \/>\n100% Polyester Filz gest\u00e4rkt<br \/>\nNicht waschbar<\/p>\n<p><strong>Ma\u00dfe:<\/strong><br \/>\nB19xT0,3xH23 cm<\/p>\n<p><strong>Preise:<\/strong><br \/>\nEinzeln:\u00a0 \u00a0 4,50 \u20ac<br \/>\n4er\u00a0 \u00a0Set: 16,00 \u20ac<br \/>\n6er\u00a0 \u00a0Set: 23,00 \u20ac<br \/>\n8er\u00a0 \u00a0Set: 30,00 \u20ac<br \/>\n12er Set: 42,00 \u20ac<\/p>\n<p><strong>Warn- und Sicherheitshiweise:<\/strong><br \/>\nFilz ist leicht entflammbar. Von Hitzequellen und offenem Feuer fernhalten. Regelm\u00e4\u00dfig auf Besch\u00e4digungen \u00fcberpr\u00fcfen.<br \/>\nGeeignet f\u00fcr Dekozwecke. Kein Spielzeug. <\/p>\n<p><strong>Herstellerinformation<\/strong><br \/>\nMelanie Hiller, Fr\u00e4ulein M &#8211; mit Liebe handgemacht, Auf der Windschnur 32, 94469 Deggendorf<br \/>\nEmail: hallo@fraeuleinm.de<\/p>\n","protected":false},"excerpt":{"rendered":"<p><button class=\"wpforms-submit\" onclick=\"window.location.href='#div_anfrage';\">Produkt anfragen<\/button><\/p>\n<div id=\"div_anfrage\">\n<button id=\"div_anfrage_close\" class=\"wpforms-submit\" onclick=\"window.location.href='#';\">Schlie\u00dfen<\/button><\/p>\n<div>\n[wpforms id=\"390\" title=\"true\"]\n<\/div>\n<\/div>\n","protected":false},"featured_media":512,"template":"","meta":[],"product_brand":[],"product_cat":[33],"product_tag":[],"class_list":{"0":"post-530","1":"product","2":"type-product","3":"status-publish","4":"has-post-thumbnail","6":"product_cat-weihnachten","8":"first","9":"instock","10":"shipping-taxable","11":"product-type-grouped"},"_links":{"self":[{"href":"https:\/\/fraeuleinm.de\/index.php?rest_route=\/wp\/v2\/product\/530","targetHints":{"allow":["GET"]}}],"collection":[{"href":"https:\/\/fraeuleinm.de\/index.php?rest_route=\/wp\/v2\/product"}],"about":[{"href":"https:\/\/fraeuleinm.de\/index.php?rest_route=\/wp\/v2\/types\/product"}],"wp:featuredmedia":[{"embeddable":true,"href":"https:\/\/fraeuleinm.de\/index.php?rest_route=\/wp\/v2\/media\/512"}],"wp:attachment":[{"href":"https:\/\/fraeuleinm.de\/index.php?rest_route=%2Fwp%2Fv2%2Fmedia&parent=530"}],"wp:term":[{"taxonomy":"product_brand","embeddable":true,"href":"https:\/\/fraeuleinm.de\/index.php?rest_route=%2Fwp%2Fv2%2Fproduct_brand&post=530"},{"taxonomy":"product_cat","embeddable":true,"href":"https:\/\/fraeuleinm.de\/index.php?rest_route=%2Fwp%2Fv2%2Fproduct_cat&post=530"},{"taxonomy":"product_tag","embeddable":true,"href":"https:\/\/fraeuleinm.de\/index.php?rest_route=%2Fwp%2Fv2%2Fproduct_tag&post=530"}],"curies":[{"name":"wp","href":"https:\/\/api.w.org\/{rel}","templated":true}]}}