{"id":531,"date":"2024-11-07T17:50:52","date_gmt":"2024-11-07T15:50:52","guid":{"rendered":"https:\/\/fraeuleinm.de\/?post_type=product&#038;p=531"},"modified":"2026-02-19T21:35:02","modified_gmt":"2026-02-19T19:35:02","slug":"u-heft-huelle-beige-mit-personalisierung-1990-e","status":"publish","type":"product","link":"https:\/\/fraeuleinm.de\/?product=u-heft-huelle-beige-mit-personalisierung-1990-e","title":{"rendered":"U-Heft H\u00fclle | personalisiert | Beige | 19,90 \u20ac"},"content":{"rendered":"<p>Personalisierte H\u00fclle f\u00fcr das Untersuchungsheft, Impfpass und Versichertenkarte \u2013 in stilvollem und zeitlosem Design.<\/p>\n<p>Entdecke unsere einzigartige H\u00fclle f\u00fcr das Untersuchungsheft, gefertigt aus hochwertigem Filz in warmem Beige.<\/p>\n<p>Diese liebevoll handgemachte H\u00fclle bietet nicht nur Platz f\u00fcr das Untersuchungsheft, Impfpass und die Versichertenkarte, sondern bietet auch den optimalen Schutz dieser wichtigen Dinge.<\/p>\n<p>Jede H\u00fclle ist ein Unikat, das mit viel Sorgfalt und Liebe hergestellt wird. Personalisiert mit Namen des Kindes ist es auch ein wunderbares Geschenk zur Geburt oder Taufe eines neuen Erdenb\u00fcrgers.<\/p>\n<p>Zudem setzt Du mit dieser Wahl ein Zeichen f\u00fcr Nachhaltigkeit, denn unser Filz ist umweltfreundlich und langlebig.<\/p>\n<p>Unser U-Heft H\u00fclle vereint Funktionalit\u00e4t, Stil und Verantwortung.<\/p>\n<p><strong>Details: <\/strong><br \/>\nMaterial: Filz aus 100 % Polyester<\/p>\n<p><strong>Warn- und Sicherheitshinweise:<\/strong><br \/>\nFilz ist leicht entflammbar. Von Hitzequellen und offenen Feuer fernhalten.<br \/>\nRegelm\u00e4\u00dfig auf Besch\u00e4digungen \u00fcberpr\u00fcfen. Au\u00dferhalb der Reichweite von Kindern aufbewahren. Kein Spielzeug.<br \/>\nEs besteht Strangulationsgefahr aufgrund des Gummiverschlusses. <\/p>\n<p><strong>Herstellerinformation<\/strong><br \/>\nMelanie Hiller, Fr\u00e4ulein M &#8211; mit Liebe handgemacht, Auf der Windschnur 32, 94469 Deggendorf<br \/>\nEmail: hallo@fraeuleinm.de<\/p>\n","protected":false},"excerpt":{"rendered":"<p><button class=\"wpforms-submit\" onclick=\"window.location.href='#div_anfrage';\">Produkt anfragen<\/button><\/p>\n<div id=\"div_anfrage\">\n<button id=\"div_anfrage_close\" class=\"wpforms-submit\" onclick=\"window.location.href='#';\">Schlie\u00dfen<\/button><\/p>\n<div>\n[wpforms id=\"390\" title=\"true\"]\n<\/div>\n<\/div>\n","protected":false},"featured_media":534,"template":"","meta":[],"product_brand":[],"product_cat":[43,51],"product_tag":[],"class_list":{"0":"post-531","1":"product","2":"type-product","3":"status-publish","4":"has-post-thumbnail","6":"product_cat-baby-kinderecke","7":"product_cat-geburt-taufe-kommunion","9":"first","10":"instock","11":"shipping-taxable","12":"product-type-grouped"},"_links":{"self":[{"href":"https:\/\/fraeuleinm.de\/index.php?rest_route=\/wp\/v2\/product\/531","targetHints":{"allow":["GET"]}}],"collection":[{"href":"https:\/\/fraeuleinm.de\/index.php?rest_route=\/wp\/v2\/product"}],"about":[{"href":"https:\/\/fraeuleinm.de\/index.php?rest_route=\/wp\/v2\/types\/product"}],"wp:featuredmedia":[{"embeddable":true,"href":"https:\/\/fraeuleinm.de\/index.php?rest_route=\/wp\/v2\/media\/534"}],"wp:attachment":[{"href":"https:\/\/fraeuleinm.de\/index.php?rest_route=%2Fwp%2Fv2%2Fmedia&parent=531"}],"wp:term":[{"taxonomy":"product_brand","embeddable":true,"href":"https:\/\/fraeuleinm.de\/index.php?rest_route=%2Fwp%2Fv2%2Fproduct_brand&post=531"},{"taxonomy":"product_cat","embeddable":true,"href":"https:\/\/fraeuleinm.de\/index.php?rest_route=%2Fwp%2Fv2%2Fproduct_cat&post=531"},{"taxonomy":"product_tag","embeddable":true,"href":"https:\/\/fraeuleinm.de\/index.php?rest_route=%2Fwp%2Fv2%2Fproduct_tag&post=531"}],"curies":[{"name":"wp","href":"https:\/\/api.w.org\/{rel}","templated":true}]}}