{"id":571,"date":"2024-11-07T20:37:36","date_gmt":"2024-11-07T18:37:36","guid":{"rendered":"https:\/\/fraeuleinm.de\/?post_type=product&#038;p=571"},"modified":"2026-02-19T21:18:15","modified_gmt":"2026-02-19T19:18:15","slug":"bierglasdeckel-hirsch-glasdeckel-krugabdeckung-weinglasabdeckung-900-e","status":"publish","type":"product","link":"https:\/\/fraeuleinm.de\/?product=bierglasdeckel-hirsch-glasdeckel-krugabdeckung-weinglasabdeckung-900-e","title":{"rendered":"Bierglasdeckel &#8218;Hirsch&#8216; | Glasdeckel | Krugabdeckung | Weinglasabdeckung | 9,00\u00a0\u20ac"},"content":{"rendered":"<p>Liebevoll gestalteter Glasdeckel f\u00fcr die meisten Gl\u00e4ser und Kr\u00fcge, wie zum Beispiel vom Weinglas mit 0,3 bis zum Ma\u00dfkrug mit 1,0 Liter F\u00fcllvolumen. <\/p>\n<p>Garantiert ein Highlight beim n\u00e4chsten Geburtstagsgeschenk. <\/p>\n<p>Die Glasabdeckung besteht aus Buchenholz und werden mittels Lasergravur bearbeitet.<br \/>\nSie sind robust, langlebig und unheimlich praktisch. <\/p>\n<p>Die R\u00fcckseite des Bierdeckels hat einen Absatz mit einem Durchmesser von 6,5 cm. Hiermit sorgt er f\u00fcr zus\u00e4tzliche Stabilit\u00e4t. So bleibt der Bierdeckel auch bei Bewegungen und Ersch\u00fctterungen sicher auf dem Glas \/ Krug liegen.<\/p>\n<p>Der nat\u00fcrliche Look und die warme Farbe des Buchenholzes machen diesen Bierdeckel nicht nur zu einem extrem n\u00fctzlichen, sondern auch zu einem dekorativen Element. Ob f\u00fcr den t\u00e4glichen Gebrauch oder f\u00fcr besondere Anl\u00e4sse &#8211; dieser Glasdeckel ist ein praktisches und sch\u00f6nes Accessoire f\u00fcr jeden Bier- oder Weinliebhaber.<br \/>\n<strong><br \/>\nDie Abma\u00dfe:<\/strong><br \/>\nDurchmesser gesamt ca. 10cm<br \/>\nDurchmesser R\u00fcckseite f\u00fcr Glasrand ca. 6,5cm<br \/>\nSt\u00e4rke ca. 1,5cm<\/p>\n<p><strong>Hinweis:<\/strong><br \/>\nDiese Produkte werden liebevoll und sorgf\u00e4ltig mittels Lasergravur veredelt. Daher kann es zu minimalen Abweichungen zur Abbildung kommen. Holz ist ein Naturmaterial, daher kann es zu anderen Holzmaserungen und Unebenheiten kommen. All dies stellt keinen Mangel dar und ist daher kein Reklamations- und\/oder Umtauschgrund. Vielmehr zeigen sie die Handarbeit und machen daher jedes Teil zu einem Unikat.<br \/>\n<strong><br \/>\nPflege- und Verwendungshinweis:<\/strong><br \/>\n\u00d7 Nach jeder Nutzung beidseitig mit lauwarmem Wasser und etwas Sp\u00fclmittel sp\u00fclen.<br \/>\n\u00d7 Nicht einseitig waschen, um Spannungen im Holz zu verhindern.<br \/>\n\u00d7 Nicht in Wasser einweichen.<br \/>\n\u00d7 Nicht sp\u00fchlmaschinengeeignet.<\/p>\n<p><strong>Warn- und Sicherheitshinweis:<\/strong><br \/>\nHolz kann splittern. Bitte vor jedem Gebrauch auf Besch\u00e4digungen \u00fcberpr\u00fcfen um Verletzungen zu vermeiden. <\/p>\n<p><strong>Herstellerinformation<\/strong><br \/>\nMelanie Hiller, Fr\u00e4ulein M &#8211; mit Liebe handgemacht, Auf der Windschnur 32, 94469 Deggendorf<br \/>\nEmail: hallo@fraeuleinm.de<\/p>\n","protected":false},"excerpt":{"rendered":"<p><button class=\"wpforms-submit\" onclick=\"window.location.href='#div_anfrage';\">Produkt anfragen<\/button><\/p>\n<div id=\"div_anfrage\">\n<button id=\"div_anfrage_close\" class=\"wpforms-submit\" onclick=\"window.location.href='#';\">Schlie\u00dfen<\/button><\/p>\n<div>\n[wpforms id=\"390\" title=\"true\"]\n<\/div>\n<\/div>\n","protected":false},"featured_media":563,"template":"","meta":[],"product_brand":[],"product_cat":[28],"product_tag":[],"class_list":{"0":"post-571","1":"product","2":"type-product","3":"status-publish","4":"has-post-thumbnail","6":"product_cat-untersetzer-glas-bierkrugdeckel","8":"first","9":"instock","10":"shipping-taxable","11":"product-type-grouped"},"_links":{"self":[{"href":"https:\/\/fraeuleinm.de\/index.php?rest_route=\/wp\/v2\/product\/571","targetHints":{"allow":["GET"]}}],"collection":[{"href":"https:\/\/fraeuleinm.de\/index.php?rest_route=\/wp\/v2\/product"}],"about":[{"href":"https:\/\/fraeuleinm.de\/index.php?rest_route=\/wp\/v2\/types\/product"}],"wp:featuredmedia":[{"embeddable":true,"href":"https:\/\/fraeuleinm.de\/index.php?rest_route=\/wp\/v2\/media\/563"}],"wp:attachment":[{"href":"https:\/\/fraeuleinm.de\/index.php?rest_route=%2Fwp%2Fv2%2Fmedia&parent=571"}],"wp:term":[{"taxonomy":"product_brand","embeddable":true,"href":"https:\/\/fraeuleinm.de\/index.php?rest_route=%2Fwp%2Fv2%2Fproduct_brand&post=571"},{"taxonomy":"product_cat","embeddable":true,"href":"https:\/\/fraeuleinm.de\/index.php?rest_route=%2Fwp%2Fv2%2Fproduct_cat&post=571"},{"taxonomy":"product_tag","embeddable":true,"href":"https:\/\/fraeuleinm.de\/index.php?rest_route=%2Fwp%2Fv2%2Fproduct_tag&post=571"}],"curies":[{"name":"wp","href":"https:\/\/api.w.org\/{rel}","templated":true}]}}