{"id":578,"date":"2024-11-07T22:05:07","date_gmt":"2024-11-07T20:05:07","guid":{"rendered":"https:\/\/fraeuleinm.de\/?post_type=product&#038;p=578"},"modified":"2026-02-19T15:36:37","modified_gmt":"2026-02-19T13:36:37","slug":"cake-topper-name-taube-personalisiert-19-e","status":"publish","type":"product","link":"https:\/\/fraeuleinm.de\/?product=cake-topper-name-taube-personalisiert-19-e","title":{"rendered":"Cake Topper | Name &#038; Taube | personalisiert | 18,90 \u20ac"},"content":{"rendered":"<p>Auf der Suche nach einem Cake Topper f\u00fcr die Taufe? Die Suche hat ein Ende. \u2661<\/p>\n<p>Diese Set-Kombi aus Name und Taube ist Dein pers\u00f6nlicher Eyecatcher auf der Tauftorte, kann aber auch danach f\u00fcr Geburtstage verwendet werden. Erg\u00e4nzt mit unseren Tier- oder Zahlenstecker kannst du so immer wieder auf das Neue Kuchen oder Torten gestalten.<\/p>\n<p>Details:<br \/>\nMa\u00dfe ca. 16&#215;20 cm (inkl. Spie\u00df)<br \/>\nPappelsperrholz 4 mm dick<br \/>\nDekoartikel und kein Spielzeug<\/p>\n<p>Hinweis:<br \/>\nDa das Produkt personalisiert ist und extra f\u00fcr Dich angefertigt wird, ist eine R\u00fcckgabe nicht m\u00f6glich. Bei Reklamationen kannst Du aber gerne Kontakt mit uns aufnehmen.<\/p>\n<p>Maserung und Farbe sind naturbedingt und k\u00f6nnen variieren. Au\u00dferdem k\u00f6nnen auf der R\u00fcckseite Bearbeitungs- und Schmauchspuren zu sehen sein. Dies stellt kein Reklamationsgrund darf.<\/p>\n<p><strong>Warn- und Sicherheitshinweise:<\/strong><br \/>\nF\u00fcr Dekozwecke auf Torten oder Kuchen vorgesehen. Vor dem ersten Gebrauch die R\u00e4nder des Einsteckers feucht abwischen..Vor jedem Gebrauch auf Besch\u00e4digungen \u00fcberpr\u00fcfen um Verletzungen zu vermeiden (Holzsplitter). Aufbewahrung au\u00dferhalb der Reichweite von Kindern. Es besteht Erstickungsgefahr beim Verschlucken von abgebrochenen Holzteilchen<\/p>\n<p><strong>Herstellerinformation<\/strong><br \/>\nMelanie Hiller, Fr\u00e4ulein M &#8211; mit Liebe handgemacht, Auf der Windschnur 32, 94469 Deggendorf<br \/>\nEmail: hallo@fraeuleinm.de<\/p>\n","protected":false},"excerpt":{"rendered":"<p><button class=\"wpforms-submit\" onclick=\"window.location.href='#div_anfrage';\">Produkt anfragen<\/button><\/p>\n<div id=\"div_anfrage\">\n<button id=\"div_anfrage_close\" class=\"wpforms-submit\" onclick=\"window.location.href='#';\">Schlie\u00dfen<\/button><\/p>\n<div>\n[wpforms id=\"390\" title=\"true\"]\n<\/div>\n<\/div>\n","protected":false},"featured_media":579,"template":"","meta":[],"product_brand":[],"product_cat":[46,51],"product_tag":[],"class_list":{"0":"post-578","1":"product","2":"type-product","3":"status-publish","4":"has-post-thumbnail","6":"product_cat-caketopper","7":"product_cat-geburt-taufe-kommunion","9":"first","10":"instock","11":"shipping-taxable","12":"product-type-grouped"},"_links":{"self":[{"href":"https:\/\/fraeuleinm.de\/index.php?rest_route=\/wp\/v2\/product\/578","targetHints":{"allow":["GET"]}}],"collection":[{"href":"https:\/\/fraeuleinm.de\/index.php?rest_route=\/wp\/v2\/product"}],"about":[{"href":"https:\/\/fraeuleinm.de\/index.php?rest_route=\/wp\/v2\/types\/product"}],"wp:featuredmedia":[{"embeddable":true,"href":"https:\/\/fraeuleinm.de\/index.php?rest_route=\/wp\/v2\/media\/579"}],"wp:attachment":[{"href":"https:\/\/fraeuleinm.de\/index.php?rest_route=%2Fwp%2Fv2%2Fmedia&parent=578"}],"wp:term":[{"taxonomy":"product_brand","embeddable":true,"href":"https:\/\/fraeuleinm.de\/index.php?rest_route=%2Fwp%2Fv2%2Fproduct_brand&post=578"},{"taxonomy":"product_cat","embeddable":true,"href":"https:\/\/fraeuleinm.de\/index.php?rest_route=%2Fwp%2Fv2%2Fproduct_cat&post=578"},{"taxonomy":"product_tag","embeddable":true,"href":"https:\/\/fraeuleinm.de\/index.php?rest_route=%2Fwp%2Fv2%2Fproduct_tag&post=578"}],"curies":[{"name":"wp","href":"https:\/\/api.w.org\/{rel}","templated":true}]}}