{"id":584,"date":"2024-11-10T00:13:00","date_gmt":"2024-11-09T22:13:00","guid":{"rendered":"https:\/\/fraeuleinm.de\/?post_type=product&#038;p=584"},"modified":"2026-02-19T21:06:58","modified_gmt":"2026-02-19T19:06:58","slug":"brotzeitbrett-dekobrett-rentner-1800-e-kopie","status":"publish","type":"product","link":"https:\/\/fraeuleinm.de\/?product=brotzeitbrett-dekobrett-rentner-1800-e-kopie","title":{"rendered":"Brotzeitbrett | Dekobrett | Rentner | 17,90 \u20ac"},"content":{"rendered":"<p>Brotzeit- oder Dekobrett f\u00fcr Rentner \u2013 Das perfekte Geschenk zum Ruhestand<\/p>\n<p>Suchst Du nach einem besonderen Geschenk f\u00fcr einen Kollegen, der in den wohlverdienten Ruhestand geht? Unser hochwertiges Brotzeit- oder Dekobrett ist nicht nur praktisch, sondern auch ein echter Blickfang! Ideal f\u00fcr den neuen Lebensabschnitt \u2013 ob zum Fr\u00fchst\u00fcck, beim gemeinsamen Essen mit Freunden oder als stilvolle Dekoration im Wohnzimmer.<\/p>\n<p>Jedes Brett wird aus robustem, nachhaltigem Holz gefertigt und mit Lasergravur veredelt. &#8211; Ein einzigartiges Erinnerungsst\u00fcck, das mit einer passenden Definitionskarte abgerundet wird.<\/p>\n<p>Ma\u00dfe: 32x14x1,2 cm<br \/>\nMaterial: Europ\u00e4ische unvFSC\u00ae Erleimte FSC\u00ae Erle<\/p>\n<p><strong>Warn- und Sicherheitshinweis: <\/strong><br \/>\nNicht sp\u00fclmaschinengeeignet. Hohe Temperaturen besch\u00e4digen die Oberfl\u00e4che. Daher nur mit warmem Wasser und mildem Sp\u00fclmittel reinigen. Nicht in Wasser einweichen.<br \/>\nVor dem ersten Gebrauch sp\u00fclen und mit Lein\u00f6l einreiben. Holz kann splittern. Vor jedem Gebrauch auf Besch\u00e4digungen \u00fcberpr\u00fcfen um Verletzungen zu vermeiden. Regelm\u00e4\u00dfig mit Lein\u00f6l einreiben. <\/p>\n<p><strong>Herstellerinformation<\/strong><br \/>\nMelanie Hiller, Fr\u00e4ulein M &#8211; mit Liebe handgemacht, Auf der Windschnur 32, 94469 Deggendorf<br \/>\nEmail: hallo@fraeuleinm.de<\/p>\n","protected":false},"excerpt":{"rendered":"<p><button class=\"wpforms-submit\" onclick=\"window.location.href='#div_anfrage';\">Produkt anfragen<\/button><\/p>\n<div id=\"div_anfrage\">\n<button id=\"div_anfrage_close\" class=\"wpforms-submit\" onclick=\"window.location.href='#';\">Schlie\u00dfen<\/button><\/p>\n<div>\n[wpforms id=\"390\" title=\"true\"]\n<\/div>\n<\/div>\n","protected":false},"featured_media":585,"template":"","meta":[],"product_brand":[],"product_cat":[45,47],"product_tag":[],"class_list":{"0":"post-584","1":"product","2":"type-product","3":"status-publish","4":"has-post-thumbnail","6":"product_cat-besonderesausholz","7":"product_cat-geschenkideen","9":"first","10":"instock","11":"shipping-taxable","12":"product-type-grouped"},"_links":{"self":[{"href":"https:\/\/fraeuleinm.de\/index.php?rest_route=\/wp\/v2\/product\/584","targetHints":{"allow":["GET"]}}],"collection":[{"href":"https:\/\/fraeuleinm.de\/index.php?rest_route=\/wp\/v2\/product"}],"about":[{"href":"https:\/\/fraeuleinm.de\/index.php?rest_route=\/wp\/v2\/types\/product"}],"wp:featuredmedia":[{"embeddable":true,"href":"https:\/\/fraeuleinm.de\/index.php?rest_route=\/wp\/v2\/media\/585"}],"wp:attachment":[{"href":"https:\/\/fraeuleinm.de\/index.php?rest_route=%2Fwp%2Fv2%2Fmedia&parent=584"}],"wp:term":[{"taxonomy":"product_brand","embeddable":true,"href":"https:\/\/fraeuleinm.de\/index.php?rest_route=%2Fwp%2Fv2%2Fproduct_brand&post=584"},{"taxonomy":"product_cat","embeddable":true,"href":"https:\/\/fraeuleinm.de\/index.php?rest_route=%2Fwp%2Fv2%2Fproduct_cat&post=584"},{"taxonomy":"product_tag","embeddable":true,"href":"https:\/\/fraeuleinm.de\/index.php?rest_route=%2Fwp%2Fv2%2Fproduct_tag&post=584"}],"curies":[{"name":"wp","href":"https:\/\/api.w.org\/{rel}","templated":true}]}}