{"id":599,"date":"2024-11-19T22:14:50","date_gmt":"2024-11-19T20:14:50","guid":{"rendered":"https:\/\/fraeuleinm.de\/?post_type=product&#038;p=599"},"modified":"2026-02-19T20:56:07","modified_gmt":"2026-02-19T18:56:07","slug":"emaillebecher-beamtendiesel","status":"publish","type":"product","link":"https:\/\/fraeuleinm.de\/?product=emaillebecher-beamtendiesel","title":{"rendered":"Emaillebecher &#8222;Beamtendiesel&#8220; | 16,90 \u20ac"},"content":{"rendered":"<p>Tasse \u201eBeamtendiesel\u201c \u2013 Das perfekte Geschenk f\u00fcr echte Paragrafenhelden!<\/p>\n<p>Jeder kennt sie, jeder hat eine oder einen im n\u00e4heren Umfeld \u2013 die Beamten, die meist mit Ruhe und Pr\u00e4zision den Alltag meistern.<br \/>\nWas w\u00e4re allerdings ein Beamter ohne seinen Kaffee? Diese Tasse ist der ideale Begleiter f\u00fcr all jene, die im B\u00fcro und im Alltag mit Herz und Gesetzestexten durch den Tag gehen oder f\u00fcr Sicherheit und Ordnung in der Bev\u00f6lkerung sorgen.<\/p>\n<p>Mit dem humorvollen \u201eBeamtendiesel\u201c-Schriftzug ist sie nicht nur ein praktisches, sondern auch ein witziges Geschenk f\u00fcr alle, die im \u00f6ffentlichen Dienst t\u00e4glich ihren Beitrag leisten. Ob zum Feierabendkaffee oder als treuer Begleiter im B\u00fcro \u2013 diese Tasse sorgt f\u00fcr den richtigen \u201eDiesel\u201c-Antrieb und eine Portion Schmunzeln.<\/p>\n<p>Details:<br \/>\nFassungsvolumen: 300 ml<br \/>\nMaterial: Emaille<br \/>\nGewicht: 172g<br \/>\nReinigung: Handw\u00e4sche empfohlen<\/p>\n<p><strong>Warn- und Sicherheitshinweise: <\/strong><br \/>\nSp\u00fclmaschinengeeignet, es wird jedoch Handw\u00e4sche empfohlen. Nicht mikrowellengeeignet.<br \/>\nVor dem ersten Gebrauch sp\u00fclen. Vor jedem Gebrauch auf Besch\u00e4digungen \u00fcberpr\u00fcfen. Tasse kann je nach Inhalt hei\u00df werden.<\/p>\n<p><strong>Herstellerinformation:<\/strong><br \/>\nMelanie Hiller, Fr\u00e4ulein M &#8211; Mit Liebe handgemacht, Auf der Windschnur 32, 94469 Deggendorf<br \/>\nEmail: hallo@fraeuleinm.de<\/p>\n","protected":false},"excerpt":{"rendered":"<p><button class=\"wpforms-submit\" onclick=\"window.location.href='#div_anfrage';\">Produkt anfragen<\/button><\/p>\n<div id=\"div_anfrage\">\n<button id=\"div_anfrage_close\" class=\"wpforms-submit\" onclick=\"window.location.href='#';\">Schlie\u00dfen<\/button><\/p>\n<div>\n[wpforms id=\"390\" title=\"true\"]\n<\/div>\n<\/div>\n","protected":false},"featured_media":600,"template":"","meta":[],"product_brand":[],"product_cat":[47,49],"product_tag":[],"class_list":{"0":"post-599","1":"product","2":"type-product","3":"status-publish","4":"has-post-thumbnail","6":"product_cat-geschenkideen","7":"product_cat-tassen-becher","9":"first","10":"instock","11":"shipping-taxable","12":"product-type-grouped"},"_links":{"self":[{"href":"https:\/\/fraeuleinm.de\/index.php?rest_route=\/wp\/v2\/product\/599","targetHints":{"allow":["GET"]}}],"collection":[{"href":"https:\/\/fraeuleinm.de\/index.php?rest_route=\/wp\/v2\/product"}],"about":[{"href":"https:\/\/fraeuleinm.de\/index.php?rest_route=\/wp\/v2\/types\/product"}],"wp:featuredmedia":[{"embeddable":true,"href":"https:\/\/fraeuleinm.de\/index.php?rest_route=\/wp\/v2\/media\/600"}],"wp:attachment":[{"href":"https:\/\/fraeuleinm.de\/index.php?rest_route=%2Fwp%2Fv2%2Fmedia&parent=599"}],"wp:term":[{"taxonomy":"product_brand","embeddable":true,"href":"https:\/\/fraeuleinm.de\/index.php?rest_route=%2Fwp%2Fv2%2Fproduct_brand&post=599"},{"taxonomy":"product_cat","embeddable":true,"href":"https:\/\/fraeuleinm.de\/index.php?rest_route=%2Fwp%2Fv2%2Fproduct_cat&post=599"},{"taxonomy":"product_tag","embeddable":true,"href":"https:\/\/fraeuleinm.de\/index.php?rest_route=%2Fwp%2Fv2%2Fproduct_tag&post=599"}],"curies":[{"name":"wp","href":"https:\/\/api.w.org\/{rel}","templated":true}]}}