{"id":603,"date":"2024-11-19T22:31:45","date_gmt":"2024-11-19T20:31:45","guid":{"rendered":"https:\/\/fraeuleinm.de\/?post_type=product&#038;p=603"},"modified":"2026-02-19T20:51:36","modified_gmt":"2026-02-19T18:51:36","slug":"emaillebecher-erzieherin-mit-herz-1690-e","status":"publish","type":"product","link":"https:\/\/fraeuleinm.de\/?product=emaillebecher-erzieherin-mit-herz-1690-e","title":{"rendered":"Emaillebecher &#8222;Erzieherin mit Herz&#8220; | 16,90 \u20ac"},"content":{"rendered":"<p>Tasse \u201eErzieherin mit Herz\u201c \u2013 Das perfekte Dankesch\u00f6n f\u00fcr die Heldinnen des Kita-Alltags<\/p>\n<p>Erzieherinnen sind mehr als nur P\u00e4dagoginnen \u2013 sie sind Vertrauenspersonen, Begleiter und oft die ersten gro\u00dfen Heldinnen im Leben unserer Kinder. Diese Tasse ist ein liebevolles Geschenk, um f\u00fcr all die kleinen und gro\u00dfen Dingen zu danken, die Erzieherinnen tagt\u00e4glich leisten.<\/p>\n<p>Ob zum Abschied nach der Kita-Zeit oder einfach zwischendurch als kleine Aufmerksamkeit \u2013 diese Tasse ist eine wunderbare Geste der Wertsch\u00e4tzung. Der herzliche Spruch auf der Tasse erinnert an die unz\u00e4hligen Momente, in denen Erzieherinnen mit viel Empathie und Hingabe das Leben der Kinder bereichern.<\/p>\n<p>Ein perfektes Geschenk f\u00fcr alle, die mit Herz und Hand die Zukunft unserer Kleinen gestalten.<\/p>\n<p>Details:<br \/>\nFassungsvolumen: 300 ml<br \/>\nMaterial: Emaille<br \/>\nGewicht: 172g<br \/>\nReinigung: Handw\u00e4sche empfohlen<\/p>\n<p><strong>Warn- und Sicherheitshinweise: <\/strong><br \/>\nSp\u00fclmaschinengeeignet, es wird jedoch Handw\u00e4sche empfohlen. Nicht mikrowellengeeignet.<br \/>\nVor dem ersten Gebrauch sp\u00fclen. Vor jedem Gebrauch auf Besch\u00e4digungen \u00fcberpr\u00fcfen. Tasse kann je nach Inhalt hei\u00df werden.<\/p>\n<p><strong>Herstellerinformation:<\/strong><br \/>\nMelanie Hiller, Fr\u00e4ulein M &#8211; Mit Liebe handgemacht, Auf der Windschnur 32, 94469 Deggendorf<br \/>\nEmail: hallo@fraeuleinm.de<\/p>\n","protected":false},"excerpt":{"rendered":"<p><button class=\"wpforms-submit\" onclick=\"window.location.href='#div_anfrage';\">Produkt anfragen<\/button><\/p>\n<div id=\"div_anfrage\">\n<button id=\"div_anfrage_close\" class=\"wpforms-submit\" onclick=\"window.location.href='#';\">Schlie\u00dfen<\/button><\/p>\n<div>\n[wpforms id=\"390\" title=\"true\"]\n<\/div>\n<\/div>\n","protected":false},"featured_media":605,"template":"","meta":[],"product_brand":[],"product_cat":[47,49],"product_tag":[],"class_list":{"0":"post-603","1":"product","2":"type-product","3":"status-publish","4":"has-post-thumbnail","6":"product_cat-geschenkideen","7":"product_cat-tassen-becher","9":"first","10":"instock","11":"shipping-taxable","12":"product-type-grouped"},"_links":{"self":[{"href":"https:\/\/fraeuleinm.de\/index.php?rest_route=\/wp\/v2\/product\/603","targetHints":{"allow":["GET"]}}],"collection":[{"href":"https:\/\/fraeuleinm.de\/index.php?rest_route=\/wp\/v2\/product"}],"about":[{"href":"https:\/\/fraeuleinm.de\/index.php?rest_route=\/wp\/v2\/types\/product"}],"wp:featuredmedia":[{"embeddable":true,"href":"https:\/\/fraeuleinm.de\/index.php?rest_route=\/wp\/v2\/media\/605"}],"wp:attachment":[{"href":"https:\/\/fraeuleinm.de\/index.php?rest_route=%2Fwp%2Fv2%2Fmedia&parent=603"}],"wp:term":[{"taxonomy":"product_brand","embeddable":true,"href":"https:\/\/fraeuleinm.de\/index.php?rest_route=%2Fwp%2Fv2%2Fproduct_brand&post=603"},{"taxonomy":"product_cat","embeddable":true,"href":"https:\/\/fraeuleinm.de\/index.php?rest_route=%2Fwp%2Fv2%2Fproduct_cat&post=603"},{"taxonomy":"product_tag","embeddable":true,"href":"https:\/\/fraeuleinm.de\/index.php?rest_route=%2Fwp%2Fv2%2Fproduct_tag&post=603"}],"curies":[{"name":"wp","href":"https:\/\/api.w.org\/{rel}","templated":true}]}}