{"id":608,"date":"2024-11-21T08:43:33","date_gmt":"2024-11-21T06:43:33","guid":{"rendered":"https:\/\/fraeuleinm.de\/?post_type=product&#038;p=608"},"modified":"2026-02-19T20:30:41","modified_gmt":"2026-02-19T18:30:41","slug":"emaillebecher-hebamme-mit-herz-1690-e","status":"publish","type":"product","link":"https:\/\/fraeuleinm.de\/?product=emaillebecher-hebamme-mit-herz-1690-e","title":{"rendered":"Emailletasse &#8222;Hebamme mit Herz&#8220; | 16,90 \u20ac"},"content":{"rendered":"<p>Tasse &#8222;Hebamme mit Herz&#8220; \u2013 Das perfekte kleine Geschenk f\u00fcr Deine Hebamme<\/p>\n<p>Du m\u00f6chtest Deiner Hebamme ein ganz besonderes Dankesch\u00f6n f\u00fcr ihre Unterst\u00fctzung und F\u00fcrsorge schenken? Dann ist unsere Tasse &#8222;Hebamme mit Herz&#8220; die ideale Wahl! Mit ihrem liebevollen Design und der warmen Botschaft zaubert sie garantiert ein L\u00e4cheln auf das Gesicht der Beschenkten.<\/p>\n<p>Die hochwertige Tasse sorgt nicht nur f\u00fcr einen stilvollen Kaffeegenuss, sondern erinnert Deine Hebamme jeden Tag an ihre wertvolle Arbeit, die sie jeden Tag leistet. Egal ob zum Abschied oder einfach als kleine Aufmerksamkeit \u2013 diese Tasse ist ein sch\u00f6nes und praktisches Geschenk, das von Herzen kommt.<\/p>\n<p><strong>Details:<\/strong><br \/>\nFassungsvolumen: 300 ml<br \/>\nMaterial: Emaille<br \/>\nGewicht: 172g<br \/>\nReinigung: Handw\u00e4sche empfohlen<\/p>\n<p><strong>Warn- und Sicherheitshinweise: <\/strong><br \/>\nSp\u00fclmaschinengeeignet, es wird jedoch Handw\u00e4sche empfohlen. Nicht mikrowellengeeignet.<br \/>\nVor dem ersten Gebrauch sp\u00fclen. Vor jedem Gebrauch auf Besch\u00e4digungen \u00fcberpr\u00fcfen. Tasse kann je nach Inhalt hei\u00df werden.<\/p>\n<p><strong>Herstellerinformation:<\/strong><\/p>\n<p>Melanie Hiller, Fr\u00e4ulein M &#8211; Mit Liebe handgemacht, Auf der Windschnur 32, 94469 Deggendorf<br \/>\nEmail: hallo@fraeuleinm.de<\/p>\n<p><strong>Hinweis:<\/strong> Farbabweichungen zu den hier dargestellten Bildern k\u00f6nnen entstehen. Diese stellen keinen Reklamationsgrund dar.<\/p>\n","protected":false},"excerpt":{"rendered":"<p><button class=\"wpforms-submit\" onclick=\"window.location.href='#div_anfrage';\">Produkt anfragen<\/button><\/p>\n<div id=\"div_anfrage\">\n<button id=\"div_anfrage_close\" class=\"wpforms-submit\" onclick=\"window.location.href='#';\">Schlie\u00dfen<\/button><\/p>\n<div>\n[wpforms id=\"390\" title=\"true\"]\n<\/div>\n<\/div>\n","protected":false},"featured_media":610,"template":"","meta":[],"product_brand":[],"product_cat":[47,49],"product_tag":[],"class_list":{"0":"post-608","1":"product","2":"type-product","3":"status-publish","4":"has-post-thumbnail","6":"product_cat-geschenkideen","7":"product_cat-tassen-becher","9":"first","10":"instock","11":"shipping-taxable","12":"product-type-grouped"},"_links":{"self":[{"href":"https:\/\/fraeuleinm.de\/index.php?rest_route=\/wp\/v2\/product\/608","targetHints":{"allow":["GET"]}}],"collection":[{"href":"https:\/\/fraeuleinm.de\/index.php?rest_route=\/wp\/v2\/product"}],"about":[{"href":"https:\/\/fraeuleinm.de\/index.php?rest_route=\/wp\/v2\/types\/product"}],"wp:featuredmedia":[{"embeddable":true,"href":"https:\/\/fraeuleinm.de\/index.php?rest_route=\/wp\/v2\/media\/610"}],"wp:attachment":[{"href":"https:\/\/fraeuleinm.de\/index.php?rest_route=%2Fwp%2Fv2%2Fmedia&parent=608"}],"wp:term":[{"taxonomy":"product_brand","embeddable":true,"href":"https:\/\/fraeuleinm.de\/index.php?rest_route=%2Fwp%2Fv2%2Fproduct_brand&post=608"},{"taxonomy":"product_cat","embeddable":true,"href":"https:\/\/fraeuleinm.de\/index.php?rest_route=%2Fwp%2Fv2%2Fproduct_cat&post=608"},{"taxonomy":"product_tag","embeddable":true,"href":"https:\/\/fraeuleinm.de\/index.php?rest_route=%2Fwp%2Fv2%2Fproduct_tag&post=608"}],"curies":[{"name":"wp","href":"https:\/\/api.w.org\/{rel}","templated":true}]}}