{"id":629,"date":"2024-11-23T11:49:11","date_gmt":"2024-11-23T09:49:11","guid":{"rendered":"https:\/\/fraeuleinm.de\/?post_type=product&#038;p=629"},"modified":"2026-02-19T17:13:30","modified_gmt":"2026-02-19T15:13:30","slug":"emaillebecher-berghaferl-1690-e","status":"publish","type":"product","link":"https:\/\/fraeuleinm.de\/?product=emaillebecher-berghaferl-1690-e","title":{"rendered":"Emaillebecher &#8222;Berghaferl&#8220; | 16,90 \u20ac"},"content":{"rendered":"<p>Entdecke den perfekten Begleiter f\u00fcr Dein n\u00e4chstes Abenteuer in den Bergen \u2013 der Emaillebecher &#8222;Berghaferl&#8220;.<br \/>\nDieser robuste Becher vereint Funktionalit\u00e4t und stilvolles Design und ist auch ein ideales Geschenk f\u00fcr Bergsteiger und Wanderbegeisterte. Ob bei einer gem\u00fctlichen Pause am Gipfel oder am Lagerfeuer, das &#8222;Berghaferl&#8220; sorgt f\u00fcr das gewisse Extra an Komfort und Genuss.<\/p>\n<p>Dank des robustem Material h\u00e4lt es den h\u00e4rtesten Bedingungen stand und ist gleichzeitig leicht und handlich. Das Berghaferl ist nicht nur ein praktisches Utensil, sondern auch ein echtes Highlight in jedem Outdoor-Equipment.<\/p>\n<p><strong>Details:<\/strong><br \/>\nFassungsvolumen: 300 ml<br \/>\nMaterial: Emaille<br \/>\nGewicht: 172g<br \/>\nReinigung: Handw\u00e4sche empfohlen<\/p>\n<p><strong>Warn- und Sicherheitshinweise: <\/strong><br \/>\nSp\u00fclmaschinengeeignet, es wird jedoch Handw\u00e4sche empfohlen. Nicht mikrowellengeeignet.<br \/>\nVor dem ersten Gebrauch sp\u00fclen. Vor jedem Gebrauch auf Besch\u00e4digungen \u00fcberpr\u00fcfen. Tasse kann je nach Inhalt hei\u00df werden.<\/p>\n<p><strong>Herstellerinformation:<\/strong><br \/>\nMelanie Hiller, Fr\u00e4ulein M &#8211; Mit Liebe handgemacht, Auf der Windschnur 32, 94469 Deggendorf<br \/>\nEmail: hallo@fraeuleinm.de<\/p>\n<p><strong>Hinweis:<\/strong> Farbabweichungen zu den hier dargestellten Bildern k\u00f6nnen entstehen. Diese stellen keinen Reklamationsgrund dar.<\/p>\n","protected":false},"excerpt":{"rendered":"<p><button class=\"wpforms-submit\" onclick=\"window.location.href='#div_anfrage';\">Produkt anfragen<\/button><\/p>\n<div id=\"div_anfrage\">\n<button id=\"div_anfrage_close\" class=\"wpforms-submit\" onclick=\"window.location.href='#';\">Schlie\u00dfen<\/button><\/p>\n<div>\n[wpforms id=\"390\" title=\"true\"]\n<\/div>\n<\/div>\n","protected":false},"featured_media":630,"template":"","meta":[],"product_brand":[],"product_cat":[47,49],"product_tag":[],"class_list":{"0":"post-629","1":"product","2":"type-product","3":"status-publish","4":"has-post-thumbnail","6":"product_cat-geschenkideen","7":"product_cat-tassen-becher","9":"first","10":"instock","11":"shipping-taxable","12":"product-type-grouped"},"_links":{"self":[{"href":"https:\/\/fraeuleinm.de\/index.php?rest_route=\/wp\/v2\/product\/629","targetHints":{"allow":["GET"]}}],"collection":[{"href":"https:\/\/fraeuleinm.de\/index.php?rest_route=\/wp\/v2\/product"}],"about":[{"href":"https:\/\/fraeuleinm.de\/index.php?rest_route=\/wp\/v2\/types\/product"}],"wp:featuredmedia":[{"embeddable":true,"href":"https:\/\/fraeuleinm.de\/index.php?rest_route=\/wp\/v2\/media\/630"}],"wp:attachment":[{"href":"https:\/\/fraeuleinm.de\/index.php?rest_route=%2Fwp%2Fv2%2Fmedia&parent=629"}],"wp:term":[{"taxonomy":"product_brand","embeddable":true,"href":"https:\/\/fraeuleinm.de\/index.php?rest_route=%2Fwp%2Fv2%2Fproduct_brand&post=629"},{"taxonomy":"product_cat","embeddable":true,"href":"https:\/\/fraeuleinm.de\/index.php?rest_route=%2Fwp%2Fv2%2Fproduct_cat&post=629"},{"taxonomy":"product_tag","embeddable":true,"href":"https:\/\/fraeuleinm.de\/index.php?rest_route=%2Fwp%2Fv2%2Fproduct_tag&post=629"}],"curies":[{"name":"wp","href":"https:\/\/api.w.org\/{rel}","templated":true}]}}