{"id":642,"date":"2024-11-24T13:05:59","date_gmt":"2024-11-24T11:05:59","guid":{"rendered":"https:\/\/fraeuleinm.de\/?post_type=product&#038;p=642"},"modified":"2026-02-19T15:34:33","modified_gmt":"2026-02-19T13:34:33","slug":"neues-produkt","status":"publish","type":"product","link":"https:\/\/fraeuleinm.de\/?product=neues-produkt","title":{"rendered":"Cake Topper &#8222;Jagd beendet&#8220; | 19.90 \u20ac"},"content":{"rendered":"<p>Cake Topper &#8222;Jagd beendet&#8220; \u2013 Ein humorvolles Highlight f\u00fcr Eure Hochzeitstorte!<\/p>\n<p>Lass den Humor nicht zu kurz kommen und setze ein witziges Statement auf Eurer Hochzeitstorte! Dieses lustige Design sorgt garantiert f\u00fcr Lacher und Gespr\u00e4che unter Euren G\u00e4sten. Perfekt f\u00fcr alle, die ihre Hochzeit mit einem Augenzwinkern und einer Prise Humor feiern wollen.<\/p>\n<p>Ob als Anspielung auf das &#8222;Sich-finden&#8220; oder als humorvolle Erg\u00e4nzung zur festlichen Stimmung \u2013 der Cake Topper &#8222;Jagd beendet&#8220; ist ein echter Hingucker und ein tolles Detail auf Eurer Hochzeit.<\/p>\n<p>Verleihe der Torte einen pers\u00f6nlichen, witzigen Touch und zeige mit einem L\u00e4cheln, dass die Jagd nach der gro\u00dfen Liebe nun offiziell abgeschlossen ist! Hol dir jetzt dieses einzigartige Highlight f\u00fcr Euren gro\u00dfen Tag.<\/p>\n<p><strong>Details<\/strong><br \/>\nMa\u00dfe ca. 13&#215;28,5 cm (inkl. Spie\u00df)<br \/>\nPappelsperrholz 4 mm dick<br \/>\nDekoartikel und kein Spielzeug<\/p>\n<p><strong>Hinweis<\/strong><br \/>\nDa das Produkt personalisiert ist und extra f\u00fcr Dich angefertigt wird, ist eine R\u00fcckgabe nicht m\u00f6glich. Bei Reklamationen kannst Du aber gerne Kontakt mit mir aufnehmen.<\/p>\n<p>Maserung und Farbe sind naturbedingt und k\u00f6nnen variieren. Au\u00dferdem k\u00f6nnen auf der R\u00fcckseite Bearbeitungs- und Schmauchspuren zu sehen sein. Dies stellt kein Reklamationsgrund darf.<\/p>\n<p><strong>Warn- und Sicherheitshinweise:<\/strong><br \/>\nF\u00fcr Dekozwecke auf Torten oder Kuchen vorgesehen. Vor dem ersten Gebrauch die R\u00e4nder des Einsteckers feucht abwischen..Vor jedem Gebrauch auf Besch\u00e4digungen \u00fcberpr\u00fcfen um Verletzungen zu vermeiden (Holzsplitter). Aufbewahrung au\u00dferhalb der Reichweite von Kindern. Es besteht Erstickungsgefahr beim Verschlucken von abgebrochenen Holzteilchen<\/p>\n<p><strong>Herstellerinformation<\/strong><br \/>\nMelanie Hiller, Fr\u00e4ulein M &#8211; mit Liebe handgemacht, Auf der Windschnur 32, 94469 Deggendorf<br \/>\nEmail: hallo@fraeuleinm.de<\/p>\n","protected":false},"excerpt":{"rendered":"<p><button class=\"wpforms-submit\" onclick=\"window.location.href='#div_anfrage';\">Produkt anfragen<\/button><\/p>\n<div id=\"div_anfrage\">\n<button id=\"div_anfrage_close\" class=\"wpforms-submit\" onclick=\"window.location.href='#';\">Schlie\u00dfen<\/button><\/p>\n<div>\n[wpforms id=\"390\" title=\"true\"]\n<\/div>\n<\/div>\n","protected":false},"featured_media":646,"template":"","meta":[],"product_brand":[],"product_cat":[46,34],"product_tag":[],"class_list":{"0":"post-642","1":"product","2":"type-product","3":"status-publish","4":"has-post-thumbnail","6":"product_cat-caketopper","7":"product_cat-hochzeit","9":"first","10":"instock","11":"shipping-taxable","12":"product-type-grouped"},"_links":{"self":[{"href":"https:\/\/fraeuleinm.de\/index.php?rest_route=\/wp\/v2\/product\/642","targetHints":{"allow":["GET"]}}],"collection":[{"href":"https:\/\/fraeuleinm.de\/index.php?rest_route=\/wp\/v2\/product"}],"about":[{"href":"https:\/\/fraeuleinm.de\/index.php?rest_route=\/wp\/v2\/types\/product"}],"wp:featuredmedia":[{"embeddable":true,"href":"https:\/\/fraeuleinm.de\/index.php?rest_route=\/wp\/v2\/media\/646"}],"wp:attachment":[{"href":"https:\/\/fraeuleinm.de\/index.php?rest_route=%2Fwp%2Fv2%2Fmedia&parent=642"}],"wp:term":[{"taxonomy":"product_brand","embeddable":true,"href":"https:\/\/fraeuleinm.de\/index.php?rest_route=%2Fwp%2Fv2%2Fproduct_brand&post=642"},{"taxonomy":"product_cat","embeddable":true,"href":"https:\/\/fraeuleinm.de\/index.php?rest_route=%2Fwp%2Fv2%2Fproduct_cat&post=642"},{"taxonomy":"product_tag","embeddable":true,"href":"https:\/\/fraeuleinm.de\/index.php?rest_route=%2Fwp%2Fv2%2Fproduct_tag&post=642"}],"curies":[{"name":"wp","href":"https:\/\/api.w.org\/{rel}","templated":true}]}}