{"id":650,"date":"2024-11-24T13:42:10","date_gmt":"2024-11-24T11:42:10","guid":{"rendered":"https:\/\/fraeuleinm.de\/?post_type=product&#038;p=650"},"modified":"2026-02-19T15:32:14","modified_gmt":"2026-02-19T13:32:14","slug":"cake-topper-personalisiert-18-90-e","status":"publish","type":"product","link":"https:\/\/fraeuleinm.de\/?product=cake-topper-personalisiert-18-90-e","title":{"rendered":"Cake Topper | Personalisiert | 18.90 \u20ac"},"content":{"rendered":"<p>Personalisierter Cake Topper \u2013 Dein ganz pers\u00f6nliches Highlight f\u00fcr Eure Hochzeitstorte!<\/p>\n<p>Verleihe Eurer Hochzeitstorte eine ganz individuelle Note mit unserem personalisierten Cake Topper! Personalisiert mit Euren Namen wird er zu einem einzigartigen und liebevollen Detail, das eure Liebe und euren gro\u00dfen Tag perfekt widerspiegelt.<\/p>\n<p>Mit seinem eleganten Design und der pers\u00f6nlichen Note wird der personalisierte Cake Topper garantiert zum Blickfang auf deiner Torte und sorgt f\u00fcr einen unvergesslichen Moment. Er ist das ideale Accessoire, um Eure Hochzeit noch einzigartiger und emotionaler zu gestalten.<\/p>\n<p>Mache deine Hochzeitstorte zu einem unvergesslichen Kunstwerk \u2013 ein Highlight, das nicht nur geschmacklich, sondern auch visuell begeistert. !<\/p>\n<p><strong>Details<\/strong><br \/>\nMa\u00dfe ca. 16&#215;19 cm (inkl. Spie\u00df)<br \/>\nPappelsperrholz 4 mm dick<br \/>\nDekoartikel|kein Spielzeug<\/p>\n<p><strong>Hinweis<\/strong><br \/>\nDa das Produkt personalisiert ist und extra f\u00fcr Dich angefertigt wird, ist eine R\u00fcckgabe nicht m\u00f6glich. Bei Reklamationen kannst Du aber gerne Kontakt mit mir aufnehmen.<\/p>\n<p>Maserung und Farbe sind naturbedingt und k\u00f6nnen variieren. Au\u00dferdem k\u00f6nnen auf der R\u00fcckseite Bearbeitungs- und Schmauchspuren zu sehen sein. Dies stellt kein Reklamationsgrund darf.<\/p>\n<p><strong>Warn- und Sicherheitshinweise:<\/strong><br \/>\nF\u00fcr Dekozwecke auf Torten oder Kuchen vorgesehen. Vor dem ersten Gebrauch die R\u00e4nder des Einsteckers feucht abwischen..Vor jedem Gebrauch auf Besch\u00e4digungen \u00fcberpr\u00fcfen um Verletzungen zu vermeiden (Holzsplitter). Aufbewahrung au\u00dferhalb der Reichweite von Kindern. Es besteht Erstickungsgefahr beim Verschlucken von abgebrochenen Holzteilchen<\/p>\n<p><strong>Herstellerinformation<\/strong><br \/>\nMelanie Hiller, Fr\u00e4ulein M &#8211; mit Liebe handgemacht, Auf der Windschnur 32, 94469 Deggendorf<br \/>\nEmail: hallo@fraeuleinm.de<\/p>\n","protected":false},"excerpt":{"rendered":"<p><button class=\"wpforms-submit\" onclick=\"window.location.href='#div_anfrage';\">Produkt anfragen<\/button><\/p>\n<div id=\"div_anfrage\">\n<button id=\"div_anfrage_close\" class=\"wpforms-submit\" onclick=\"window.location.href='#';\">Schlie\u00dfen<\/button><\/p>\n<div>\n[wpforms id=\"390\" title=\"true\"]\n<\/div>\n<\/div>\n","protected":false},"featured_media":653,"template":"","meta":[],"product_brand":[],"product_cat":[46,34],"product_tag":[],"class_list":{"0":"post-650","1":"product","2":"type-product","3":"status-publish","4":"has-post-thumbnail","6":"product_cat-caketopper","7":"product_cat-hochzeit","9":"first","10":"instock","11":"shipping-taxable","12":"product-type-grouped"},"_links":{"self":[{"href":"https:\/\/fraeuleinm.de\/index.php?rest_route=\/wp\/v2\/product\/650","targetHints":{"allow":["GET"]}}],"collection":[{"href":"https:\/\/fraeuleinm.de\/index.php?rest_route=\/wp\/v2\/product"}],"about":[{"href":"https:\/\/fraeuleinm.de\/index.php?rest_route=\/wp\/v2\/types\/product"}],"wp:featuredmedia":[{"embeddable":true,"href":"https:\/\/fraeuleinm.de\/index.php?rest_route=\/wp\/v2\/media\/653"}],"wp:attachment":[{"href":"https:\/\/fraeuleinm.de\/index.php?rest_route=%2Fwp%2Fv2%2Fmedia&parent=650"}],"wp:term":[{"taxonomy":"product_brand","embeddable":true,"href":"https:\/\/fraeuleinm.de\/index.php?rest_route=%2Fwp%2Fv2%2Fproduct_brand&post=650"},{"taxonomy":"product_cat","embeddable":true,"href":"https:\/\/fraeuleinm.de\/index.php?rest_route=%2Fwp%2Fv2%2Fproduct_cat&post=650"},{"taxonomy":"product_tag","embeddable":true,"href":"https:\/\/fraeuleinm.de\/index.php?rest_route=%2Fwp%2Fv2%2Fproduct_tag&post=650"}],"curies":[{"name":"wp","href":"https:\/\/api.w.org\/{rel}","templated":true}]}}