{"id":722,"date":"2025-02-03T21:55:00","date_gmt":"2025-02-03T19:55:00","guid":{"rendered":"https:\/\/fraeuleinm.de\/?post_type=product&#038;p=722"},"modified":"2026-02-16T16:25:03","modified_gmt":"2026-02-16T14:25:03","slug":"schieferuntersetzer-aperol-4er-set-vers-sprueche-1590-e","status":"publish","type":"product","link":"https:\/\/fraeuleinm.de\/?product=schieferuntersetzer-aperol-4er-set-vers-sprueche-1590-e","title":{"rendered":"Schieferuntersetzer &#8222;Aperol&#8220; | 4er Set | vers. Spr\u00fcche |15,90\u00a0\u20ac"},"content":{"rendered":"<p>Entdecke unser stilvolles 4er Set Schieferuntersetzer, das nicht nur funktional, sondern auch ein echter Hingucker ist! Jedes Set enth\u00e4lt vier einzigartige Untersetzer, die mit witzigen und charmanten Aperol-Spr\u00fcchen veredelt sind. Diese Untersetzer sind nicht nur n\u00fctzlich, um M\u00f6bel vor unsch\u00f6nen Ringen zu sch\u00fctzen, sondern bringen auch eine besondere Note in jede Runde. Filzgleiter an der Unterseite sch\u00fctzen den Tisch vor unsch\u00f6nen Kratzer. <\/p>\n<p>Ob als Mitbringsel f\u00fcr die n\u00e4chste Gartenparty, als Geschenk f\u00fcr einen Aperol-Fan oder einfach zur Versch\u00f6nerung des eigenen Zuhauses \u2013 diese zeitlosen Schieferuntersetzer sind die ideale Wahl. Sie kombinieren Eleganz mit einem Hauch von Humor und machen jeden Aperol Spritz noch genussvoller.<\/p>\n<p>Verleihe Deiner Feierlichkeiten das gewisse Etwas und sorge daf\u00fcr, dass Deine G\u00e4ste ins Schmunzeln kommen.<\/p>\n<p><strong>Details:<\/strong><br \/>\nMa\u00dfe: 10&#215;10 cm<br \/>\nMaterial: Schiefer, Filz (Filzgleiter auf der R\u00fcckseite)<br \/>\nHergestellt in Deutschland<br \/>\nVeredelt mittels Lasergravur, Set beinhaltet vier vers. Spr\u00fcche.<\/p>\n<p><strong>Bitte beachte:<\/strong><br \/>\nBei Schiefer handelt es sich um ein Naturprodukt. Dieses geschichtete Gestein l\u00e4sst sich nicht 100% gerade<br \/>\nschneiden. Abbruchkanten k\u00f6nnen daher variieren. In Dicke, L\u00e4nge und Breite kann es daher ebenso zu leichten Abweichungen kommen.<br \/>\nDiese Merkmale stellen keinen Reklamationsgrund dar. <\/p>\n<p><strong>Pflegehinweis:<\/strong><br \/>\nMit lauwarmem Wasser und etwas Sp\u00fclmittel reinigen<br \/>\nNicht sp\u00fclmaschinengeeignet.<\/p>\n<p><strong>Warn- und Sicherheitshinweise:<\/strong><br \/>\nProdukt ist kein Spielzeug.<br \/>\nUntersetzer kann ggf. durch gro\u00dfe Krafteinwirkung brechen. Verletzungsgefahr!<br \/>\nRegelm\u00e4\u00dfig auf Besch\u00e4digungen \u00fcberpr\u00fcfen um Verletzungen zu vermeiden.<\/p>\n<p><strong>Herstellerinformation<\/strong><br \/>\nMelanie Hiller, Fr\u00e4ulein M &#8211; mit Liebe handgemacht, Auf der Windschnur 32, 94469 Deggendorf<br \/>\nEmail: hallo@fraeuleinm.de<\/p>\n","protected":false},"excerpt":{"rendered":"<p><button class=\"wpforms-submit\" onclick=\"window.location.href='#div_anfrage';\">Produkt anfragen<\/button><\/p>\n<div id=\"div_anfrage\">\n<button id=\"div_anfrage_close\" class=\"wpforms-submit\" onclick=\"window.location.href='#';\">Schlie\u00dfen<\/button><\/p>\n<div>\n[wpforms id=\"390\" title=\"true\"]\n<\/div>\n<\/div>\n","protected":false},"featured_media":726,"template":"","meta":[],"product_brand":[],"product_cat":[28],"product_tag":[],"class_list":{"0":"post-722","1":"product","2":"type-product","3":"status-publish","4":"has-post-thumbnail","6":"product_cat-untersetzer-glas-bierkrugdeckel","8":"first","9":"instock","10":"shipping-taxable","11":"product-type-grouped"},"_links":{"self":[{"href":"https:\/\/fraeuleinm.de\/index.php?rest_route=\/wp\/v2\/product\/722","targetHints":{"allow":["GET"]}}],"collection":[{"href":"https:\/\/fraeuleinm.de\/index.php?rest_route=\/wp\/v2\/product"}],"about":[{"href":"https:\/\/fraeuleinm.de\/index.php?rest_route=\/wp\/v2\/types\/product"}],"wp:featuredmedia":[{"embeddable":true,"href":"https:\/\/fraeuleinm.de\/index.php?rest_route=\/wp\/v2\/media\/726"}],"wp:attachment":[{"href":"https:\/\/fraeuleinm.de\/index.php?rest_route=%2Fwp%2Fv2%2Fmedia&parent=722"}],"wp:term":[{"taxonomy":"product_brand","embeddable":true,"href":"https:\/\/fraeuleinm.de\/index.php?rest_route=%2Fwp%2Fv2%2Fproduct_brand&post=722"},{"taxonomy":"product_cat","embeddable":true,"href":"https:\/\/fraeuleinm.de\/index.php?rest_route=%2Fwp%2Fv2%2Fproduct_cat&post=722"},{"taxonomy":"product_tag","embeddable":true,"href":"https:\/\/fraeuleinm.de\/index.php?rest_route=%2Fwp%2Fv2%2Fproduct_tag&post=722"}],"curies":[{"name":"wp","href":"https:\/\/api.w.org\/{rel}","templated":true}]}}