{"id":748,"date":"2025-02-07T14:45:56","date_gmt":"2025-02-07T12:45:56","guid":{"rendered":"https:\/\/fraeuleinm.de\/?post_type=product&#038;p=748"},"modified":"2026-02-28T13:41:13","modified_gmt":"2026-02-28T11:41:13","slug":"trockenblumenkranz-hasenmaedchen1-1890-e","status":"publish","type":"product","link":"https:\/\/fraeuleinm.de\/?product=trockenblumenkranz-hasenmaedchen1-1890-e","title":{"rendered":"Trockenblumenkranz &#8218;Hasenm\u00e4dchen1&#8216; | 18,90 \u20ac"},"content":{"rendered":"<p>Stimme dich mit unserem bezaubernden Holzkranz mit Hasenohren auf die Osterzeit ein!<br \/>\nDieser handgefertigte Kranz aus Holz mit stabilisierten Trockenblumen in den aktuellen Trendfarben Flieder und Lila ist die perfekte Fr\u00fchlingsdeko f\u00fcr Dein Zuhause. Die sanften Farbt\u00f6ne zaubern eine harmonische Atmosph\u00e4re und setzen wundervolle Akzente an jeder Wand, T\u00fcr oder dem Fenster und wird so zum perfekten Hingucker.<br \/>\nHast Du einen anderen Farbwunsch?<br \/>\nDann lass es mich gerne wissen. Gerne fertige ich den Kranz ganz individuell nach Deinen W\u00fcnschen an.<\/p>\n<p>Dank der hochwertigen Stabilisierungstechnik der Trockenblumen bleibt der Kranz auch ohne Pflege wundersch\u00f6n und langlebig \u2013 ideal f\u00fcr eine langlebige Oster- und Fr\u00fchlingsdekoration.<\/p>\n<p><strong>Details<\/strong><br \/>\nMaterial: Birken- oder Pappelsperrholz, Stabilisierte Trockenblumen<br \/>\nMa\u00dfe: ca. 20&#215;15 cm<br \/>\nHergestellt in Deutschland<\/p>\n<p><strong>Trockenblumen | Pflegehinweise<\/strong><\/p>\n<p>Wir verwenden ausschlie\u00dflich stabilisierte und hochwertige Trockenblumen. Durch die Konservierung behalten sie ihr frisches Aussehen und ihre Farbe. Sie sind daher besonders nachhaltig und eine ganz besondere Deko- und Geschenkidee. Dennoch gibt es einige Punkte zu beachten, damit Du dich auch lange an ihnen erfreuen kannst.<\/p>\n<p>-Fusseliges Pampasgras kannst Du durch leichtes Einspr\u00fchen mit Haarspray b\u00e4ndigen.<br \/>\n-Keine direkte UV-Einstrahlung, sonst verblassen Deine Blumen<br \/>\n-Keine Feuchtigkeit, sonst verlieren sie ihre Standfestigkeit.<br \/>\n-Ich empfehle sie im Innenbereich zu dekorieren. Dennoch k\u00f6nnen Kr\u00e4nze auch im \u00fcberdachten Au\u00dfenbereich angebracht werde. Bedenke aber, dass Feuchtigkeit die Lebensdauer verk\u00fcrzt.<\/p>\n<p><strong>Bitte beachte:<\/strong><br \/>\nBei den Trockenblumen handelt es sich um ein Naturprodukt. Die Farbt\u00f6ne k\u00f6nnen daher von Bl\u00fcte zu Bl\u00fcte etwas variieren.<br \/>\nFarbabweichungen aufgrund Bildschirmeinstellungen k\u00f6nnen m\u00f6glich sein und stellen keinen Reklamationsgrund dar.<\/p>\n<p><strong>Warn- und Sicherheitshinweise:<\/strong><br \/>\nHolz kann splittern. Regelm\u00e4\u00dfig auf Besch\u00e4digungen \u00fcberpr\u00fcfen um Verletzungen zu vermeiden.<br \/>\nAufbewahrung au\u00dferhalb der Reichweite von Kindern, Tieren und Hitzequellen aufbewahren. Holz und Trockenblumen sind leicht entflammbar &#8211; Brandgefahr!<br \/>\nKein Spielzeug f\u00fcr Kinder. L\u00f6sen sich Einzelteile oder Trockenblumen besteht Verschluckungsgefahr. <\/p>\n<p><strong>Herstellerinformation<\/strong><br \/>\nMelanie Hiller, Fr\u00e4ulein M &#8211; mit Liebe handgemacht, Auf der Windschnur 32, 94469 Deggendorf<br \/>\nEmail: hallo@fraeuleinm.de<\/p>\n","protected":false},"excerpt":{"rendered":"<p><button class=\"wpforms-submit\" onclick=\"window.location.href='#div_anfrage';\">Produkt anfragen<\/button><\/p>\n<div id=\"div_anfrage\">\n<button id=\"div_anfrage_close\" class=\"wpforms-submit\" onclick=\"window.location.href='#';\">Schlie\u00dfen<\/button><\/p>\n<div>\n[wpforms id=\"390\" title=\"true\"]\n<\/div>\n<\/div>\n","protected":false},"featured_media":749,"template":"","meta":[],"product_brand":[],"product_cat":[38,50],"product_tag":[],"class_list":{"0":"post-748","1":"product","2":"type-product","3":"status-publish","4":"has-post-thumbnail","6":"product_cat-ostern","7":"product_cat-trockenblumenkraenzeallerart-deko","9":"first","10":"instock","11":"shipping-taxable","12":"product-type-grouped"},"_links":{"self":[{"href":"https:\/\/fraeuleinm.de\/index.php?rest_route=\/wp\/v2\/product\/748","targetHints":{"allow":["GET"]}}],"collection":[{"href":"https:\/\/fraeuleinm.de\/index.php?rest_route=\/wp\/v2\/product"}],"about":[{"href":"https:\/\/fraeuleinm.de\/index.php?rest_route=\/wp\/v2\/types\/product"}],"wp:featuredmedia":[{"embeddable":true,"href":"https:\/\/fraeuleinm.de\/index.php?rest_route=\/wp\/v2\/media\/749"}],"wp:attachment":[{"href":"https:\/\/fraeuleinm.de\/index.php?rest_route=%2Fwp%2Fv2%2Fmedia&parent=748"}],"wp:term":[{"taxonomy":"product_brand","embeddable":true,"href":"https:\/\/fraeuleinm.de\/index.php?rest_route=%2Fwp%2Fv2%2Fproduct_brand&post=748"},{"taxonomy":"product_cat","embeddable":true,"href":"https:\/\/fraeuleinm.de\/index.php?rest_route=%2Fwp%2Fv2%2Fproduct_cat&post=748"},{"taxonomy":"product_tag","embeddable":true,"href":"https:\/\/fraeuleinm.de\/index.php?rest_route=%2Fwp%2Fv2%2Fproduct_tag&post=748"}],"curies":[{"name":"wp","href":"https:\/\/api.w.org\/{rel}","templated":true}]}}