{"id":764,"date":"2025-02-13T22:43:18","date_gmt":"2025-02-13T20:43:18","guid":{"rendered":"https:\/\/fraeuleinm.de\/?post_type=product&#038;p=764"},"modified":"2026-02-16T16:15:05","modified_gmt":"2026-02-16T14:15:05","slug":"ringbox-hochzeit-personalisiert-trockenblumen-2500-e","status":"publish","type":"product","link":"https:\/\/fraeuleinm.de\/?product=ringbox-hochzeit-personalisiert-trockenblumen-2500-e","title":{"rendered":"Ringbox | Hochzeit | personalisiert | Trockenblumen | 29,90 \u20ac"},"content":{"rendered":"<p>Die perfekte Ringbox f\u00fcr den wichtigsten Moment:<\/p>\n<p>Verleihe Eurem gro\u00dfen Tag eine pers\u00f6nliche Note mit unserer einzigartigen Ringbox. Diese stilvolle Box ist nicht nur ein Aufbewahrungsort f\u00fcr Eure Eheringe, sondern auch ein ganz besonderes Andenken an den Beginn des gemeinsamen Lebens.<\/p>\n<p>Mit einem edlen Goldfinish, das die Box in sanftem Glanz erstrahlen l\u00e4sst, wird sie zu einem wahren Highlight bei Eurer Trauung. Bef\u00fcllt mit zarten stabilisierten Trockenblumen, die f\u00fcr ewige Sch\u00f6nheit und Best\u00e4ndigkeit stehen, wird diese Box Eure Ringe auf elegante Weise pr\u00e4sentieren.<\/p>\n<p>Die Box wird individuell mit den Anfangsbuchsstaben Eurer Vornamen personalisiert  \u2013 so wird sie zu einem einzigartigen Schmuckst\u00fcck, das den Zauber Eures Hochzeitstages f\u00fcr immer bewahrt.<\/p>\n<p>Mache den Moment des Ringtausches zu etwas Unvergesslichem \u2013 mit einer Ringbox, die so einzigartig ist wie Eure Liebe.<\/p>\n<p><strong>Details<\/strong><br \/>\nMaterial: Metall, Glas, Stabilisierte Trockenblumen, Vinylfolie Gold, Chiffonband<br \/>\nMa\u00dfe: 9&#215;5,5x4cm<br \/>\nHergestellt in Deutschland<\/p>\n<p><strong>Trockenblumen | Pflegehinweise<\/strong><\/p>\n<p>Wir verwenden ausschlie\u00dflich stabilisierte und hochwertige Trockenblumen. Durch die Konservierung behalten sie ihr frisches Aussehen und ihre Farbe. Sie sind daher besonders nachhaltig. Dennoch gibt es einige Punkte zu beachten, damit Du dich auch lange an ihnen erfreuen kannst.<\/p>\n<p>-Keine direkte UV-Einstrahlung, sonst verblassen Deine Blumen<br \/>\n-Keine Feuchtigkeit, sonst verlieren sie ihre Standfestigkeit.<\/p>\n<p><strong>Bitte beachte:<\/strong><br \/>\nBei den Trockenblumen handelt es sich um ein Naturprodukt. Die Farbt\u00f6ne k\u00f6nnen daher von Bl\u00fcte zu Bl\u00fcte etwas variieren.<br \/>\nFarbabweichungen aufgrund Bildschirmeinstellungen k\u00f6nnen m\u00f6glich sein und stellen keinen Reklamationsgrund dar. Eventuelle farbliche Unebenheiten beim Metallrahmen k\u00f6nnen herstellungsbedingt vorkommen. Diese stellen ebenfalls keinen Reklamationsgrund dar. <\/p>\n<p><strong>Warn- und Sicherheitshinweise:<\/strong><br \/>\nRingbox regelm\u00e4\u00dfig auf Besch\u00e4digungen \u00fcberpr\u00fcfen um Verletzungen zu vermeiden. Bei Glasbruch besteht Verletzungsgefahr.<br \/>\nKein Spielzeug. Au\u00dferhalb der Reichweite von Kindern aufbewahren. Verschluckungsgefahr bei gel\u00f6sten Trockenblumenteilen. <\/p>\n<p><strong>Herstellerinformation<\/strong><br \/>\nMelanie Hiller, Fr\u00e4ulein M &#8211; mit Liebe handgemacht, Auf der Windschnur 32, 94469 Deggendorf<br \/>\nEmail: hallo@fraeuleinm.de<\/p>\n","protected":false},"excerpt":{"rendered":"<p><button class=\"wpforms-submit\" onclick=\"window.location.href='#div_anfrage';\">Produkt anfragen<\/button><\/p>\n<div id=\"div_anfrage\">\n<button id=\"div_anfrage_close\" class=\"wpforms-submit\" onclick=\"window.location.href='#';\">Schlie\u00dfen<\/button><\/p>\n<div>\n[wpforms id=\"390\" title=\"true\"]\n<\/div>\n<\/div>\n","protected":false},"featured_media":763,"template":"","meta":[],"product_brand":[],"product_cat":[34],"product_tag":[],"class_list":{"0":"post-764","1":"product","2":"type-product","3":"status-publish","4":"has-post-thumbnail","6":"product_cat-hochzeit","8":"first","9":"instock","10":"shipping-taxable","11":"product-type-grouped"},"_links":{"self":[{"href":"https:\/\/fraeuleinm.de\/index.php?rest_route=\/wp\/v2\/product\/764","targetHints":{"allow":["GET"]}}],"collection":[{"href":"https:\/\/fraeuleinm.de\/index.php?rest_route=\/wp\/v2\/product"}],"about":[{"href":"https:\/\/fraeuleinm.de\/index.php?rest_route=\/wp\/v2\/types\/product"}],"wp:featuredmedia":[{"embeddable":true,"href":"https:\/\/fraeuleinm.de\/index.php?rest_route=\/wp\/v2\/media\/763"}],"wp:attachment":[{"href":"https:\/\/fraeuleinm.de\/index.php?rest_route=%2Fwp%2Fv2%2Fmedia&parent=764"}],"wp:term":[{"taxonomy":"product_brand","embeddable":true,"href":"https:\/\/fraeuleinm.de\/index.php?rest_route=%2Fwp%2Fv2%2Fproduct_brand&post=764"},{"taxonomy":"product_cat","embeddable":true,"href":"https:\/\/fraeuleinm.de\/index.php?rest_route=%2Fwp%2Fv2%2Fproduct_cat&post=764"},{"taxonomy":"product_tag","embeddable":true,"href":"https:\/\/fraeuleinm.de\/index.php?rest_route=%2Fwp%2Fv2%2Fproduct_tag&post=764"}],"curies":[{"name":"wp","href":"https:\/\/api.w.org\/{rel}","templated":true}]}}