{"id":777,"date":"2025-02-15T23:11:47","date_gmt":"2025-02-15T21:11:47","guid":{"rendered":"https:\/\/fraeuleinm.de\/?post_type=product&#038;p=777"},"modified":"2026-02-16T15:21:58","modified_gmt":"2026-02-16T13:21:58","slug":"trockenblumenkranz-tuerkranz-floral-hoop-individallisiert-ab-4990-e-5490-e","status":"publish","type":"product","link":"https:\/\/fraeuleinm.de\/?product=trockenblumenkranz-tuerkranz-floral-hoop-individallisiert-ab-4990-e-5490-e","title":{"rendered":"Trockenblumenkranz | T\u00fcrkranz | Floral Hoop | individallisiert | ab 49,90 \u20ac &#8211; 54,90 \u20ac"},"content":{"rendered":"<p>Ein tolles, individuelles Geschenk zur Hochzeit, zum Geburtstag oder als Deko f\u00fcr die eigenen liebevoll gestalteten vier W\u00e4nde.<\/p>\n<p>Dieser Holzring wird ganz individuell mit Deinem Wunschtext und mit Trockenblumen nach Deinen Farbw\u00fcnschen angefertigt.<\/p>\n<p>Ich verwende f\u00fcr meine Produkte hochwertige und stabilisierte Trockenblumen. Durch die Stabilisierung bewahren die Blumen ihre Oberfl\u00e4chenbeschaffenheit und ihr vollkommen nat\u00fcrliches Aussehen.<\/p>\n<p><strong>Details<\/strong><br \/>\nDurchmesser ca. 30 cm<br \/>\nPappelsperrholz 3 mm dick<br \/>\nHergestellt in Deutschland <\/p>\n<p>Der Preis liegt hier je nach Aufwand zwischen 49,90- 54,90 \u20ac. Den finalen Preis erh\u00e4ltst Du nach unverbindlicher Besprechung Deiner Wunschbestellung.<\/p>\n<p><strong>Hinweis:<\/strong><br \/>\nDa das Produkt personalisiert ist und extra f\u00fcr Dich angefertigt wird, ist eine R\u00fcckgabe nicht m\u00f6glich. Bei Reklamationen kannst Du aber gerne Kontakt mit mir aufnehmen.<\/p>\n<p>Trockenblumen sind ein Naturprodukt. Kleine Unterschiede hinsichtlich der Farben der Trockenblumen stellen keinen Reklamationsgrund dar.<\/p>\n<p><strong>Trockenblumen | Pflegehinweise<\/strong><\/p>\n<p>Wir verwenden ausschlie\u00dflich stabilisierte und hochwertige Trockenblumen. Durch die Konservierung behalten sie ihr frisches Aussehen und ihre Farbe. Sie sind daher besonders nachhaltig und eine ganz besondere Deko- und Geschenkidee. Dennoch gibt es einige Punkte zu beachten, damit Du dich auch lange an ihnen erfreuen kannst.<\/p>\n<p>-Fusseliges Pampasgras kannst Du durch leichtes Einspr\u00fchen mit Haarspray b\u00e4ndigen.<br \/>\n-Keine dauerhaft direkte UV-Einstrahlung, sonst verblassen Deine Blumen.<br \/>\n-Keine Feuchtigkeit, sonst verlieren sie ihre Standfestigkeit.<br \/>\n-Ich empfehle Kr\u00e4nze grunds\u00e4tzlich im Innenbereich zu dekorieren. Dennoch k\u00f6nnen Kr\u00e4nze auch im \u00fcberdachten Au\u00dfenbereich angebracht werde. Bedenke aber, dass Feuchtigkeit die Lebensdauer verk\u00fcrzt.<\/p>\n<p><strong>Warn- und Sicherheitshinweise:<\/strong><br \/>\nHolz kann splittern. Regelm\u00e4\u00dfig auf Besch\u00e4digungen \u00fcberpr\u00fcfen um Verletzungen zu vermeiden.<br \/>\nAufbewahrung au\u00dferhalb der Reichweite von Kindern, Tieren und Hitzequellen aufbewahren. Holz und Trockenblumen sind leicht entflammbar &#8211; Brandgefahr!<br \/>\nKein Spielzeug f\u00fcr Kinder. L\u00f6sen sich Einzelteile oder Trockenblumen besteht Verschluckungsgefahr. <\/p>\n<p><strong>Herstellerinformation<\/strong><br \/>\nMelanie Hiller, Fr\u00e4ulein M &#8211; mit Liebe handgemacht, Auf der Windschnur 32, 94469 Deggendorf<br \/>\nEmail: hallo@fraeuleinm.de<\/p>\n","protected":false},"excerpt":{"rendered":"<p><button class=\"wpforms-submit\" onclick=\"window.location.href='#div_anfrage';\">Produkt anfragen<\/button><\/p>\n<div id=\"div_anfrage\">\n<button id=\"div_anfrage_close\" class=\"wpforms-submit\" onclick=\"window.location.href='#';\">Schlie\u00dfen<\/button><\/p>\n<div>\n[wpforms id=\"390\" title=\"true\"]\n<\/div>\n<\/div>\n","protected":false},"featured_media":781,"template":"","meta":[],"product_brand":[],"product_cat":[34,50],"product_tag":[],"class_list":{"0":"post-777","1":"product","2":"type-product","3":"status-publish","4":"has-post-thumbnail","6":"product_cat-hochzeit","7":"product_cat-trockenblumenkraenzeallerart-deko","9":"first","10":"instock","11":"shipping-taxable","12":"product-type-grouped"},"_links":{"self":[{"href":"https:\/\/fraeuleinm.de\/index.php?rest_route=\/wp\/v2\/product\/777","targetHints":{"allow":["GET"]}}],"collection":[{"href":"https:\/\/fraeuleinm.de\/index.php?rest_route=\/wp\/v2\/product"}],"about":[{"href":"https:\/\/fraeuleinm.de\/index.php?rest_route=\/wp\/v2\/types\/product"}],"wp:featuredmedia":[{"embeddable":true,"href":"https:\/\/fraeuleinm.de\/index.php?rest_route=\/wp\/v2\/media\/781"}],"wp:attachment":[{"href":"https:\/\/fraeuleinm.de\/index.php?rest_route=%2Fwp%2Fv2%2Fmedia&parent=777"}],"wp:term":[{"taxonomy":"product_brand","embeddable":true,"href":"https:\/\/fraeuleinm.de\/index.php?rest_route=%2Fwp%2Fv2%2Fproduct_brand&post=777"},{"taxonomy":"product_cat","embeddable":true,"href":"https:\/\/fraeuleinm.de\/index.php?rest_route=%2Fwp%2Fv2%2Fproduct_cat&post=777"},{"taxonomy":"product_tag","embeddable":true,"href":"https:\/\/fraeuleinm.de\/index.php?rest_route=%2Fwp%2Fv2%2Fproduct_tag&post=777"}],"curies":[{"name":"wp","href":"https:\/\/api.w.org\/{rel}","templated":true}]}}