{"id":785,"date":"2025-02-15T23:58:11","date_gmt":"2025-02-15T21:58:11","guid":{"rendered":"https:\/\/fraeuleinm.de\/?post_type=product&#038;p=785"},"modified":"2026-02-16T15:13:33","modified_gmt":"2026-02-16T13:13:33","slug":"weinkiste-weinbox-personalisiert-hochzeitsgeschenk","status":"publish","type":"product","link":"https:\/\/fraeuleinm.de\/?product=weinkiste-weinbox-personalisiert-hochzeitsgeschenk","title":{"rendered":"Weinkiste | Weinbox | personalisiert | Hochzeitsgeschenk | 24,90 \u20ac"},"content":{"rendered":"<p>Die perfekte Geschenkidee zur Hochzeit \u2013 Personalisierte Weinkiste f\u00fcr unvergessliche Erinnerungen<\/p>\n<p>Verleihe dem sch\u00f6nsten Tag im Leben eines Paares eine ganz besondere Note mit unserer exklusiven, personalisierten Weinbox aus Holz. Diese elegante Box wird mit den Namen des Brautpaares und dem Hochzeitsdatum individuell graviert und wird so zu einem einzigartigen Erinnerungsst\u00fcck.<\/p>\n<p>Ideal f\u00fcr Weinliebhaber, die den ersten Hochzeitstag geb\u00fchrend feiern m\u00f6chten, bietet die Box Platz f\u00fcr einen edlen Wein, der sp\u00e4ter genossen wird \u2013 ein Symbol f\u00fcr die Liebe, die auch im Laufe der Jahre reift. Die hochwertige Verarbeitung und das pers\u00f6nliche Design machen dieses Geschenk zu einem wahren Highlight.<\/p>\n<p>Mit dieser Weinbox schenkst Du ein St\u00fcck Geschichte, das das Brautpaar immer an ihren besonderen Tag erinnert. Ein Geschenk, das Herzen ber\u00fchrt und noch lange in Erinnerung bleibt.<\/p>\n<p><strong>Details<\/strong><br \/>\nAbmessungen au\u00dfen:<br \/>\n37,6&#215;10,6&#215;10,2cm<\/p>\n<p>Abmessungen innen:<br \/>\nMa\u00dfe 36x9x9cm<br \/>\nBirkensperrholz<br \/>\nHergestellt in Deutschland<\/p>\n<p><strong>Hinweis:<\/strong><br \/>\nDa das Produkt personalisiert ist und extra f\u00fcr Dich angefertigt wird, ist eine R\u00fcckgabe nicht m\u00f6glich. Bei Reklamationen kannst Du aber gerne Kontakt mit mir aufnehmen.<\/p>\n<p>Holz ist ein Naturprodukt. Kleine Unterschiede hinsichtlich der Farben des Holzes oder der Maserung stellen daher keinen Reklamationsgrund dar.<br \/>\nDu erwirbst hier die Holzkiste ohne Inhalt.<\/p>\n<p><strong>Warn- und Sicherheitshinweise:<\/strong><br \/>\nHolz kann splittern. Daher bitte regelm\u00e4\u00dfig auf Besch\u00e4digungen \u00fcberpr\u00fcfen um Verletzungen zu vermeiden.<br \/>\nKein Spielzeug. Au\u00dferhalb Reichweite von Kindern aufbewahren. <\/p>\n<p><strong>Herstellerinformation<\/strong><br \/>\nMelanie Hiller, Fr\u00e4ulein M &#8211; mit Liebe handgemacht, Auf der Windschnur 32, 94469 Deggendorf<br \/>\nEmail: hallo@fraeuleinm.de<\/p>\n","protected":false},"excerpt":{"rendered":"<p><button class=\"wpforms-submit\" onclick=\"window.location.href='#div_anfrage';\">Produkt anfragen<\/button><\/p>\n<div id=\"div_anfrage\">\n<button id=\"div_anfrage_close\" class=\"wpforms-submit\" onclick=\"window.location.href='#';\">Schlie\u00dfen<\/button><\/p>\n<div>\n[wpforms id=\"390\" title=\"true\"]\n<\/div>\n<\/div>\n","protected":false},"featured_media":793,"template":"","meta":[],"product_brand":[],"product_cat":[45,47,34],"product_tag":[],"class_list":{"0":"post-785","1":"product","2":"type-product","3":"status-publish","4":"has-post-thumbnail","6":"product_cat-besonderesausholz","7":"product_cat-geschenkideen","8":"product_cat-hochzeit","10":"first","11":"instock","12":"shipping-taxable","13":"product-type-grouped"},"_links":{"self":[{"href":"https:\/\/fraeuleinm.de\/index.php?rest_route=\/wp\/v2\/product\/785","targetHints":{"allow":["GET"]}}],"collection":[{"href":"https:\/\/fraeuleinm.de\/index.php?rest_route=\/wp\/v2\/product"}],"about":[{"href":"https:\/\/fraeuleinm.de\/index.php?rest_route=\/wp\/v2\/types\/product"}],"wp:featuredmedia":[{"embeddable":true,"href":"https:\/\/fraeuleinm.de\/index.php?rest_route=\/wp\/v2\/media\/793"}],"wp:attachment":[{"href":"https:\/\/fraeuleinm.de\/index.php?rest_route=%2Fwp%2Fv2%2Fmedia&parent=785"}],"wp:term":[{"taxonomy":"product_brand","embeddable":true,"href":"https:\/\/fraeuleinm.de\/index.php?rest_route=%2Fwp%2Fv2%2Fproduct_brand&post=785"},{"taxonomy":"product_cat","embeddable":true,"href":"https:\/\/fraeuleinm.de\/index.php?rest_route=%2Fwp%2Fv2%2Fproduct_cat&post=785"},{"taxonomy":"product_tag","embeddable":true,"href":"https:\/\/fraeuleinm.de\/index.php?rest_route=%2Fwp%2Fv2%2Fproduct_tag&post=785"}],"curies":[{"name":"wp","href":"https:\/\/api.w.org\/{rel}","templated":true}]}}