{"id":794,"date":"2025-02-16T18:48:50","date_gmt":"2025-02-16T16:48:50","guid":{"rendered":"https:\/\/fraeuleinm.de\/?post_type=product&#038;p=794"},"modified":"2026-02-16T14:40:57","modified_gmt":"2026-02-16T12:40:57","slug":"erinnerungsbox-personalisiert-geburt-3490-e","status":"publish","type":"product","link":"https:\/\/fraeuleinm.de\/?product=erinnerungsbox-personalisiert-geburt-3490-e","title":{"rendered":"Wundervolle Erinnerungsbox &#8218;Eukalyptus Loop&#8217;| personalisiert | 34,90 \u20ac"},"content":{"rendered":"<p>Halte die kostbaren Erinnerungen an die ersten Momente Deines Kindes in einer einzigartigen Erinnerungsbox fest! Unsere liebevoll gestaltete Holzbox wird individuell f\u00fcr Sie graviert und bietet Platz f\u00fcr all die kleinen Sch\u00e4tze, die Du f\u00fcr immer bewahren m\u00f6chtest.<\/p>\n<p>Jede Box wird mit dem Namen Deines Kindes, dem Geburtsdatum, der Uhrzeit und dem Gewicht personalisiert \u2013 so wird sie zu einem ganz besonderen Unikat.<\/p>\n<p>Die hochwertige Verarbeitung und das nat\u00fcrliche Holz verleihen der Box nicht nur eine zeitlose Eleganz, sondern machen sie auch zu einem wundersch\u00f6nen Dekorationsst\u00fcck f\u00fcr das Kinderzimmer. Ob als Geschenk zur Geburt, zur Taufe oder als liebevolle Erinnerung f\u00fcr die eigene Familie \u2013 diese Erinnerungsbox ist ein emotionales Highlight, das Generationen \u00fcberdauert.<\/p>\n<p>Schaffe einen bleibenden Schatz voller Erinnerungen!<\/p>\n<p>M\u00f6chtest Du gerne ein anderes Motiv? &#8211; Dann nimm doch gerne Kontakt mit uns auf. Gemeinsam gestalten wir Deine individuelle Erinnerungsbox!<\/p>\n<p><strong>Details<\/strong><br \/>\nMaterial: Birkensperrholz<br \/>\nveredelt mittels Lasergravur<br \/>\nAbmessungen au\u00dfen 38x128x10,3cm<br \/>\nAbmessungen innen 36x9x9cm<br \/>\nGewicht 1,2 kg<br \/>\nRahmen und Boden genagelt<br \/>\nDeckel mit Ausziehleiste versehen<br \/>\nRahmen 8 mm stark, Boden und Deckel 3 mm stark<br \/>\nHergestellt in Deutschland<\/p>\n<p><strong>Hinweis:<\/strong><br \/>\nDa das Produkt personalisiert ist und extra f\u00fcr Dich angefertigt wird, ist eine R\u00fcckgabe nicht m\u00f6glich. Bei Reklamationen kannst Du aber gerne Kontakt mit uns aufnehmen.<\/p>\n<p>Holz ist ein Naturprodukt. Kleine Unterschiede hinsichtlich der Farben des Holzes oder der Maserung stellen daher keinen Reklamationsgrund dar.<br \/>\nDu erwirbst hier die Holzkiste ohne Inhalt.<\/p>\n<p><strong>Warn- und Sicherheitshinweise<\/strong><br \/>\nHolz kann splittern und Feuer fangen. Daher von Feuer, Hitzequellen aber auch von Feuchtigkeit fernhalten.<br \/>\nNicht geeignet f\u00fcr Kleinkinder. Kein Spielzeug. Regelm\u00e4\u00dfig auf Besch\u00e4digungen und Splitter kontrollieren. <\/p>\n<p><strong>Herstellerinformation<\/strong><br \/>\nMelanie Hiller, Fr\u00e4ulein M &#8211; mit Liebe handgemacht, Auf der Windschnur 32, 94469 Deggendorf<br \/>\nEmail: hallo@fraeuleinm.de<\/p>\n","protected":false},"excerpt":{"rendered":"<p><button class=\"wpforms-submit\" onclick=\"window.location.href='#div_anfrage';\">Produkt anfragen<\/button><\/p>\n<div id=\"div_anfrage\">\n<button id=\"div_anfrage_close\" class=\"wpforms-submit\" onclick=\"window.location.href='#';\">Schlie\u00dfen<\/button><\/p>\n<div>\n[wpforms id=\"390\" title=\"true\"]\n<\/div>\n<\/div>\n","protected":false},"featured_media":810,"template":"","meta":[],"product_brand":[],"product_cat":[43,45,51],"product_tag":[],"class_list":{"0":"post-794","1":"product","2":"type-product","3":"status-publish","4":"has-post-thumbnail","6":"product_cat-baby-kinderecke","7":"product_cat-besonderesausholz","8":"product_cat-geburt-taufe-kommunion","10":"first","11":"instock","12":"shipping-taxable","13":"product-type-grouped"},"_links":{"self":[{"href":"https:\/\/fraeuleinm.de\/index.php?rest_route=\/wp\/v2\/product\/794","targetHints":{"allow":["GET"]}}],"collection":[{"href":"https:\/\/fraeuleinm.de\/index.php?rest_route=\/wp\/v2\/product"}],"about":[{"href":"https:\/\/fraeuleinm.de\/index.php?rest_route=\/wp\/v2\/types\/product"}],"wp:featuredmedia":[{"embeddable":true,"href":"https:\/\/fraeuleinm.de\/index.php?rest_route=\/wp\/v2\/media\/810"}],"wp:attachment":[{"href":"https:\/\/fraeuleinm.de\/index.php?rest_route=%2Fwp%2Fv2%2Fmedia&parent=794"}],"wp:term":[{"taxonomy":"product_brand","embeddable":true,"href":"https:\/\/fraeuleinm.de\/index.php?rest_route=%2Fwp%2Fv2%2Fproduct_brand&post=794"},{"taxonomy":"product_cat","embeddable":true,"href":"https:\/\/fraeuleinm.de\/index.php?rest_route=%2Fwp%2Fv2%2Fproduct_cat&post=794"},{"taxonomy":"product_tag","embeddable":true,"href":"https:\/\/fraeuleinm.de\/index.php?rest_route=%2Fwp%2Fv2%2Fproduct_tag&post=794"}],"curies":[{"name":"wp","href":"https:\/\/api.w.org\/{rel}","templated":true}]}}