{"id":859,"date":"2025-04-04T21:07:36","date_gmt":"2025-04-04T19:07:36","guid":{"rendered":"https:\/\/fraeuleinm.de\/?post_type=product&#038;p=859"},"modified":"2026-02-16T13:33:13","modified_gmt":"2026-02-16T11:33:13","slug":"keramiktasse-superopa-mit-korksockel-und-deckel-1890-e","status":"publish","type":"product","link":"https:\/\/fraeuleinm.de\/?product=keramiktasse-superopa-mit-korksockel-und-deckel-1890-e","title":{"rendered":"Keramiktasse &#8222;Superopa&#8220; | mit Korksockel und Deckel | 18,90 \u20ac"},"content":{"rendered":"<p>Keramiktasse \u201eSuperopa\u201c \u2013 Der perfekte Begleiter f\u00fcr den besten Opa!<\/p>\n<p>\u00dcberrasche den Superhelden in Deinem\/Euren Leben mit unserer stilvollen Keramiktasse, die nicht nur funktional, sondern auch ein echtes Statement ist! Mit dem charmanten Aufdruck \u201eSuperopa\u201c wird diese Tasse zum idealen Geschenk f\u00fcr Opas die ihre Familie lieben und jeden Tag ihr Bestes f\u00fcr sie geben.<\/p>\n<p>Die Tasse besticht durch ihr modernes Design und den praktischen Korksockel, der nicht nur f\u00fcr einen sicheren Halt sorgt, sondern auch die Tischoberfl\u00e4che schont. Der passende Deckel h\u00e4lt hei\u00dfe Getr\u00e4nke l\u00e4nger warm \u2013 perfekt f\u00fcr den hektischen Alltag eines Superopas!<\/p>\n<p>Ob beim morgendlichen Kaffee, beim entspannten Tee am Nachmittag oder als stilvolles Accessoire im Alltag \u2013 diese Tasse ist der ideale Begleiter f\u00fcr jeden Moment. Sie eignet sich hervorragend als Geschenk zum Vatertag, Geburtstag oder einfach als kleine Aufmerksamkeit, um \u201eDanke\u201c zu sagen. Ein L\u00e4cheln voller Freude gibt&#8217;s garantiert.<\/p>\n<p><strong>Details:<\/strong><br \/>\nFassungsvolumen: ca. 330 ml<br \/>\nMaterial: Keramik, Korksockel, Kunststoffdeckel (Korksockel und Deckel sind abnehmbar)<br \/>\nGewicht: 440g<br \/>\nHergestellt in Deutschland.<\/p>\n<p><strong>Warn- und Sicherheitshinweise:<\/strong><br \/>\nNach Abnahme von Korksockel und Deckel ist die Tasse sp\u00fclmaschinen- und mikrowellengeeignet. Es wird jedoch Handw\u00e4sche empfohlen.<br \/>\nVor dem ersten Gebrauch sp\u00fclen. Vor jedem Gebrauch auf Besch\u00e4digungen \u00fcberpr\u00fcfen. Tasse kann je nach Inhalt hei\u00df werden. Tasse kann brechen- Verletzungsgefahr! Kein Spielzeug und nicht f\u00fcr Kinder ohne Beaufsichtigung geeignet.<\/p>\n<p><strong>Herstellerinformation<\/strong><br \/>\nMelanie Hiller, Fr\u00e4ulein M &#8211; mit Liebe handgemacht, Auf der Windschnur 32, 94469 Deggendorf<br \/>\nEmail: hallo@fraeuleinm.de<\/p>\n","protected":false},"excerpt":{"rendered":"<p><button class=\"wpforms-submit\" onclick=\"window.location.href='#div_anfrage';\">Produkt anfragen<\/button><\/p>\n<div id=\"div_anfrage\">\n<button id=\"div_anfrage_close\" class=\"wpforms-submit\" onclick=\"window.location.href='#';\">Schlie\u00dfen<\/button><\/p>\n<div>\n[wpforms id=\"390\" title=\"true\"]\n<\/div>\n<\/div>\n","protected":false},"featured_media":852,"template":"","meta":[],"product_brand":[],"product_cat":[35,49],"product_tag":[],"class_list":{"0":"post-859","1":"product","2":"type-product","3":"status-publish","4":"has-post-thumbnail","6":"product_cat-muttertag-vatertag","7":"product_cat-tassen-becher","9":"first","10":"instock","11":"shipping-taxable","12":"product-type-grouped"},"_links":{"self":[{"href":"https:\/\/fraeuleinm.de\/index.php?rest_route=\/wp\/v2\/product\/859","targetHints":{"allow":["GET"]}}],"collection":[{"href":"https:\/\/fraeuleinm.de\/index.php?rest_route=\/wp\/v2\/product"}],"about":[{"href":"https:\/\/fraeuleinm.de\/index.php?rest_route=\/wp\/v2\/types\/product"}],"wp:featuredmedia":[{"embeddable":true,"href":"https:\/\/fraeuleinm.de\/index.php?rest_route=\/wp\/v2\/media\/852"}],"wp:attachment":[{"href":"https:\/\/fraeuleinm.de\/index.php?rest_route=%2Fwp%2Fv2%2Fmedia&parent=859"}],"wp:term":[{"taxonomy":"product_brand","embeddable":true,"href":"https:\/\/fraeuleinm.de\/index.php?rest_route=%2Fwp%2Fv2%2Fproduct_brand&post=859"},{"taxonomy":"product_cat","embeddable":true,"href":"https:\/\/fraeuleinm.de\/index.php?rest_route=%2Fwp%2Fv2%2Fproduct_cat&post=859"},{"taxonomy":"product_tag","embeddable":true,"href":"https:\/\/fraeuleinm.de\/index.php?rest_route=%2Fwp%2Fv2%2Fproduct_tag&post=859"}],"curies":[{"name":"wp","href":"https:\/\/api.w.org\/{rel}","templated":true}]}}