{"id":864,"date":"2025-04-04T21:21:18","date_gmt":"2025-04-04T19:21:18","guid":{"rendered":"https:\/\/fraeuleinm.de\/?post_type=product&#038;p=864"},"modified":"2026-02-16T00:26:06","modified_gmt":"2026-02-15T22:26:06","slug":"emailletasse-bauernhofviecha-1690-e","status":"publish","type":"product","link":"https:\/\/fraeuleinm.de\/?product=emailletasse-bauernhofviecha-1690-e","title":{"rendered":"Emailletasse &#8222;Bauernhofviecha&#8220; | Kinderhaferl | 16,90 \u20ac"},"content":{"rendered":"<p>Emailletasse &#8222;Bauernhofviecha&#8220; \u2013 Das perfekte Geschenk f\u00fcr Kinder<\/p>\n<p>Die erste eigene Tasse \u2013 ein ganz besonderer Moment! Unsere Emailletasse &#8222;Bauernhofviecha&#8220; ist das ideale Geschenk f\u00fcr kleine Entdecker. Mit charmanten Aquarell-Bauernhofmotiven und und den bayerischen Begriffen, bringt dieser Becher doch einfach nur Freude.<\/p>\n<p>Dank des robusten Emaille-Materials ist die Tasse besonders widerstandsf\u00e4hig und unzerbrechlich \u2013 perfekt f\u00fcr die ersten eigenen Trinkmomente. Egal ob f\u00fcr Kakao, Saft oder Wasser \u2013 der Becher begleitet die Kinder auf ihren ersten Abenteuern und wird zu einem treuen Begleiter im Alltag.<\/p>\n<p>Ob zum Geburtstag, als kleines Mitbringsel oder f\u00fcr den ersten KiTa-Tag \u2013 dieser Becher ist ein sch\u00f6nes und praktisches Geschenk, das mit seinen fr\u00f6hlichen Farben und der stabilen Qualit\u00e4t garantiert lange Freude bereitet. Ein ganz besonderes Erinnerungsst\u00fcck f\u00fcr die Kleinsten!<\/p>\n<p><strong>Details:<\/strong><br \/>\nFassungsvolumen: 300 ml<br \/>\nMaterial: Emaille<br \/>\nGewicht: 172g<br \/>\nHergestellt in Deutschland.<\/p>\n<p><strong>Warn- und Sicherheitshinweise: <\/strong><br \/>\nSp\u00fclmaschinengeeignet, es wird jedoch Handw\u00e4sche empfohlen. Nicht mikrowellengeeignet.<br \/>\nVor dem ersten Gebrauch sp\u00fclen. Vor jedem Gebrauch auf Besch\u00e4digungen \u00fcberpr\u00fcfen. Tasse kann je nach Inhalt hei\u00df werden.<\/p>\n<p><strong>Hinweis:<\/strong> Farbabweichungen zu den hier dargestellten Bildern k\u00f6nnen entstehen. Diese stellen keinen Reklamationsgrund dar.<\/p>\n<p><strong>Herstellerinformation<\/strong><br \/>\nMelanie Hiller, Fr\u00e4ulein M &#8211; mit Liebe handgemacht, Auf der Windschnur 32, 94469 Deggendorf<br \/>\nEmail: hallo@fraeuleinm.de<\/p>\n","protected":false},"excerpt":{"rendered":"<p><button class=\"wpforms-submit\" onclick=\"window.location.href='#div_anfrage';\">Produkt anfragen<\/button><\/p>\n<div id=\"div_anfrage\">\n<button id=\"div_anfrage_close\" class=\"wpforms-submit\" onclick=\"window.location.href='#';\">Schlie\u00dfen<\/button><\/p>\n<div>\n[wpforms id=\"390\" title=\"true\"]\n<\/div>\n<\/div>\n","protected":false},"featured_media":865,"template":"","meta":[],"product_brand":[],"product_cat":[43,49],"product_tag":[],"class_list":{"0":"post-864","1":"product","2":"type-product","3":"status-publish","4":"has-post-thumbnail","6":"product_cat-baby-kinderecke","7":"product_cat-tassen-becher","9":"first","10":"instock","11":"shipping-taxable","12":"product-type-grouped"},"_links":{"self":[{"href":"https:\/\/fraeuleinm.de\/index.php?rest_route=\/wp\/v2\/product\/864","targetHints":{"allow":["GET"]}}],"collection":[{"href":"https:\/\/fraeuleinm.de\/index.php?rest_route=\/wp\/v2\/product"}],"about":[{"href":"https:\/\/fraeuleinm.de\/index.php?rest_route=\/wp\/v2\/types\/product"}],"wp:featuredmedia":[{"embeddable":true,"href":"https:\/\/fraeuleinm.de\/index.php?rest_route=\/wp\/v2\/media\/865"}],"wp:attachment":[{"href":"https:\/\/fraeuleinm.de\/index.php?rest_route=%2Fwp%2Fv2%2Fmedia&parent=864"}],"wp:term":[{"taxonomy":"product_brand","embeddable":true,"href":"https:\/\/fraeuleinm.de\/index.php?rest_route=%2Fwp%2Fv2%2Fproduct_brand&post=864"},{"taxonomy":"product_cat","embeddable":true,"href":"https:\/\/fraeuleinm.de\/index.php?rest_route=%2Fwp%2Fv2%2Fproduct_cat&post=864"},{"taxonomy":"product_tag","embeddable":true,"href":"https:\/\/fraeuleinm.de\/index.php?rest_route=%2Fwp%2Fv2%2Fproduct_tag&post=864"}],"curies":[{"name":"wp","href":"https:\/\/api.w.org\/{rel}","templated":true}]}}