{"id":881,"date":"2025-04-07T21:39:09","date_gmt":"2025-04-07T19:39:09","guid":{"rendered":"https:\/\/fraeuleinm.de\/?post_type=product&#038;p=881"},"modified":"2026-02-15T23:59:48","modified_gmt":"2026-02-15T21:59:48","slug":"brotzeitbrettchen-fruehstuecksbrettchen-woidviecha","status":"publish","type":"product","link":"https:\/\/fraeuleinm.de\/?product=brotzeitbrettchen-fruehstuecksbrettchen-woidviecha","title":{"rendered":"Brotzeitbrettchen | Fr\u00fchst\u00fccksbrettchen &#8218;Woidviecha&#8216; | 16,90 \u20ac"},"content":{"rendered":"<p>Unser Fr\u00fchst\u00fccks- oder Brotzeitbrettchen f\u00fcr Kinder bringt den Zauber des Waldes direkt auf den Esstisch! Mit niedlichen Motiven von heimischen Waldtieren \u2013 wie Reh, Eichh\u00f6rnchen und Hase \u2013 und den dazugeh\u00f6rigen bayerischen Begriffen macht das Fr\u00fchst\u00fcck noch mehr Spa\u00df. Die kinderfreundliche Gestaltung l\u00e4dt kleine Entdecker ein, spielerisch die Welt der Tiere und die bayerische Sprache zu entdecken. Ideal f\u00fcr eine fr\u00f6hliche Brotzeit oder als Geschenk f\u00fcr die Kleinen \u2013 so wird jede Mahlzeit zum Abenteuer!<\/p>\n<p><strong>Details:<\/strong><br \/>\nMaterial: Buche<br \/>\nMa\u00dfe: 22,5x15x1,2 cm<br \/>\nHergestellt in Deutschland.<\/p>\n<p><strong>Warn- und Sicherheitshinweise:<\/strong><br \/>\nNicht sp\u00fclmaschinengeeignet (hohe Temperaturen besch\u00e4digen die Oberfl\u00e4che). Nur mit warmem Wasser und mildem Sp\u00fclmittel reinigen. Nicht in Wasser einweichen.<br \/>\nVor dem ersten Gebrauch sp\u00fclen und mit Lein\u00f6l einreiben. Vor jedem Gebrauch auf Besch\u00e4digungen \u00fcberpr\u00fcfen (Holzsplitter). Regelm\u00e4\u00dfig pflegen und mit Lein\u00f6l einreiben.<\/p>\n<p><strong>Herstellerinformation<\/strong><br \/>\nMelanie Hiller, Fr\u00e4ulein M &#8211; mit Liebe handgemacht, Auf der Windschnur 32, 94469 Deggendorf<br \/>\nEmail: hallo@fraeuleinm.de<\/p>\n","protected":false},"excerpt":{"rendered":"<p><button class=\"wpforms-submit\" onclick=\"window.location.href='#div_anfrage';\">Produkt anfragen<\/button><\/p>\n<div id=\"div_anfrage\">\n<button id=\"div_anfrage_close\" class=\"wpforms-submit\" onclick=\"window.location.href='#';\">Schlie\u00dfen<\/button><\/p>\n<div>\n[wpforms id=\"390\" title=\"true\"]\n<\/div>\n<\/div>\n","protected":false},"featured_media":882,"template":"","meta":[],"product_brand":[],"product_cat":[43,45],"product_tag":[],"class_list":{"0":"post-881","1":"product","2":"type-product","3":"status-publish","4":"has-post-thumbnail","6":"product_cat-baby-kinderecke","7":"product_cat-besonderesausholz","9":"first","10":"instock","11":"shipping-taxable","12":"product-type-grouped"},"_links":{"self":[{"href":"https:\/\/fraeuleinm.de\/index.php?rest_route=\/wp\/v2\/product\/881","targetHints":{"allow":["GET"]}}],"collection":[{"href":"https:\/\/fraeuleinm.de\/index.php?rest_route=\/wp\/v2\/product"}],"about":[{"href":"https:\/\/fraeuleinm.de\/index.php?rest_route=\/wp\/v2\/types\/product"}],"wp:featuredmedia":[{"embeddable":true,"href":"https:\/\/fraeuleinm.de\/index.php?rest_route=\/wp\/v2\/media\/882"}],"wp:attachment":[{"href":"https:\/\/fraeuleinm.de\/index.php?rest_route=%2Fwp%2Fv2%2Fmedia&parent=881"}],"wp:term":[{"taxonomy":"product_brand","embeddable":true,"href":"https:\/\/fraeuleinm.de\/index.php?rest_route=%2Fwp%2Fv2%2Fproduct_brand&post=881"},{"taxonomy":"product_cat","embeddable":true,"href":"https:\/\/fraeuleinm.de\/index.php?rest_route=%2Fwp%2Fv2%2Fproduct_cat&post=881"},{"taxonomy":"product_tag","embeddable":true,"href":"https:\/\/fraeuleinm.de\/index.php?rest_route=%2Fwp%2Fv2%2Fproduct_tag&post=881"}],"curies":[{"name":"wp","href":"https:\/\/api.w.org\/{rel}","templated":true}]}}