{"id":906,"date":"2025-11-07T21:34:01","date_gmt":"2025-11-07T19:34:01","guid":{"rendered":"https:\/\/fraeuleinm.de\/?post_type=product&#038;p=906"},"modified":"2026-02-16T00:15:32","modified_gmt":"2026-02-15T22:15:32","slug":"nikolausstrumpf-personalisiert-1490-e","status":"publish","type":"product","link":"https:\/\/fraeuleinm.de\/?product=nikolausstrumpf-personalisiert-1490-e","title":{"rendered":"Nikolausstrumpf | personalisiert | 14,90 \u20ac"},"content":{"rendered":"<p>Personalisierter Nikolausstrumpf \u2013 mit Liebe gemacht f\u00fcr strahlende Augen!<\/p>\n<p>Der Nikolaus steht vor der T\u00fcr \u2013 und was k\u00f6nnte sch\u00f6ner sein, als die kleinen (und gro\u00dfen!) \u00dcberraschungen in einem liebevoll personalisierten Nikolausstrumpf zu entdecken?<\/p>\n<p>Unser hochwertiger Strumpf wird individuell mit Deinem Wunschnamen veredelt und ist damit ein ganz besonderes Highlight in der Vorweihnachtszeit. Ob f\u00fcr Kinder, Partner, Freunde oder Kollegen \u2013 dieser Strumpf verleiht jedem Geschenk eine pers\u00f6nliche Note und sorgt f\u00fcr festliche Stimmung.<\/p>\n<p>\u2728 Besondere Merkmale:<\/p>\n<p>Personalisierbar mit deinem Wunschname<\/p>\n<p>Liebevoll verarbeitet mit hochwertigen Materialien<\/p>\n<p>Perfekt zum Bef\u00fcllen mit kleinen Geschenken, S\u00fc\u00dfigkeiten oder Botschaften<\/p>\n<p>Wiederverwendbar \u2013 ein Lieblingsst\u00fcck f\u00fcr jedes Jahr aufs Neue<\/p>\n<p>Dekorativer Hingucker an Kamin, Fensterbank, Treppengel\u00e4nder oder an der T\u00fcrklinke<\/p>\n<p>Mach die Nikolauszeit zu etwas ganz Pers\u00f6nlichem \u2013 mit einem Strumpf, der von Herzen kommt und f\u00fcr leuchtende Augen sorgt.<\/p>\n<p><strong>Details:<\/strong><br \/>\nMa\u00dfe ca. 40,6&#215;29 cm, Aufh\u00e4nger 8,5 cm<br \/>\nMaterial: Baumwolle und Leinen<br \/>\nHergestellt in Deutschland.<\/p>\n<p><strong>Hinweise: <\/strong><br \/>\nBitte beachte, dass es beim Nikolausstrumpf zu kleinen Abweichungen kommen kann. Der Strumpf wird von einem externen H\u00e4ndler bezogen bevor er von uns veredelt wird, sodass wir nicht garantieren k\u00f6nnen, dass stets das gleiche Modell verf\u00fcgbar ist. Wir bem\u00fchen uns jedoch, stets eine gleichwertige Alternative anbieten zu k\u00f6nnen. Die Gr\u00f6\u00dfe bleibt gleich.<br \/>\nFarbabweichungen zu den hier dargestellten Bildern k\u00f6nnen entstehen. Diese stellen keinen Reklamationsgrund dar.<\/p>\n<p><strong>Warn- und Sicherheitshinweise:<\/strong><br \/>\n&#8211; Von Feuer fernhalten: Jute ist leicht entflammbar. Halte den Strumpf daher unbedingt fern von Kerzen, Kaminen, Hitzequellen und   Lichterketten mit Gl\u00fchbirnen.<br \/>\n&#8211; dekorieren nur mit LED-Lichter mit niedriger Spannung und \u00dcberhitzungsschutz.<br \/>\n&#8211; Kontrolliere regelm\u00e4\u00dfig die N\u00e4hte, besonders wenn der Strumpf schwer bef\u00fcllt wird.<br \/>\n&#8211; Achte darauf, dass Metallhaken oder Aufh\u00e4ngungen keine Spitzen haben, um Verletzungen zu vermeiden.<br \/>\n&#8211; Nutze stabile Haken, um ein Herabfallen auf Kinder oder Tiere zu verhindern.<br \/>\n&#8211; Neue Juteprodukte k\u00f6nnen einen Eigengeruch haben. L\u00fcfte sie vor der Verwendung aus.<br \/>\n&#8211; Au\u00dferhalb der Reichweite von Kindern aufh\u00e4ngen.<br \/>\n&#8211; Trocken lagern<br \/>\n&#8211; Nicht waschen: Jute verliert bei Wasserkontakt Form und Stabilit\u00e4t. <\/p>\n<p><strong>Herstellerinformation<\/strong><br \/>\nMelanie Hiller, Fr\u00e4ulein M &#8211; mit Liebe handgemacht, Auf der Windschnur 32, 94469 Deggendorf<br \/>\nEmail: hallo@fraeuleinm.de<\/p>\n","protected":false},"excerpt":{"rendered":"<p><button class=\"wpforms-submit\" onclick=\"window.location.href='#div_anfrage';\">Produkt anfragen<\/button><\/p>\n<div id=\"div_anfrage\">\n<button id=\"div_anfrage_close\" class=\"wpforms-submit\" onclick=\"window.location.href='#';\">Schlie\u00dfen<\/button><\/p>\n<div>\n[wpforms id=\"390\" title=\"true\"]\n<\/div>\n<\/div>\n","protected":false},"featured_media":907,"template":"","meta":[],"product_brand":[],"product_cat":[33],"product_tag":[],"class_list":{"0":"post-906","1":"product","2":"type-product","3":"status-publish","4":"has-post-thumbnail","6":"product_cat-weihnachten","8":"first","9":"instock","10":"shipping-taxable","11":"product-type-grouped"},"_links":{"self":[{"href":"https:\/\/fraeuleinm.de\/index.php?rest_route=\/wp\/v2\/product\/906","targetHints":{"allow":["GET"]}}],"collection":[{"href":"https:\/\/fraeuleinm.de\/index.php?rest_route=\/wp\/v2\/product"}],"about":[{"href":"https:\/\/fraeuleinm.de\/index.php?rest_route=\/wp\/v2\/types\/product"}],"wp:featuredmedia":[{"embeddable":true,"href":"https:\/\/fraeuleinm.de\/index.php?rest_route=\/wp\/v2\/media\/907"}],"wp:attachment":[{"href":"https:\/\/fraeuleinm.de\/index.php?rest_route=%2Fwp%2Fv2%2Fmedia&parent=906"}],"wp:term":[{"taxonomy":"product_brand","embeddable":true,"href":"https:\/\/fraeuleinm.de\/index.php?rest_route=%2Fwp%2Fv2%2Fproduct_brand&post=906"},{"taxonomy":"product_cat","embeddable":true,"href":"https:\/\/fraeuleinm.de\/index.php?rest_route=%2Fwp%2Fv2%2Fproduct_cat&post=906"},{"taxonomy":"product_tag","embeddable":true,"href":"https:\/\/fraeuleinm.de\/index.php?rest_route=%2Fwp%2Fv2%2Fproduct_tag&post=906"}],"curies":[{"name":"wp","href":"https:\/\/api.w.org\/{rel}","templated":true}]}}